{"id":45,"date":"2022-10-04T14:12:27","date_gmt":"2022-10-04T12:12:27","guid":{"rendered":"https:\/\/www.cybertron.berlin\/?page_id=45"},"modified":"2023-02-08T15:31:17","modified_gmt":"2023-02-08T14:31:17","slug":"kontakt","status":"publish","type":"page","link":"https:\/\/www.cybertron.berlin\/de\/kontakt\/","title":{"rendered":"Kontakt"},"content":{"rendered":"<div id=\"pl-45\"  class=\"panel-layout\" ><div id=\"pg-45-0\"  class=\"panel-grid panel-has-style\" ><div class=\"uk-background-muted fn-panel-row-reverse-mobile siteorigin-panels-stretch panel-row-style panel-row-style-for-45-0\" data-stretch-type=\"full\" ><div id=\"pgc-45-0-0\"  class=\"panel-grid-cell\" ><div id=\"panel-45-0-0-0\" class=\"so-panel widget widget_sow-editor panel-first-child panel-last-child\" data-index=\"0\" ><div\n\t\t\t\n\t\t\tclass=\"so-widget-sow-editor so-widget-sow-editor-base\"\n\t\t\t\n\t\t>\n<div class=\"siteorigin-widget-tinymce textwidget\">\n\t<h1>Treten Sie mit CYBERTRON in Kontakt!<\/h1>\n<p class=\"uk-text-large\">Alle wichtigen Daten auf einen Blick<\/p>\n<p>Vom Anfahrtsplan \u00fcber ein praktisches Online-Formular bis hin zur Firmenadresse. CYBERTRON hat alle wichtigen Informationen kompakt und \u00fcbersichtlich f\u00fcr Sie zusammengefasst.<\/p>\n<p>Wie k\u00f6nnen Sie CYBERTRON in Berlin erreichen? Auf diese Frage gibt es gleich mehrere Antworten. Ob schriftlich oder telefonisch, das engagierte Team des Berliner Unternehmens freut sich auf Ihre Anfrage!<\/p>\n<\/div>\n<\/div><\/div><\/div><div id=\"pgc-45-0-1\"  class=\"panel-grid-cell\" ><div id=\"panel-45-0-1-0\" class=\"so-panel widget widget_sow-editor panel-first-child panel-last-child\" data-index=\"1\" ><div class=\"panel-widget-style panel-widget-style-for-45-0-1-0\" ><div\n\t\t\t\n\t\t\tclass=\"so-widget-sow-editor so-widget-sow-editor-base\"\n\t\t\t\n\t\t>\n<div class=\"siteorigin-widget-tinymce textwidget\">\n\t<i class=\"fas fa-user-headset fn-icon-large uk-text-primary\"><\/i>\n<\/div>\n<\/div><\/div><\/div><\/div><\/div><\/div><div id=\"pg-45-1\"  class=\"panel-grid panel-no-style\" ><div id=\"pgc-45-1-0\"  class=\"panel-grid-cell\" ><div id=\"panel-45-1-0-0\" class=\"so-panel widget widget_siteorigin-panels-builder panel-first-child panel-last-child\" data-index=\"2\" ><div id=\"pl-w637ca66044281\"  class=\"panel-layout\" ><div id=\"pg-w637ca66044281-0\"  class=\"panel-grid panel-has-style\" ><div class=\"fn-panel-primary uk-light uk-padding panel-row-style panel-row-style-for-w637ca66044281-0\" ><div id=\"pgc-w637ca66044281-0-0\"  class=\"panel-grid-cell\" ><div id=\"panel-w637ca66044281-0-0-0\" class=\"so-panel widget widget_sow-editor panel-first-child\" data-index=\"0\" ><div\n\t\t\t\n\t\t\tclass=\"so-widget-sow-editor so-widget-sow-editor-base\"\n\t\t\t\n\t\t>\n<div class=\"siteorigin-widget-tinymce textwidget\">\n\t<h3>Standort<\/h3>\n<p>Cybertron Gesellschaft f\u00fcr Kinematische Systeme und Laborautomation mbH<br \/>\nHolzhauser Str. 153 - Aufgang C.22<br \/>\n13509 Berlin<\/p>\n<\/div>\n<\/div><\/div><div id=\"panel-w637ca66044281-0-0-1\" class=\"so-panel widget widget_sow-editor panel-last-child\" data-index=\"1\" ><div\n\t\t\t\n\t\t\tclass=\"so-widget-sow-editor so-widget-sow-editor-base\"\n\t\t\t\n\t\t>\n<div class=\"siteorigin-widget-tinymce textwidget\">\n\t<h3>Kontaktdaten<\/h3>\n<p><i class=\"fas fa-phone-alt fa-fw uk-margin-small-right\"><\/i>+49 (0) 30 830 309 35 - 0<br \/>\n<i class=\"fas fa-fax fa-fw uk-margin-small-right\"><\/i>+49 (0) 30 830 309 35 - 1<br \/>\n<i class=\"fas fa-envelope fa-fw uk-margin-small-right\"><\/i><a href=\"mailto:&#105;&#110;&#102;&#111;&#64;&#99;ybe&#114;tro&#110;.&#98;e&#114;lin\">&#105;n&#102;&#111;&#64;cyb&#101;rt&#114;on&#46;&#98;&#101;&#114;&#108;i&#110;<\/a><\/p>\n<\/div>\n<\/div><\/div><\/div><\/div><\/div><\/div><\/div><\/div><div id=\"pgc-45-1-1\"  class=\"panel-grid-cell\" ><div id=\"panel-45-1-1-0\" class=\"so-panel widget widget_sow-editor panel-first-child panel-last-child\" data-index=\"3\" ><div\n\t\t\t\n\t\t\tclass=\"so-widget-sow-editor so-widget-sow-editor-base\"\n\t\t\t\n\t\t>\n<div class=\"siteorigin-widget-tinymce textwidget\">\n\t<h2>Professionelle Unterst\u00fctzung von CYBERTRON in Berlin<\/h2>\n<p>Die erfahrenen Mitarbeiter von CYBERTRON lieben Herausforderungen! Z\u00f6gern Sie deshalb nicht, sich auch mit au\u00dfergew\u00f6hnlichen Projektideen an sie zu wenden. Als kompetente Spezialisten f\u00fcr Ger\u00e4teentwicklung und OEM-Komponenten lassen sich Ihre Vorstellungen, W\u00fcnsche und Anforderungen professionell umsetzen.<\/p>\n<\/div>\n<\/div><\/div><\/div><\/div><div id=\"pg-45-2\"  class=\"panel-grid panel-has-style\" ><div class=\"siteorigin-panels-stretch panel-row-style panel-row-style-for-45-2\" data-stretch-type=\"full-stretched\" ><div id=\"pgc-45-2-0\"  class=\"panel-grid-cell\" ><div id=\"panel-45-2-0-0\" class=\"so-panel widget widget_sow-editor panel-first-child panel-last-child\" data-index=\"4\" ><div\n\t\t\t\n\t\t\tclass=\"so-widget-sow-editor so-widget-sow-editor-base\"\n\t\t\t\n\t\t>\n<div class=\"siteorigin-widget-tinymce textwidget\">\n\t<div class=\"BorlabsCookie _brlbs-cb-openstreetmap\"><div class=\"_brlbs-content-blocker\"> <div class=\"_brlbs-embed\"> <img decoding=\"async\" class=\"_brlbs-thumbnail\" src=\"https:\/\/www.cybertron.berlin\/wp-content\/plugins\/borlabs-cookie\/assets\/images\/cb-maps.png\" alt=\"OpenStreetMap\"> <div class=\"_brlbs-caption\"> <p>Mit dem Laden der Karte akzeptieren Sie die Datenschutzerkl\u00e4rung von OpenStreetMap Foundation.<br><a href=\"https:\/\/wiki.osmfoundation.org\/wiki\/Privacy_Policy\" target=\"_blank\" rel=\"nofollow noopener noreferrer\">Mehr erfahren<\/a><\/p> <p><a class=\"_brlbs-btn\" href=\"#\" data-borlabs-cookie-unblock role=\"button\">Karte laden<\/a><\/p> <p><label><input type=\"checkbox\" name=\"unblockAll\" value=\"1\" checked> <small>OpenStreetMaps immer entsperren<\/small><\/label><\/p> <\/div> <\/div> <\/div><div class=\"borlabs-hide\" data-borlabs-cookie-type=\"content-blocker\" data-borlabs-cookie-id=\"openstreetmap\"><script type=\"text\/template\">PGRpdiBpZD0iZm4tb3NtYXAtNTQ4NiIgY2xhc3M9ImZuLW9zbWFwIHVrLWhlaWdodC1sYXJnZSB1ay13aWR0aC0xLTEgdWstcG9zaXRpb24tcmVsYXRpdmUgdWstcG9zaXRpb24tei1pbmRleCI+PC9kaXY+CiAgICA8bGluayByZWw9InN0eWxlc2hlZXQiIGhyZWY9Imh0dHBzOi8vd3d3LmN5YmVydHJvbi5iZXJsaW4vd3AtY29udGVudC90aGVtZXMvZm4tY3liZXJ0cm9uL2Fzc2V0cy90aGVtZS9jc3MvbGVhZmxldC5jc3MiIC8+CiAgICA8c2NyaXB0IHNyYz0iaHR0cHM6Ly93d3cuY3liZXJ0cm9uLmJlcmxpbi93cC1jb250ZW50L3RoZW1lcy9mbi1jeWJlcnRyb24vYXNzZXRzL3RoZW1lL2pzL2xlYWZsZXQuanMiPjwvc2NyaXB0PgogICAgPHNjcmlwdCB0eXBlPSJ0ZXh0L2phdmFzY3JpcHQiPgogICAgICB2YXIgd2FpdCA9IGZ1bmN0aW9uICgpIHsKICAgICAgICBpZiAodHlwZW9mIEwgIT09ICd1bmRlZmluZWQnKSB7CiAgICAgICAgICB2YXIgbWFwID0gTC5tYXAoJ2ZuLW9zbWFwLTU0ODYnLCB7CiAgICAgICAgICAgIHNjcm9sbFdoZWVsWm9vbTogZmFsc2UsCiAgICAgICAgICB9KS5zZXRWaWV3KFs1Mi41ODU1Nzg1MDc0NDA4NywgMTMuMzEyNTA4ODk2MjQyMjkyXSwgMTMpOwogICAgICAgICAgdmFyIHRpbGVMYXllciA9IEwudGlsZUxheWVyKCdodHRwczovL3RpbGUub3BlbnN0cmVldG1hcC5vcmcve3p9L3t4fS97eX0ucG5nJywgewogICAgICAgICAgICAgIG1heFpvb206IDE5LAogICAgICAgICAgICAgIGF0dHJpYnV0aW9uOiAnJmNvcHk7IDxhIGhyZWY9Imh0dHA6Ly93d3cub3BlbnN0cmVldG1hcC5vcmcvY29weXJpZ2h0Ij5PcGVuU3RyZWV0TWFwPC9hPicKICAgICAgICAgIH0pLmFkZFRvKG1hcCk7CiAgICAgICAgICB2YXIgbWFya2VyID0gTC5tYXJrZXIoWzUyLjU4NTU3ODUwNzQ0MDg3LCAxMy4zMTI1MDg4OTYyNDIyOTJdKS5hZGRUbyhtYXApOwogICAgICAgIH0gZWxzZSB7CiAgICAgICAgICB3aW5kb3cuc2V0VGltZW91dCh3YWl0LCAzMDApOwogICAgICAgIH0KICAgICAgfTsKICAgICAgd2luZG93LnNldFRpbWVvdXQod2FpdCwgMzAwKTsKICAgIDwvc2NyaXB0Pg==<\/script><\/div><\/div>\n<\/div>\n<\/div><\/div><\/div><\/div><\/div><\/div>","protected":false},"excerpt":{"rendered":"<p>Treten Sie mit CYBERTRON in Kontakt! Alle wichtigen Daten auf einen Blick Vom Anfahrtsplan \u00fcber ein praktisches Online-Formular bis hin zur Firmenadresse. CYBERTRON hat alle wichtigen Informationen kompakt und \u00fcbersichtlich f\u00fcr Sie zusammengefasst. Wie k\u00f6nnen Sie CYBERTRON in Berlin erreichen? Auf diese Frage gibt es gleich mehrere Antworten. Ob schriftlich oder telefonisch, das engagierte Team [&hellip;]<\/p>\n","protected":false},"author":1,"featured_media":0,"parent":0,"menu_order":0,"comment_status":"closed","ping_status":"closed","template":"","meta":{"_acf_changed":false,"footnotes":""},"class_list":["post-45","page","type-page","status-publish","hentry"],"acf":[],"yoast_head":"<!-- This site is optimized with the Yoast SEO plugin v26.9 - https:\/\/yoast.com\/product\/yoast-seo-wordpress\/ -->\n<title>Treten Sie mit Cybertron GmbH in Kontakt<\/title>\n<meta name=\"description\" content=\"Ob Anfahrtsplan, Kontaktformular oder Firmenadresse. Cybertron GmbH in Berlin bietet alle wichtigen Informationen auf einen Blick.\" \/>\n<meta name=\"robots\" content=\"index, follow, max-snippet:-1, max-image-preview:large, max-video-preview:-1\" \/>\n<link rel=\"canonical\" href=\"https:\/\/www.cybertron.berlin\/de\/kontakt\/\" \/>\n<meta property=\"og:locale\" content=\"de_DE\" \/>\n<meta property=\"og:type\" content=\"article\" \/>\n<meta property=\"og:title\" content=\"Treten Sie mit Cybertron GmbH in Kontakt\" \/>\n<meta property=\"og:description\" content=\"Ob Anfahrtsplan, Kontaktformular oder Firmenadresse. Cybertron GmbH in Berlin bietet alle wichtigen Informationen auf einen Blick.\" \/>\n<meta property=\"og:url\" content=\"https:\/\/www.cybertron.berlin\/de\/kontakt\/\" \/>\n<meta property=\"og:site_name\" content=\"CYBERTRON\" \/>\n<meta property=\"article:modified_time\" content=\"2023-02-08T14:31:17+00:00\" \/>\n<meta name=\"twitter:card\" content=\"summary_large_image\" \/>\n<meta name=\"twitter:label1\" content=\"Gesch\u00e4tzte Lesezeit\" \/>\n\t<meta name=\"twitter:data1\" content=\"1\u00a0Minute\" \/>\n<script type=\"application\/ld+json\" class=\"yoast-schema-graph\">{\"@context\":\"https:\/\/schema.org\",\"@graph\":[{\"@type\":\"WebPage\",\"@id\":\"https:\/\/www.cybertron.berlin\/de\/kontakt\/\",\"url\":\"https:\/\/www.cybertron.berlin\/de\/kontakt\/\",\"name\":\"Treten Sie mit Cybertron GmbH in Kontakt\",\"isPartOf\":{\"@id\":\"https:\/\/www.cybertron.berlin\/de\/#website\"},\"datePublished\":\"2022-10-04T12:12:27+00:00\",\"dateModified\":\"2023-02-08T14:31:17+00:00\",\"description\":\"Ob Anfahrtsplan, Kontaktformular oder Firmenadresse. Cybertron GmbH in Berlin bietet alle wichtigen Informationen auf einen Blick.\",\"breadcrumb\":{\"@id\":\"https:\/\/www.cybertron.berlin\/de\/kontakt\/#breadcrumb\"},\"inLanguage\":\"de\",\"potentialAction\":[{\"@type\":\"ReadAction\",\"target\":[\"https:\/\/www.cybertron.berlin\/de\/kontakt\/\"]}]},{\"@type\":\"BreadcrumbList\",\"@id\":\"https:\/\/www.cybertron.berlin\/de\/kontakt\/#breadcrumb\",\"itemListElement\":[{\"@type\":\"ListItem\",\"position\":1,\"name\":\"Startseite\",\"item\":\"https:\/\/www.cybertron.berlin\/de\/\"},{\"@type\":\"ListItem\",\"position\":2,\"name\":\"Kontakt\"}]},{\"@type\":\"WebSite\",\"@id\":\"https:\/\/www.cybertron.berlin\/de\/#website\",\"url\":\"https:\/\/www.cybertron.berlin\/de\/\",\"name\":\"CYBERTRON\",\"description\":\"Willkommen bei CYBERTRON in Berlin!\",\"publisher\":{\"@id\":\"https:\/\/www.cybertron.berlin\/de\/#organization\"},\"potentialAction\":[{\"@type\":\"SearchAction\",\"target\":{\"@type\":\"EntryPoint\",\"urlTemplate\":\"https:\/\/www.cybertron.berlin\/de\/?s={search_term_string}\"},\"query-input\":{\"@type\":\"PropertyValueSpecification\",\"valueRequired\":true,\"valueName\":\"search_term_string\"}}],\"inLanguage\":\"de\"},{\"@type\":\"Organization\",\"@id\":\"https:\/\/www.cybertron.berlin\/de\/#organization\",\"name\":\"CYBERTRON GmbH\",\"url\":\"https:\/\/www.cybertron.berlin\/de\/\",\"logo\":{\"@type\":\"ImageObject\",\"inLanguage\":\"de\",\"@id\":\"https:\/\/www.cybertron.berlin\/de\/#\/schema\/logo\/image\/\",\"url\":\"https:\/\/www.cybertron.berlin\/wp-content\/uploads\/Cybertron-Logo.png\",\"contentUrl\":\"https:\/\/www.cybertron.berlin\/wp-content\/uploads\/Cybertron-Logo.png\",\"width\":2126,\"height\":413,\"caption\":\"CYBERTRON GmbH\"},\"image\":{\"@id\":\"https:\/\/www.cybertron.berlin\/de\/#\/schema\/logo\/image\/\"}}]}<\/script>\n<!-- \/ Yoast SEO plugin. -->","yoast_head_json":{"title":"Treten Sie mit Cybertron GmbH in Kontakt","description":"Ob Anfahrtsplan, Kontaktformular oder Firmenadresse. Cybertron GmbH in Berlin bietet alle wichtigen Informationen auf einen Blick.","robots":{"index":"index","follow":"follow","max-snippet":"max-snippet:-1","max-image-preview":"max-image-preview:large","max-video-preview":"max-video-preview:-1"},"canonical":"https:\/\/www.cybertron.berlin\/de\/kontakt\/","og_locale":"de_DE","og_type":"article","og_title":"Treten Sie mit Cybertron GmbH in Kontakt","og_description":"Ob Anfahrtsplan, Kontaktformular oder Firmenadresse. Cybertron GmbH in Berlin bietet alle wichtigen Informationen auf einen Blick.","og_url":"https:\/\/www.cybertron.berlin\/de\/kontakt\/","og_site_name":"CYBERTRON","article_modified_time":"2023-02-08T14:31:17+00:00","twitter_card":"summary_large_image","twitter_misc":{"Gesch\u00e4tzte Lesezeit":"1\u00a0Minute"},"schema":{"@context":"https:\/\/schema.org","@graph":[{"@type":"WebPage","@id":"https:\/\/www.cybertron.berlin\/de\/kontakt\/","url":"https:\/\/www.cybertron.berlin\/de\/kontakt\/","name":"Treten Sie mit Cybertron GmbH in Kontakt","isPartOf":{"@id":"https:\/\/www.cybertron.berlin\/de\/#website"},"datePublished":"2022-10-04T12:12:27+00:00","dateModified":"2023-02-08T14:31:17+00:00","description":"Ob Anfahrtsplan, Kontaktformular oder Firmenadresse. Cybertron GmbH in Berlin bietet alle wichtigen Informationen auf einen Blick.","breadcrumb":{"@id":"https:\/\/www.cybertron.berlin\/de\/kontakt\/#breadcrumb"},"inLanguage":"de","potentialAction":[{"@type":"ReadAction","target":["https:\/\/www.cybertron.berlin\/de\/kontakt\/"]}]},{"@type":"BreadcrumbList","@id":"https:\/\/www.cybertron.berlin\/de\/kontakt\/#breadcrumb","itemListElement":[{"@type":"ListItem","position":1,"name":"Startseite","item":"https:\/\/www.cybertron.berlin\/de\/"},{"@type":"ListItem","position":2,"name":"Kontakt"}]},{"@type":"WebSite","@id":"https:\/\/www.cybertron.berlin\/de\/#website","url":"https:\/\/www.cybertron.berlin\/de\/","name":"CYBERTRON","description":"Willkommen bei CYBERTRON in Berlin!","publisher":{"@id":"https:\/\/www.cybertron.berlin\/de\/#organization"},"potentialAction":[{"@type":"SearchAction","target":{"@type":"EntryPoint","urlTemplate":"https:\/\/www.cybertron.berlin\/de\/?s={search_term_string}"},"query-input":{"@type":"PropertyValueSpecification","valueRequired":true,"valueName":"search_term_string"}}],"inLanguage":"de"},{"@type":"Organization","@id":"https:\/\/www.cybertron.berlin\/de\/#organization","name":"CYBERTRON GmbH","url":"https:\/\/www.cybertron.berlin\/de\/","logo":{"@type":"ImageObject","inLanguage":"de","@id":"https:\/\/www.cybertron.berlin\/de\/#\/schema\/logo\/image\/","url":"https:\/\/www.cybertron.berlin\/wp-content\/uploads\/Cybertron-Logo.png","contentUrl":"https:\/\/www.cybertron.berlin\/wp-content\/uploads\/Cybertron-Logo.png","width":2126,"height":413,"caption":"CYBERTRON GmbH"},"image":{"@id":"https:\/\/www.cybertron.berlin\/de\/#\/schema\/logo\/image\/"}}]}},"_links":{"self":[{"href":"https:\/\/www.cybertron.berlin\/de\/wp-json\/wp\/v2\/pages\/45","targetHints":{"allow":["GET"]}}],"collection":[{"href":"https:\/\/www.cybertron.berlin\/de\/wp-json\/wp\/v2\/pages"}],"about":[{"href":"https:\/\/www.cybertron.berlin\/de\/wp-json\/wp\/v2\/types\/page"}],"author":[{"embeddable":true,"href":"https:\/\/www.cybertron.berlin\/de\/wp-json\/wp\/v2\/users\/1"}],"replies":[{"embeddable":true,"href":"https:\/\/www.cybertron.berlin\/de\/wp-json\/wp\/v2\/comments?post=45"}],"version-history":[{"count":32,"href":"https:\/\/www.cybertron.berlin\/de\/wp-json\/wp\/v2\/pages\/45\/revisions"}],"predecessor-version":[{"id":906,"href":"https:\/\/www.cybertron.berlin\/de\/wp-json\/wp\/v2\/pages\/45\/revisions\/906"}],"wp:attachment":[{"href":"https:\/\/www.cybertron.berlin\/de\/wp-json\/wp\/v2\/media?parent=45"}],"curies":[{"name":"wp","href":"https:\/\/api.w.org\/{rel}","templated":true}]}}