{"id":43,"date":"2022-10-04T14:11:21","date_gmt":"2022-10-04T12:11:21","guid":{"rendered":"https:\/\/www.cybertron.berlin\/?page_id=43"},"modified":"2025-11-06T09:07:42","modified_gmt":"2025-11-06T08:07:42","slug":"downloads","status":"publish","type":"page","link":"https:\/\/www.cybertron.berlin\/de\/downloads\/","title":{"rendered":"Downloads"},"content":{"rendered":"<div id=\"pl-43\"  class=\"panel-layout\" ><div id=\"pg-43-0\"  class=\"panel-grid panel-has-style\" ><div class=\"uk-background-muted fn-panel-row-reverse-mobile siteorigin-panels-stretch panel-row-style panel-row-style-for-43-0\" data-stretch-type=\"full\" ><div id=\"pgc-43-0-0\"  class=\"panel-grid-cell\" ><div id=\"panel-43-0-0-0\" class=\"so-panel widget widget_sow-editor panel-first-child panel-last-child\" data-index=\"0\" ><div\n\t\t\t\n\t\t\tclass=\"so-widget-sow-editor so-widget-sow-editor-base\"\n\t\t\t\n\t\t>\n<div class=\"siteorigin-widget-tinymce textwidget\">\n\t<h1>Downloads der CYBERTRON<\/h1>\n<p class=\"uk-text-large\">Informieren leicht gemacht<\/p>\n<p>Ob Minipipettierplattformen oder \u00b5Move-Achssysteme. Werfen Sie einen Blick auf die kostenlosen Produktinformationen der CYBERTRON GmbH. Und laden Sie sich die PDF-Dateien ganz einfach und bequem auf Ihren PC.<\/p>\n<p>Hier finden Sie ebenfalls unsere Zertifikate zum Download f\u00fcr Ihr Lieferantenmanagement.<\/p>\n<p>CYBERTRON stellt Ihnen eine Auswahl an PDF-Brosch\u00fcren kostenlos zur Verf\u00fcgung. Dabei handelt es sich jedoch nur um einen Querschnitt der vielf\u00e4ltigen technischen M\u00f6glichkeiten des Unternehmens. Deshalb nehmen Sie zur Auslegung eines Systems bitte fr\u00fchzeitig mit den zust\u00e4ndigen Mitarbeitern <a href=\"https:\/\/www.cybertron.berlin\/de\/kontakt\/\">Kontakt<\/a> auf.<\/p>\n<\/div>\n<\/div><\/div><\/div><div id=\"pgc-43-0-1\"  class=\"panel-grid-cell\" ><div id=\"panel-43-0-1-0\" class=\"so-panel widget widget_sow-editor panel-first-child panel-last-child\" data-index=\"1\" ><div class=\"panel-widget-style panel-widget-style-for-43-0-1-0\" ><div\n\t\t\t\n\t\t\tclass=\"so-widget-sow-editor so-widget-sow-editor-base\"\n\t\t\t\n\t\t>\n<div class=\"siteorigin-widget-tinymce textwidget\">\n\t<i class=\"fas fa-copy fn-icon-large uk-text-primary\"><\/i>\n<\/div>\n<\/div><\/div><\/div><\/div><\/div><\/div><div id=\"pg-43-1\"  class=\"panel-grid panel-no-style\" ><div id=\"pgc-43-1-0\"  class=\"panel-grid-cell\" ><div id=\"panel-43-1-0-0\" class=\"so-panel widget widget_sow-editor panel-first-child\" data-index=\"2\" ><div\n\t\t\t\n\t\t\tclass=\"so-widget-sow-editor so-widget-sow-editor-base\"\n\t\t\t\n\t\t>\n<div class=\"siteorigin-widget-tinymce textwidget\">\n\t<h2>\u00dcbersicht der verf\u00fcgbaren PDF-Prospekte &amp; Zertifikate<\/h2>\n<p>Folgendes Informationsmaterial k\u00f6nnen Sie jederzeit im praktischen PDF-Format downloaden:<\/p>\n<\/div>\n<\/div><\/div><div id=\"panel-43-1-0-1\" class=\"so-panel widget widget_sow-editor panel-last-child\" data-index=\"3\" ><div class=\"uk-margin-large-top panel-widget-style panel-widget-style-for-43-1-0-1\" ><div\n\t\t\t\n\t\t\tclass=\"so-widget-sow-editor so-widget-sow-editor-base\"\n\t\t\t\n\t\t>\n<div class=\"siteorigin-widget-tinymce textwidget\">\n\t<div class=\"fn-download\">\n      <div class=\"uk-child-width-1-3@s uk-child-width-1-4@m\" uk-grid><div>\n            <a class=\"uk-display-block uk-padding-small uk-box-shadow-medium\" href=\"https:\/\/www.cybertron.berlin\/wp-content\/uploads\/Z-24-068-S_s.pdf\" target=\"_blank\"><img decoding=\"async\" src=\"\/thumbnail\/Z-24-068-S_s.pdf.jpg\" \/><\/a>\n            <h3 class=\"uk-h5 uk-text-center\">Zertifikat f\u00fcr die ISO 13485<\/h3>\n          <\/div><div>\n            <a class=\"uk-display-block uk-padding-small uk-box-shadow-medium\" href=\"https:\/\/www.cybertron.berlin\/wp-content\/uploads\/Q-24-23573_9001.pdf\" target=\"_blank\"><img decoding=\"async\" src=\"\/thumbnail\/Q-24-23573_9001.pdf.jpg\" \/><\/a>\n            <h3 class=\"uk-h5 uk-text-center\">Zertifikat f\u00fcr die ISO 9001<\/h3>\n          <\/div><div>\n            <a class=\"uk-display-block uk-padding-small uk-box-shadow-medium\" href=\"https:\/\/www.cybertron.berlin\/wp-content\/uploads\/20190221-MPP-S1-8-deutsch-web.pdf\" target=\"_blank\"><img decoding=\"async\" src=\"\/thumbnail\/20190221-MPP-S1-8-deutsch-web.pdf.jpg\" \/><\/a>\n            <h3 class=\"uk-h5 uk-text-center\">Minipipettierplattformen PDF-Prospekt<\/h3>\n          <\/div><div>\n            <a class=\"uk-display-block uk-padding-small uk-box-shadow-medium\" href=\"https:\/\/www.cybertron.berlin\/wp-content\/uploads\/20190221-KK30-S1-2-deutsch-web.pdf\" target=\"_blank\"><img decoding=\"async\" src=\"\/thumbnail\/20190221-KK30-S1-2-deutsch-web.pdf.jpg\" \/><\/a>\n            <h3 class=\"uk-h5 uk-text-center\">Pr\u00e4zisions Kolbenpumpe KK30 PDF-Prospekt<\/h3>\n          <\/div><div>\n            <a class=\"uk-display-block uk-padding-small uk-box-shadow-medium\" href=\"https:\/\/www.cybertron.berlin\/wp-content\/uploads\/20190221-Achssysteme-S1-12-deutsch-web.pdf\" target=\"_blank\"><img decoding=\"async\" src=\"\/thumbnail\/20190221-Achssysteme-S1-12-deutsch-web.pdf.jpg\" \/><\/a>\n            <h3 class=\"uk-h5 uk-text-center\">\u00b5Move-Achssysteme PDF-Prospekt<\/h3>\n          <\/div><div>\n            <a class=\"uk-display-block uk-padding-small uk-box-shadow-medium\" href=\"https:\/\/www.cybertron.berlin\/wp-content\/uploads\/20190507-Geraeteentwicklung-deutsch-web.pdf\" target=\"_blank\"><img decoding=\"async\" src=\"\/thumbnail\/20190507-Geraeteentwicklung-deutsch-web.pdf.jpg\" \/><\/a>\n            <h3 class=\"uk-h5 uk-text-center\">Cybertron Ger\u00e4teentwicklung WebBrosch\u00fcre PDF-Prospekt<\/h3>\n          <\/div><\/div>\n    <\/div>\n<\/div>\n<\/div><\/div><\/div><\/div><\/div><div id=\"pg-43-2\"  class=\"panel-grid panel-has-style\" ><div class=\"uk-background-muted siteorigin-panels-stretch panel-row-style panel-row-style-for-43-2\" data-stretch-type=\"full\" ><div id=\"pgc-43-2-0\"  class=\"panel-grid-cell\" ><div id=\"panel-43-2-0-0\" class=\"so-panel widget widget_sow-editor panel-first-child panel-last-child\" data-index=\"4\" ><div class=\"panel-widget-style panel-widget-style-for-43-2-0-0\" ><div\n\t\t\t\n\t\t\tclass=\"so-widget-sow-editor so-widget-sow-editor-base\"\n\t\t\t\n\t\t>\n<div class=\"siteorigin-widget-tinymce textwidget\">\n\t<i class=\"fas fa-user-headset fn-icon-large uk-text-primary\"><\/i>\n<\/div>\n<\/div><\/div><\/div><\/div><div id=\"pgc-43-2-1\"  class=\"panel-grid-cell\" ><div id=\"panel-43-2-1-0\" class=\"so-panel widget widget_sow-editor panel-first-child\" data-index=\"5\" ><div\n\t\t\t\n\t\t\tclass=\"so-widget-sow-editor so-widget-sow-editor-base\"\n\t\t\t\n\t\t>\n<div class=\"siteorigin-widget-tinymce textwidget\">\n\t<h2>CYBERTRON: Ihre Adresse f\u00fcr moderne Antriebstechnik<\/h2>\n<p>Sie haben nicht das gefunden, wonach Sie gesucht haben? Das engagierte Team der CYBERTRON GmbH hilft Ihnen gerne weiter. Und gibt Ihnen fachkundig Auskunft \u00fcber das gesamte Angebot an Produkten und Dienstleistungen des Berliner Unternehmens. Worauf warten Sie noch? Das Team von CYBERTRON freut sich darauf, von Ihnen zu h\u00f6ren!<\/p>\n<\/div>\n<\/div><\/div><div id=\"panel-43-2-1-1\" class=\"so-panel widget widget_sow-editor panel-last-child\" data-index=\"6\" ><div\n\t\t\t\n\t\t\tclass=\"so-widget-sow-editor so-widget-sow-editor-base\"\n\t\t\t\n\t\t>\n<div class=\"siteorigin-widget-tinymce textwidget\">\n\t<p><a class=\"uk-button uk-button-default\" href=\"https:\/\/www.cybertron.berlin\/de\/kontakt\/\">Kontakt aufnehmen<\/a><\/p>\n<\/div>\n<\/div><\/div><\/div><\/div><\/div><\/div>","protected":false},"excerpt":{"rendered":"<p>Downloads der CYBERTRON Informieren leicht gemacht Ob Minipipettierplattformen oder \u00b5Move-Achssysteme. Werfen Sie einen Blick auf die kostenlosen Produktinformationen der CYBERTRON GmbH. Und laden Sie sich die PDF-Dateien ganz einfach und bequem auf Ihren PC. Hier finden Sie ebenfalls unsere Zertifikate zum Download f\u00fcr Ihr Lieferantenmanagement. CYBERTRON stellt Ihnen eine Auswahl an PDF-Brosch\u00fcren kostenlos zur Verf\u00fcgung. [&hellip;]<\/p>\n","protected":false},"author":1,"featured_media":0,"parent":0,"menu_order":0,"comment_status":"closed","ping_status":"closed","template":"","meta":{"_acf_changed":false,"footnotes":""},"class_list":["post-43","page","type-page","status-publish","hentry"],"acf":[],"yoast_head":"<!-- This site is optimized with the Yoast SEO plugin v26.9 - https:\/\/yoast.com\/product\/yoast-seo-wordpress\/ -->\n<title>PDF-Prospekte von Cybertron GmbH downloaden<\/title>\n<meta name=\"description\" content=\"Ob Minipipettierplattformen oder \u00b5Move-Achssysteme. Werfen Sie einen Blick auf die kostenlosen Produktinformationen der Calantec Antriebstechnik in Berlin.\" \/>\n<meta name=\"robots\" content=\"index, follow, max-snippet:-1, max-image-preview:large, max-video-preview:-1\" \/>\n<link rel=\"canonical\" href=\"https:\/\/www.cybertron.berlin\/de\/downloads\/\" \/>\n<meta property=\"og:locale\" content=\"de_DE\" \/>\n<meta property=\"og:type\" content=\"article\" \/>\n<meta property=\"og:title\" content=\"PDF-Prospekte von Cybertron GmbH downloaden\" \/>\n<meta property=\"og:description\" content=\"Ob Minipipettierplattformen oder \u00b5Move-Achssysteme. Werfen Sie einen Blick auf die kostenlosen Produktinformationen der Calantec Antriebstechnik in Berlin.\" \/>\n<meta property=\"og:url\" content=\"https:\/\/www.cybertron.berlin\/de\/downloads\/\" \/>\n<meta property=\"og:site_name\" content=\"CYBERTRON\" \/>\n<meta property=\"article:modified_time\" content=\"2025-11-06T08:07:42+00:00\" \/>\n<meta name=\"twitter:card\" content=\"summary_large_image\" \/>\n<meta name=\"twitter:label1\" content=\"Gesch\u00e4tzte Lesezeit\" \/>\n\t<meta name=\"twitter:data1\" content=\"1\u00a0Minute\" \/>\n<script type=\"application\/ld+json\" class=\"yoast-schema-graph\">{\"@context\":\"https:\/\/schema.org\",\"@graph\":[{\"@type\":\"WebPage\",\"@id\":\"https:\/\/www.cybertron.berlin\/de\/downloads\/\",\"url\":\"https:\/\/www.cybertron.berlin\/de\/downloads\/\",\"name\":\"PDF-Prospekte von Cybertron GmbH downloaden\",\"isPartOf\":{\"@id\":\"https:\/\/www.cybertron.berlin\/de\/#website\"},\"datePublished\":\"2022-10-04T12:11:21+00:00\",\"dateModified\":\"2025-11-06T08:07:42+00:00\",\"description\":\"Ob Minipipettierplattformen oder \u00b5Move-Achssysteme. Werfen Sie einen Blick auf die kostenlosen Produktinformationen der Calantec Antriebstechnik in Berlin.\",\"breadcrumb\":{\"@id\":\"https:\/\/www.cybertron.berlin\/de\/downloads\/#breadcrumb\"},\"inLanguage\":\"de\",\"potentialAction\":[{\"@type\":\"ReadAction\",\"target\":[\"https:\/\/www.cybertron.berlin\/de\/downloads\/\"]}]},{\"@type\":\"BreadcrumbList\",\"@id\":\"https:\/\/www.cybertron.berlin\/de\/downloads\/#breadcrumb\",\"itemListElement\":[{\"@type\":\"ListItem\",\"position\":1,\"name\":\"Startseite\",\"item\":\"https:\/\/www.cybertron.berlin\/de\/\"},{\"@type\":\"ListItem\",\"position\":2,\"name\":\"Downloads\"}]},{\"@type\":\"WebSite\",\"@id\":\"https:\/\/www.cybertron.berlin\/de\/#website\",\"url\":\"https:\/\/www.cybertron.berlin\/de\/\",\"name\":\"CYBERTRON\",\"description\":\"Willkommen bei CYBERTRON in Berlin!\",\"publisher\":{\"@id\":\"https:\/\/www.cybertron.berlin\/de\/#organization\"},\"potentialAction\":[{\"@type\":\"SearchAction\",\"target\":{\"@type\":\"EntryPoint\",\"urlTemplate\":\"https:\/\/www.cybertron.berlin\/de\/?s={search_term_string}\"},\"query-input\":{\"@type\":\"PropertyValueSpecification\",\"valueRequired\":true,\"valueName\":\"search_term_string\"}}],\"inLanguage\":\"de\"},{\"@type\":\"Organization\",\"@id\":\"https:\/\/www.cybertron.berlin\/de\/#organization\",\"name\":\"CYBERTRON GmbH\",\"url\":\"https:\/\/www.cybertron.berlin\/de\/\",\"logo\":{\"@type\":\"ImageObject\",\"inLanguage\":\"de\",\"@id\":\"https:\/\/www.cybertron.berlin\/de\/#\/schema\/logo\/image\/\",\"url\":\"https:\/\/www.cybertron.berlin\/wp-content\/uploads\/Cybertron-Logo.png\",\"contentUrl\":\"https:\/\/www.cybertron.berlin\/wp-content\/uploads\/Cybertron-Logo.png\",\"width\":2126,\"height\":413,\"caption\":\"CYBERTRON GmbH\"},\"image\":{\"@id\":\"https:\/\/www.cybertron.berlin\/de\/#\/schema\/logo\/image\/\"}}]}<\/script>\n<!-- \/ Yoast SEO plugin. -->","yoast_head_json":{"title":"PDF-Prospekte von Cybertron GmbH downloaden","description":"Ob Minipipettierplattformen oder \u00b5Move-Achssysteme. Werfen Sie einen Blick auf die kostenlosen Produktinformationen der Calantec Antriebstechnik in Berlin.","robots":{"index":"index","follow":"follow","max-snippet":"max-snippet:-1","max-image-preview":"max-image-preview:large","max-video-preview":"max-video-preview:-1"},"canonical":"https:\/\/www.cybertron.berlin\/de\/downloads\/","og_locale":"de_DE","og_type":"article","og_title":"PDF-Prospekte von Cybertron GmbH downloaden","og_description":"Ob Minipipettierplattformen oder \u00b5Move-Achssysteme. Werfen Sie einen Blick auf die kostenlosen Produktinformationen der Calantec Antriebstechnik in Berlin.","og_url":"https:\/\/www.cybertron.berlin\/de\/downloads\/","og_site_name":"CYBERTRON","article_modified_time":"2025-11-06T08:07:42+00:00","twitter_card":"summary_large_image","twitter_misc":{"Gesch\u00e4tzte Lesezeit":"1\u00a0Minute"},"schema":{"@context":"https:\/\/schema.org","@graph":[{"@type":"WebPage","@id":"https:\/\/www.cybertron.berlin\/de\/downloads\/","url":"https:\/\/www.cybertron.berlin\/de\/downloads\/","name":"PDF-Prospekte von Cybertron GmbH downloaden","isPartOf":{"@id":"https:\/\/www.cybertron.berlin\/de\/#website"},"datePublished":"2022-10-04T12:11:21+00:00","dateModified":"2025-11-06T08:07:42+00:00","description":"Ob Minipipettierplattformen oder \u00b5Move-Achssysteme. Werfen Sie einen Blick auf die kostenlosen Produktinformationen der Calantec Antriebstechnik in Berlin.","breadcrumb":{"@id":"https:\/\/www.cybertron.berlin\/de\/downloads\/#breadcrumb"},"inLanguage":"de","potentialAction":[{"@type":"ReadAction","target":["https:\/\/www.cybertron.berlin\/de\/downloads\/"]}]},{"@type":"BreadcrumbList","@id":"https:\/\/www.cybertron.berlin\/de\/downloads\/#breadcrumb","itemListElement":[{"@type":"ListItem","position":1,"name":"Startseite","item":"https:\/\/www.cybertron.berlin\/de\/"},{"@type":"ListItem","position":2,"name":"Downloads"}]},{"@type":"WebSite","@id":"https:\/\/www.cybertron.berlin\/de\/#website","url":"https:\/\/www.cybertron.berlin\/de\/","name":"CYBERTRON","description":"Willkommen bei CYBERTRON in Berlin!","publisher":{"@id":"https:\/\/www.cybertron.berlin\/de\/#organization"},"potentialAction":[{"@type":"SearchAction","target":{"@type":"EntryPoint","urlTemplate":"https:\/\/www.cybertron.berlin\/de\/?s={search_term_string}"},"query-input":{"@type":"PropertyValueSpecification","valueRequired":true,"valueName":"search_term_string"}}],"inLanguage":"de"},{"@type":"Organization","@id":"https:\/\/www.cybertron.berlin\/de\/#organization","name":"CYBERTRON GmbH","url":"https:\/\/www.cybertron.berlin\/de\/","logo":{"@type":"ImageObject","inLanguage":"de","@id":"https:\/\/www.cybertron.berlin\/de\/#\/schema\/logo\/image\/","url":"https:\/\/www.cybertron.berlin\/wp-content\/uploads\/Cybertron-Logo.png","contentUrl":"https:\/\/www.cybertron.berlin\/wp-content\/uploads\/Cybertron-Logo.png","width":2126,"height":413,"caption":"CYBERTRON GmbH"},"image":{"@id":"https:\/\/www.cybertron.berlin\/de\/#\/schema\/logo\/image\/"}}]}},"_links":{"self":[{"href":"https:\/\/www.cybertron.berlin\/de\/wp-json\/wp\/v2\/pages\/43","targetHints":{"allow":["GET"]}}],"collection":[{"href":"https:\/\/www.cybertron.berlin\/de\/wp-json\/wp\/v2\/pages"}],"about":[{"href":"https:\/\/www.cybertron.berlin\/de\/wp-json\/wp\/v2\/types\/page"}],"author":[{"embeddable":true,"href":"https:\/\/www.cybertron.berlin\/de\/wp-json\/wp\/v2\/users\/1"}],"replies":[{"embeddable":true,"href":"https:\/\/www.cybertron.berlin\/de\/wp-json\/wp\/v2\/comments?post=43"}],"version-history":[{"count":21,"href":"https:\/\/www.cybertron.berlin\/de\/wp-json\/wp\/v2\/pages\/43\/revisions"}],"predecessor-version":[{"id":1699,"href":"https:\/\/www.cybertron.berlin\/de\/wp-json\/wp\/v2\/pages\/43\/revisions\/1699"}],"wp:attachment":[{"href":"https:\/\/www.cybertron.berlin\/de\/wp-json\/wp\/v2\/media?parent=43"}],"curies":[{"name":"wp","href":"https:\/\/api.w.org\/{rel}","templated":true}]}}