{"id":414,"date":"2022-10-24T16:07:05","date_gmt":"2022-10-24T14:07:05","guid":{"rendered":"https:\/\/www.cybertron.berlin\/?page_id=414"},"modified":"2025-11-06T09:14:13","modified_gmt":"2025-11-06T08:14:13","slug":"projektmanagement","status":"publish","type":"page","link":"https:\/\/www.cybertron.berlin\/de\/projektmanagement\/","title":{"rendered":"Projektmanagement"},"content":{"rendered":"<div id=\"pl-414\"  class=\"panel-layout\" ><div id=\"pg-414-0\"  class=\"panel-grid panel-has-style\" ><div class=\"uk-background-muted siteorigin-panels-stretch panel-row-style panel-row-style-for-414-0\" data-stretch-type=\"full\" ><div id=\"pgc-414-0-0\"  class=\"panel-grid-cell\" ><div id=\"panel-414-0-0-0\" class=\"so-panel widget widget_sow-editor panel-first-child panel-last-child\" data-index=\"0\" ><div\n\t\t\t\n\t\t\tclass=\"so-widget-sow-editor so-widget-sow-editor-base\"\n\t\t\t\n\t\t>\n<div class=\"siteorigin-widget-tinymce textwidget\">\n\t<h1>CYBERTRON bietet umfassendes Projektmanagement<\/h1>\n<p class=\"uk-text-large\">Geben Sie Ihre Idee in vertrauensvolle H\u00e4nde<\/p>\n<p>Eine Idee f\u00fcr ein Projekt zu haben ist eine, sie in der Praxis umzusetzen eine ganz andere Sache. Letzteres verlangt in den meisten F\u00e4llen nach kompetenter Unterst\u00fctzung. Und genau die finden Sie bei CYBERTRON<\/p>\n<p>Bei der Umsetzung Ihrer Ger\u00e4teidee bedarf es neben technischen Fertigkeiten auch bestm\u00f6glicher Planung, Koordination und Pr\u00fcfung. CYBERTRON in Berlin bietet beides: erstklassiges Know-how und umfangreiches Projektmanagement.<\/p>\n<\/div>\n<\/div><\/div><\/div><div id=\"pgc-414-0-1\"  class=\"panel-grid-cell\" ><div id=\"panel-414-0-1-0\" class=\"so-panel widget widget_sow-image panel-first-child panel-last-child\" data-index=\"1\" ><div\n\t\t\t\n\t\t\tclass=\"so-widget-sow-image so-widget-sow-image-default-c67d20f9f743-414\"\n\t\t\t\n\t\t>\n<div class=\"sow-image-container\">\n\t\t<img \n\tsrc=\"https:\/\/www.cybertron.berlin\/wp-content\/uploads\/Cybertron-Logo-1024x199.png\" width=\"1024\" height=\"199\" srcset=\"https:\/\/www.cybertron.berlin\/wp-content\/uploads\/Cybertron-Logo-1024x199.png 1024w, https:\/\/www.cybertron.berlin\/wp-content\/uploads\/Cybertron-Logo-300x58.png 300w, https:\/\/www.cybertron.berlin\/wp-content\/uploads\/Cybertron-Logo-768x149.png 768w, https:\/\/www.cybertron.berlin\/wp-content\/uploads\/Cybertron-Logo-1536x298.png 1536w, https:\/\/www.cybertron.berlin\/wp-content\/uploads\/Cybertron-Logo-2048x398.png 2048w\" sizes=\"(max-width: 1024px) 100vw, 1024px\" alt=\"\" \t\tclass=\"so-widget-image\"\/>\n\t<\/div>\n\n<\/div><\/div><\/div><\/div><\/div><div id=\"pg-414-1\"  class=\"panel-grid panel-has-style\" ><div class=\"siteorigin-panels-stretch panel-row-style panel-row-style-for-414-1\" data-stretch-type=\"full-width-stretch\" ><div id=\"pgc-414-1-0\"  class=\"panel-grid-cell\" ><div class=\"uk-padding-large panel-cell-style panel-cell-style-for-414-1-0\" ><div id=\"panel-414-1-0-0\" class=\"so-panel widget widget_sow-editor panel-first-child\" data-index=\"2\" ><div class=\"panel-widget-style panel-widget-style-for-414-1-0-0\" ><div\n\t\t\t\n\t\t\tclass=\"so-widget-sow-editor so-widget-sow-editor-base\"\n\t\t\t\n\t\t>\n<div class=\"siteorigin-widget-tinymce textwidget\">\n\t<h2 style=\"text-align: center;\">Das Leistungsspektrum von CYBERTRON im \u00dcberblick<\/h2>\n<p style=\"text-align: center;\">Am Anfang steht die Erstellung des Pflichtenheftes. Am Ende die Fertigung des neu entwickelten Ger\u00e4tes. Und dazwischen? Dazwischen liegt eine Vielzahl von Leistungen, die von CYBERTRON im Rahmen des Projektmanagements abgedeckt werden:<\/p>\n<\/div>\n<\/div><\/div><\/div><div id=\"panel-414-1-0-1\" class=\"so-panel widget widget_fn-panels-widget\" data-index=\"3\" ><div class=\"uk-margin-large-top panel-widget-style panel-widget-style-for-414-1-0-1\" ><div\n\t\t\t\n\t\t\tclass=\"so-widget-fn-panels-widget so-widget-fn-panels-widget-base\"\n\t\t\t\n\t\t><div class=\"uk-child-width-1-1 uk-child-width-1-2@s uk-child-width-1-5@l uk-flex-center\" uk-grid=\"\" uk-height-match=\"target: &gt; > * .fn-match-height\"><div>\n        <div class=\"fn-panel fn-panel-style-normal\"><div class=\"icon fn-icon-super uk-text-primary\"><i class=\"fal fa-stopwatch\"><\/i><\/div><div class=\"fn-match-height uk-margin-top\"><div class=\"fn-panel-content\"><p><strong>Zeitplanung<\/strong><\/p>\n<\/div><\/div><\/div>\n      <\/div><div>\n        <div class=\"fn-panel fn-panel-style-normal\"><div class=\"icon fn-icon-super uk-text-primary\"><i class=\"fal fa-glass-cheers\"><\/i><\/div><div class=\"fn-match-height uk-margin-top\"><div class=\"fn-panel-content\"><p><strong>Meilenstein-Veranstaltungen<\/strong><\/p>\n<\/div><\/div><\/div>\n      <\/div><div>\n        <div class=\"fn-panel fn-panel-style-normal\"><div class=\"icon fn-icon-super uk-text-primary\"><i class=\"fal fa-list-ol\"><\/i><\/div><div class=\"fn-match-height uk-margin-top\"><div class=\"fn-panel-content\"><p><strong>Koordinieren und Realisieren der einzelnen Entwicklungsstufen<\/strong><\/p>\n<\/div><\/div><\/div>\n      <\/div><div>\n        <div class=\"fn-panel fn-panel-style-normal\"><div class=\"icon fn-icon-super uk-text-primary\"><i class=\"fal fa-file-alt\"><\/i><\/div><div class=\"fn-match-height uk-margin-top\"><div class=\"fn-panel-content\"><p><strong>Dokumentation der Ger\u00e4teentwicklung<\/strong><\/p>\n<\/div><\/div><\/div>\n      <\/div><div>\n        <div class=\"fn-panel fn-panel-style-normal\"><div class=\"icon fn-icon-super uk-text-primary\"><i class=\"fal fa-file-check\"><\/i><\/div><div class=\"fn-match-height uk-margin-top\"><div class=\"fn-panel-content\"><p><strong>Erstellen eines Testplanes<\/strong><\/p>\n<\/div><\/div><\/div>\n      <\/div><div>\n        <div class=\"fn-panel fn-panel-style-normal\"><div class=\"icon fn-icon-super uk-text-primary\"><i class=\"fal fa-tachometer-alt-fastest\"><\/i><\/div><div class=\"fn-match-height uk-margin-top\"><div class=\"fn-panel-content\"><p><strong>Test der Leistungsf\u00e4higkeit des Prototypen<\/strong><\/p>\n<\/div><\/div><\/div>\n      <\/div><div>\n        <div class=\"fn-panel fn-panel-style-normal\"><div class=\"icon fn-icon-super uk-text-primary\"><i class=\"fal fa-ballot-check\"><\/i><\/div><div class=\"fn-match-height uk-margin-top\"><div class=\"fn-panel-content\"><p><strong>Eignung des Prototypen f\u00fcr die Anwendung ermitteln<\/strong><\/p>\n<\/div><\/div><\/div>\n      <\/div><div>\n        <div class=\"fn-panel fn-panel-style-normal\"><div class=\"icon fn-icon-super uk-text-primary\"><i class=\"fal fa-conveyor-belt-alt\"><\/i><\/div><div class=\"fn-match-height uk-margin-top\"><div class=\"fn-panel-content\"><p><strong>Serienfertigung Ihres Ger\u00e4tes<\/strong><\/p>\n<\/div><\/div><\/div>\n      <\/div><div>\n        <div class=\"fn-panel fn-panel-style-normal\"><div class=\"icon fn-icon-super uk-text-primary\"><i class=\"fal fa-check-double\"><\/i><\/div><div class=\"fn-match-height uk-margin-top\"><div class=\"fn-panel-content\"><p><strong>Weiterf\u00fchrende Optimierung Ihres Ger\u00e4tes<\/strong><\/p>\n<\/div><\/div><\/div>\n      <\/div><div>\n        <div class=\"fn-panel fn-panel-style-normal\"><div class=\"icon fn-icon-super uk-text-primary\"><i class=\"fal fa-users-cog\"><\/i><\/div><div class=\"fn-match-height uk-margin-top\"><div class=\"fn-panel-content\"><p><strong>Design Review, Risikoanalyse und Validierung<\/strong><\/p>\n<\/div><\/div><\/div>\n      <\/div><\/div><\/div><\/div><\/div><div id=\"panel-414-1-0-2\" class=\"so-panel widget widget_sow-editor panel-last-child\" data-index=\"4\" ><div class=\"uk-margin-large-top panel-widget-style panel-widget-style-for-414-1-0-2\" ><div\n\t\t\t\n\t\t\tclass=\"so-widget-sow-editor so-widget-sow-editor-base\"\n\t\t\t\n\t\t>\n<div class=\"siteorigin-widget-tinymce textwidget\">\n\t<p style=\"text-align: center;\">Diese \u00dcbersicht lie\u00dfe sich nat\u00fcrlich beliebig ver\u00e4ndern oder erg\u00e4nzen. Je nachdem, mit welcher konkreten Projektidee Sie an CYBERTRON herantreten. Das engagierte Team wird die verschiedenen Arbeitsschritte Ihren individuellen Vorstellungen anpassen!<\/p>\n<\/div>\n<\/div><\/div><\/div><\/div><\/div><\/div><\/div><div id=\"pg-414-2\"  class=\"panel-grid panel-has-style\" ><div class=\"uk-background-muted fn-panel-row-reverse-mobile siteorigin-panels-stretch panel-row-style panel-row-style-for-414-2\" data-stretch-type=\"full\" ><div id=\"pgc-414-2-0\"  class=\"panel-grid-cell\" ><div id=\"panel-414-2-0-0\" class=\"so-panel widget widget_sow-editor panel-first-child panel-last-child\" data-index=\"5\" ><div\n\t\t\t\n\t\t\tclass=\"so-widget-sow-editor so-widget-sow-editor-base\"\n\t\t\t\n\t\t>\n<div class=\"siteorigin-widget-tinymce textwidget\">\n\t<h2>CYBERTRON \u2013 die richtige Wahl f\u00fcr Ihr Projekt<\/h2>\n<p>Sorgf\u00e4ltig und effizient an der professionellen Verwirklichung Ihrer Idee arbeiten. Und dabei die marktf\u00e4higen Herstellkosten des Ger\u00e4tes stets im Auge behalten. Zwei Grunds\u00e4tze, die das Projektmanagement der CYBERTRON GmbH in Berlin auszeichnet. Denn nur optimale Planung und Umsetzung resultieren in optimalen Ergebnissen.<\/p>\n<\/div>\n<\/div><\/div><\/div><div id=\"pgc-414-2-1\"  class=\"panel-grid-cell\" ><div id=\"panel-414-2-1-0\" class=\"so-panel widget widget_sow-editor panel-first-child panel-last-child\" data-index=\"6\" ><div class=\"panel-widget-style panel-widget-style-for-414-2-1-0\" ><div\n\t\t\t\n\t\t\tclass=\"so-widget-sow-editor so-widget-sow-editor-base\"\n\t\t\t\n\t\t>\n<div class=\"siteorigin-widget-tinymce textwidget\">\n\t<i class=\"fas fa-file-certificate fn-icon-large uk-text-primary\"><\/i>\n<\/div>\n<\/div><\/div><\/div><\/div><\/div><\/div><div id=\"pg-414-3\"  class=\"panel-grid panel-no-style\" ><div id=\"pgc-414-3-0\"  class=\"panel-grid-cell\" ><div id=\"panel-414-3-0-0\" class=\"so-panel widget widget_sow-editor panel-first-child panel-last-child\" data-index=\"7\" ><div class=\"panel-widget-style panel-widget-style-for-414-3-0-0\" ><div\n\t\t\t\n\t\t\tclass=\"so-widget-sow-editor so-widget-sow-editor-base\"\n\t\t\t\n\t\t>\n<div class=\"siteorigin-widget-tinymce textwidget\">\n\t<i class=\"fas fa-user-headset fn-icon-large uk-text-primary\"><\/i>\n<\/div>\n<\/div><\/div><\/div><\/div><div id=\"pgc-414-3-1\"  class=\"panel-grid-cell\" ><div id=\"panel-414-3-1-0\" class=\"so-panel widget widget_sow-editor panel-first-child\" data-index=\"8\" ><div\n\t\t\t\n\t\t\tclass=\"so-widget-sow-editor so-widget-sow-editor-base\"\n\t\t\t\n\t\t>\n<div class=\"siteorigin-widget-tinymce textwidget\">\n\t<h2>Wir helfen Ihnen gern!<\/h2>\n<p>Das Projektmanagement der CYBERTRON GmbH ist genau das, wonach Sie gesucht haben? Dann z\u00f6gern Sie nicht, mit den kompetenten Mitarbeitern in Kontakt zu treten! Lassen Sie sich von dem Berliner Unternehmen bei der Entwicklung Ihres Ger\u00e4tes professionell unterst\u00fctzen!<\/p>\n<\/div>\n<\/div><\/div><div id=\"panel-414-3-1-1\" class=\"so-panel widget widget_sow-editor panel-last-child\" data-index=\"9\" ><div\n\t\t\t\n\t\t\tclass=\"so-widget-sow-editor so-widget-sow-editor-base\"\n\t\t\t\n\t\t>\n<div class=\"siteorigin-widget-tinymce textwidget\">\n\t<p><a class=\"uk-button uk-button-default\" href=\"https:\/\/www.cybertron.berlin\/de\/kontakt\/\">Kontakt aufnehmen<\/a><\/p>\n<\/div>\n<\/div><\/div><\/div><\/div><\/div>","protected":false},"excerpt":{"rendered":"<p>CYBERTRON bietet umfassendes Projektmanagement Geben Sie Ihre Idee in vertrauensvolle H\u00e4nde Eine Idee f\u00fcr ein Projekt zu haben ist eine, sie in der Praxis umzusetzen eine ganz andere Sache. Letzteres verlangt in den meisten F\u00e4llen nach kompetenter Unterst\u00fctzung. Und genau die finden Sie bei CYBERTRON Bei der Umsetzung Ihrer Ger\u00e4teidee bedarf es neben technischen Fertigkeiten [&hellip;]<\/p>\n","protected":false},"author":1,"featured_media":0,"parent":0,"menu_order":0,"comment_status":"closed","ping_status":"closed","template":"","meta":{"_acf_changed":false,"footnotes":""},"class_list":["post-414","page","type-page","status-publish","hentry"],"acf":[],"yoast_head":"<!-- This site is optimized with the Yoast SEO plugin v26.9 - https:\/\/yoast.com\/product\/yoast-seo-wordpress\/ -->\n<title>Cybertron GmbH: umfassendes Projektmanagement<\/title>\n<meta name=\"description\" content=\"Technisches Know-how und umfangreiches Projektmanagement. Das zusammen macht Cybertron GmbH in Berlin zum idealen Partner f\u00fcr die Umsetzung Ihrer Ger\u00e4teidee.\" \/>\n<meta name=\"robots\" content=\"index, follow, max-snippet:-1, max-image-preview:large, max-video-preview:-1\" \/>\n<link rel=\"canonical\" href=\"https:\/\/www.cybertron.berlin\/de\/projektmanagement\/\" \/>\n<meta property=\"og:locale\" content=\"de_DE\" \/>\n<meta property=\"og:type\" content=\"article\" \/>\n<meta property=\"og:title\" content=\"Cybertron GmbH: umfassendes Projektmanagement\" \/>\n<meta property=\"og:description\" content=\"Technisches Know-how und umfangreiches Projektmanagement. Das zusammen macht Cybertron GmbH in Berlin zum idealen Partner f\u00fcr die Umsetzung Ihrer Ger\u00e4teidee.\" \/>\n<meta property=\"og:url\" content=\"https:\/\/www.cybertron.berlin\/de\/projektmanagement\/\" \/>\n<meta property=\"og:site_name\" content=\"CYBERTRON\" \/>\n<meta property=\"article:modified_time\" content=\"2025-11-06T08:14:13+00:00\" \/>\n<meta name=\"twitter:card\" content=\"summary_large_image\" \/>\n<meta name=\"twitter:label1\" content=\"Gesch\u00e4tzte Lesezeit\" \/>\n\t<meta name=\"twitter:data1\" content=\"2\u00a0Minuten\" \/>\n<script type=\"application\/ld+json\" class=\"yoast-schema-graph\">{\"@context\":\"https:\/\/schema.org\",\"@graph\":[{\"@type\":\"WebPage\",\"@id\":\"https:\/\/www.cybertron.berlin\/de\/projektmanagement\/\",\"url\":\"https:\/\/www.cybertron.berlin\/de\/projektmanagement\/\",\"name\":\"Cybertron GmbH: umfassendes Projektmanagement\",\"isPartOf\":{\"@id\":\"https:\/\/www.cybertron.berlin\/de\/#website\"},\"datePublished\":\"2022-10-24T14:07:05+00:00\",\"dateModified\":\"2025-11-06T08:14:13+00:00\",\"description\":\"Technisches Know-how und umfangreiches Projektmanagement. Das zusammen macht Cybertron GmbH in Berlin zum idealen Partner f\u00fcr die Umsetzung Ihrer Ger\u00e4teidee.\",\"breadcrumb\":{\"@id\":\"https:\/\/www.cybertron.berlin\/de\/projektmanagement\/#breadcrumb\"},\"inLanguage\":\"de\",\"potentialAction\":[{\"@type\":\"ReadAction\",\"target\":[\"https:\/\/www.cybertron.berlin\/de\/projektmanagement\/\"]}]},{\"@type\":\"BreadcrumbList\",\"@id\":\"https:\/\/www.cybertron.berlin\/de\/projektmanagement\/#breadcrumb\",\"itemListElement\":[{\"@type\":\"ListItem\",\"position\":1,\"name\":\"Startseite\",\"item\":\"https:\/\/www.cybertron.berlin\/de\/\"},{\"@type\":\"ListItem\",\"position\":2,\"name\":\"Projektmanagement\"}]},{\"@type\":\"WebSite\",\"@id\":\"https:\/\/www.cybertron.berlin\/de\/#website\",\"url\":\"https:\/\/www.cybertron.berlin\/de\/\",\"name\":\"CYBERTRON\",\"description\":\"Willkommen bei CYBERTRON in Berlin!\",\"publisher\":{\"@id\":\"https:\/\/www.cybertron.berlin\/de\/#organization\"},\"potentialAction\":[{\"@type\":\"SearchAction\",\"target\":{\"@type\":\"EntryPoint\",\"urlTemplate\":\"https:\/\/www.cybertron.berlin\/de\/?s={search_term_string}\"},\"query-input\":{\"@type\":\"PropertyValueSpecification\",\"valueRequired\":true,\"valueName\":\"search_term_string\"}}],\"inLanguage\":\"de\"},{\"@type\":\"Organization\",\"@id\":\"https:\/\/www.cybertron.berlin\/de\/#organization\",\"name\":\"CYBERTRON GmbH\",\"url\":\"https:\/\/www.cybertron.berlin\/de\/\",\"logo\":{\"@type\":\"ImageObject\",\"inLanguage\":\"de\",\"@id\":\"https:\/\/www.cybertron.berlin\/de\/#\/schema\/logo\/image\/\",\"url\":\"https:\/\/www.cybertron.berlin\/wp-content\/uploads\/Cybertron-Logo.png\",\"contentUrl\":\"https:\/\/www.cybertron.berlin\/wp-content\/uploads\/Cybertron-Logo.png\",\"width\":2126,\"height\":413,\"caption\":\"CYBERTRON GmbH\"},\"image\":{\"@id\":\"https:\/\/www.cybertron.berlin\/de\/#\/schema\/logo\/image\/\"}}]}<\/script>\n<!-- \/ Yoast SEO plugin. -->","yoast_head_json":{"title":"Cybertron GmbH: umfassendes Projektmanagement","description":"Technisches Know-how und umfangreiches Projektmanagement. Das zusammen macht Cybertron GmbH in Berlin zum idealen Partner f\u00fcr die Umsetzung Ihrer Ger\u00e4teidee.","robots":{"index":"index","follow":"follow","max-snippet":"max-snippet:-1","max-image-preview":"max-image-preview:large","max-video-preview":"max-video-preview:-1"},"canonical":"https:\/\/www.cybertron.berlin\/de\/projektmanagement\/","og_locale":"de_DE","og_type":"article","og_title":"Cybertron GmbH: umfassendes Projektmanagement","og_description":"Technisches Know-how und umfangreiches Projektmanagement. Das zusammen macht Cybertron GmbH in Berlin zum idealen Partner f\u00fcr die Umsetzung Ihrer Ger\u00e4teidee.","og_url":"https:\/\/www.cybertron.berlin\/de\/projektmanagement\/","og_site_name":"CYBERTRON","article_modified_time":"2025-11-06T08:14:13+00:00","twitter_card":"summary_large_image","twitter_misc":{"Gesch\u00e4tzte Lesezeit":"2\u00a0Minuten"},"schema":{"@context":"https:\/\/schema.org","@graph":[{"@type":"WebPage","@id":"https:\/\/www.cybertron.berlin\/de\/projektmanagement\/","url":"https:\/\/www.cybertron.berlin\/de\/projektmanagement\/","name":"Cybertron GmbH: umfassendes Projektmanagement","isPartOf":{"@id":"https:\/\/www.cybertron.berlin\/de\/#website"},"datePublished":"2022-10-24T14:07:05+00:00","dateModified":"2025-11-06T08:14:13+00:00","description":"Technisches Know-how und umfangreiches Projektmanagement. Das zusammen macht Cybertron GmbH in Berlin zum idealen Partner f\u00fcr die Umsetzung Ihrer Ger\u00e4teidee.","breadcrumb":{"@id":"https:\/\/www.cybertron.berlin\/de\/projektmanagement\/#breadcrumb"},"inLanguage":"de","potentialAction":[{"@type":"ReadAction","target":["https:\/\/www.cybertron.berlin\/de\/projektmanagement\/"]}]},{"@type":"BreadcrumbList","@id":"https:\/\/www.cybertron.berlin\/de\/projektmanagement\/#breadcrumb","itemListElement":[{"@type":"ListItem","position":1,"name":"Startseite","item":"https:\/\/www.cybertron.berlin\/de\/"},{"@type":"ListItem","position":2,"name":"Projektmanagement"}]},{"@type":"WebSite","@id":"https:\/\/www.cybertron.berlin\/de\/#website","url":"https:\/\/www.cybertron.berlin\/de\/","name":"CYBERTRON","description":"Willkommen bei CYBERTRON in Berlin!","publisher":{"@id":"https:\/\/www.cybertron.berlin\/de\/#organization"},"potentialAction":[{"@type":"SearchAction","target":{"@type":"EntryPoint","urlTemplate":"https:\/\/www.cybertron.berlin\/de\/?s={search_term_string}"},"query-input":{"@type":"PropertyValueSpecification","valueRequired":true,"valueName":"search_term_string"}}],"inLanguage":"de"},{"@type":"Organization","@id":"https:\/\/www.cybertron.berlin\/de\/#organization","name":"CYBERTRON GmbH","url":"https:\/\/www.cybertron.berlin\/de\/","logo":{"@type":"ImageObject","inLanguage":"de","@id":"https:\/\/www.cybertron.berlin\/de\/#\/schema\/logo\/image\/","url":"https:\/\/www.cybertron.berlin\/wp-content\/uploads\/Cybertron-Logo.png","contentUrl":"https:\/\/www.cybertron.berlin\/wp-content\/uploads\/Cybertron-Logo.png","width":2126,"height":413,"caption":"CYBERTRON GmbH"},"image":{"@id":"https:\/\/www.cybertron.berlin\/de\/#\/schema\/logo\/image\/"}}]}},"_links":{"self":[{"href":"https:\/\/www.cybertron.berlin\/de\/wp-json\/wp\/v2\/pages\/414","targetHints":{"allow":["GET"]}}],"collection":[{"href":"https:\/\/www.cybertron.berlin\/de\/wp-json\/wp\/v2\/pages"}],"about":[{"href":"https:\/\/www.cybertron.berlin\/de\/wp-json\/wp\/v2\/types\/page"}],"author":[{"embeddable":true,"href":"https:\/\/www.cybertron.berlin\/de\/wp-json\/wp\/v2\/users\/1"}],"replies":[{"embeddable":true,"href":"https:\/\/www.cybertron.berlin\/de\/wp-json\/wp\/v2\/comments?post=414"}],"version-history":[{"count":35,"href":"https:\/\/www.cybertron.berlin\/de\/wp-json\/wp\/v2\/pages\/414\/revisions"}],"predecessor-version":[{"id":1710,"href":"https:\/\/www.cybertron.berlin\/de\/wp-json\/wp\/v2\/pages\/414\/revisions\/1710"}],"wp:attachment":[{"href":"https:\/\/www.cybertron.berlin\/de\/wp-json\/wp\/v2\/media?parent=414"}],"curies":[{"name":"wp","href":"https:\/\/api.w.org\/{rel}","templated":true}]}}