{"id":41,"date":"2022-10-04T14:10:29","date_gmt":"2022-10-04T12:10:29","guid":{"rendered":"https:\/\/www.cybertron.berlin\/?page_id=41"},"modified":"2025-11-06T09:07:05","modified_gmt":"2025-11-06T08:07:05","slug":"dienstleistungen","status":"publish","type":"page","link":"https:\/\/www.cybertron.berlin\/de\/dienstleistungen\/","title":{"rendered":"Dienstleistungen"},"content":{"rendered":"<div id=\"pl-41\"  class=\"panel-layout\" ><div id=\"pg-41-0\"  class=\"panel-grid panel-has-style\" ><div class=\"uk-background-muted siteorigin-panels-stretch panel-row-style panel-row-style-for-41-0\" data-stretch-type=\"full\" ><div id=\"pgc-41-0-0\"  class=\"panel-grid-cell\" ><div id=\"panel-41-0-0-0\" class=\"so-panel widget widget_sow-editor panel-first-child panel-last-child\" data-index=\"0\" ><div\n\t\t\t\n\t\t\tclass=\"so-widget-sow-editor so-widget-sow-editor-base\"\n\t\t\t\n\t\t>\n<div class=\"siteorigin-widget-tinymce textwidget\">\n\t<h1>Dienstleistungsangebot der CYBERTRON GmbH<\/h1>\n<p class=\"uk-text-large\">Ger\u00e4teentwicklung und Projektmanagement<\/p>\n<p>Sie sind auf der Suche nach einem kompetenten Hersteller f\u00fcr professionelle Antriebstechnik? CYBERTRON aus Berlin beh\u00e4lt bei der Produktentwicklung, Umsetzung und Fertigung Ihres Ger\u00e4tes den Durchblick!<\/p>\n<p>Bei der CYBERTRON erwartet Sie ein umfangreiches Gesamtpaket. Von der gemeinsamen Ger\u00e4teentwicklung gem\u00e4\u00df Ihrer Anforderungen. \u00dcber die kompetente Betreuung des gesamten Projektes. Bis zur professionellen Produktion und Serienfertigung. Da bleiben garantiert keine W\u00fcnsche offen!<\/p>\n<\/div>\n<\/div><\/div><\/div><div id=\"pgc-41-0-1\"  class=\"panel-grid-cell\" ><div id=\"panel-41-0-1-0\" class=\"so-panel widget widget_sow-image panel-first-child panel-last-child\" data-index=\"1\" ><div\n\t\t\t\n\t\t\tclass=\"so-widget-sow-image so-widget-sow-image-default-c67d20f9f743-41\"\n\t\t\t\n\t\t>\n<div class=\"sow-image-container\">\n\t\t<img \n\tsrc=\"https:\/\/www.cybertron.berlin\/wp-content\/uploads\/montage.jpg\" width=\"736\" height=\"398\" srcset=\"https:\/\/www.cybertron.berlin\/wp-content\/uploads\/montage.jpg 736w, https:\/\/www.cybertron.berlin\/wp-content\/uploads\/montage-300x162.jpg 300w\" sizes=\"(max-width: 736px) 100vw, 736px\" alt=\"\" \t\tclass=\"so-widget-image\"\/>\n\t<\/div>\n\n<\/div><\/div><\/div><\/div><\/div><div id=\"pg-41-1\"  class=\"panel-grid panel-no-style\" ><div id=\"pgc-41-1-0\"  class=\"panel-grid-cell\" ><div id=\"panel-41-1-0-0\" class=\"so-panel widget widget_sow-editor panel-first-child panel-last-child\" data-index=\"2\" ><div class=\"panel-widget-style panel-widget-style-for-41-1-0-0\" ><div\n\t\t\t\n\t\t\tclass=\"so-widget-sow-editor so-widget-sow-editor-base\"\n\t\t\t\n\t\t>\n<div class=\"siteorigin-widget-tinymce textwidget\">\n\t<i class=\"fas fa-file-certificate fn-icon-large uk-text-primary\"><\/i>\n<\/div>\n<\/div><\/div><\/div><\/div><div id=\"pgc-41-1-1\"  class=\"panel-grid-cell\" ><div id=\"panel-41-1-1-0\" class=\"so-panel widget widget_sow-editor panel-first-child panel-last-child\" data-index=\"3\" ><div\n\t\t\t\n\t\t\tclass=\"so-widget-sow-editor so-widget-sow-editor-base\"\n\t\t\t\n\t\t>\n<div class=\"siteorigin-widget-tinymce textwidget\">\n\t<h2>Bestens beraten und betreut \u2013 von CYBERTRON aus Berlin<\/h2>\n<p>Nicht nur die vielf\u00e4ltige Produktpalette von CYBERTRON \u00fcberzeugt. Neben dem fachlichen Know-how z\u00e4hlen zwei Dienstleistungen zu den Kernkompetenzen des Berliner Unternehmens. Professionelle Ger\u00e4teentwicklung und umfassendes Projektmanagement. Lassen Sie sich bei der Umsetzung Ihrer individuellen Ger\u00e4teidee kompetent begleiten!<\/p>\n<\/div>\n<\/div><\/div><\/div><\/div><div id=\"pg-41-2\"  class=\"panel-grid panel-has-style\" ><div class=\"uk-background-muted fn-panel-row-reverse-mobile siteorigin-panels-stretch panel-row-style panel-row-style-for-41-2\" data-stretch-type=\"full\" ><div id=\"pgc-41-2-0\"  class=\"panel-grid-cell\" ><div id=\"panel-41-2-0-0\" class=\"so-panel widget widget_sow-editor panel-first-child\" data-index=\"4\" ><div\n\t\t\t\n\t\t\tclass=\"so-widget-sow-editor so-widget-sow-editor-base\"\n\t\t\t\n\t\t>\n<div class=\"siteorigin-widget-tinymce textwidget\">\n\t<h2>Selbstgesteckte Ziele gemeinsam erreichen<\/h2>\n<p>W\u00e4hrend des gesamten Entwicklungsprozesses weicht CYBERTRON nicht von Ihrer Seite. Und nimmt sich Ihrer ganz spezifischen W\u00fcnsche und Anforderungen an. Denn nur so wird das gemeinsame Projekt ein voller Erfolg! Lesen Sie mehr zum engagierten Team und dem Leitbild des Unternehmens. Und starten Sie gemeinsam mit CYBERTRON eine erfolgsversprechende Zusammenarbeit!<\/p>\n<p>Wagen Sie den ersten Schritt \u2013 mit Ihrer unverbindlichen Anfrage. Die zust\u00e4ndigen Experten von CYBERTRON freuen sich darauf, sich Ihrer Aufgabenstellung anzunehmen!<\/p>\n<\/div>\n<\/div><\/div><div id=\"panel-41-2-0-1\" class=\"so-panel widget widget_sow-editor panel-last-child\" data-index=\"5\" ><div\n\t\t\t\n\t\t\tclass=\"so-widget-sow-editor so-widget-sow-editor-base\"\n\t\t\t\n\t\t>\n<div class=\"siteorigin-widget-tinymce textwidget\">\n\t<p><a class=\"uk-button uk-button-default\" href=\"https:\/\/www.cybertron.berlin\/de\/kontakt\/\">Kontakt aufnehmen<\/a><\/p>\n<\/div>\n<\/div><\/div><\/div><div id=\"pgc-41-2-1\"  class=\"panel-grid-cell\" ><div id=\"panel-41-2-1-0\" class=\"so-panel widget widget_sow-editor panel-first-child panel-last-child\" data-index=\"6\" ><div class=\"panel-widget-style panel-widget-style-for-41-2-1-0\" ><div\n\t\t\t\n\t\t\tclass=\"so-widget-sow-editor so-widget-sow-editor-base\"\n\t\t\t\n\t\t>\n<div class=\"siteorigin-widget-tinymce textwidget\">\n\t<i class=\"fas fa-hands-helping fn-icon-large uk-text-primary\"><\/i>\n<\/div>\n<\/div><\/div><\/div><\/div><\/div><\/div><div id=\"pg-41-3\"  class=\"panel-grid panel-no-style\" ><div id=\"pgc-41-3-0\"  class=\"panel-grid-cell\" ><div id=\"panel-41-3-0-0\" class=\"so-panel widget widget_sow-editor panel-first-child\" data-index=\"7\" ><div\n\t\t\t\n\t\t\tclass=\"so-widget-sow-editor so-widget-sow-editor-base\"\n\t\t\t\n\t\t>\n<div class=\"siteorigin-widget-tinymce textwidget\">\n\t<h2 class=\"uk-h1\" style=\"text-align: center;\">Dienstleistungen im \u00dcberblick<\/h2>\n<\/div>\n<\/div><\/div><div id=\"panel-41-3-0-1\" class=\"so-panel widget widget_fn-panels-widget panel-last-child\" data-index=\"8\" ><div class=\"uk-margin-large-top panel-widget-style panel-widget-style-for-41-3-0-1\" ><div\n\t\t\t\n\t\t\tclass=\"so-widget-fn-panels-widget so-widget-fn-panels-widget-base\"\n\t\t\t\n\t\t><div class=\"uk-child-width-1-1 uk-child-width-1-2@s uk-child-width-1-2@m uk-flex-center\" uk-grid=\"\" uk-height-match=\"target: &gt; > * .fn-match-height\"><div>\n        <div class=\"fn-panel fn-panel-style-normal uk-box-shadow-medium\"><div class=\"image fn-overlay uk-height-medium uk-cover-container\">              <img decoding=\"async\" src=\"https:\/\/www.cybertron.berlin\/wp-content\/uploads\/montage.jpg\" alt=\"\" uk-cover>            <\/div><div class=\"fn-padding\">\n            <div class=\"fn-match-height uk-margin-bottom\"><div class=\"fn-panel-title\">\n                  <p class=\"uk-h3 uk--text-primary uk-margin-bottom\">Ger\u00e4teentwicklung<\/p>\n                <\/div><div class=\"fn-panel-content\"><p>Wir setzen Ihre Ger\u00e4teidee zusammengefasst in Ihrem Lastenheft in \u00fcberschaubare Entwicklungsschritte um und erstellen das Pflichtenheft. In einem Angebot benennen wir unsere Leistungen und den notwendigen Zeitaufwand f\u00fcr Konstruktion, Elekronikentwicklung und Software sowie Fertigung des Ger\u00e4tes.<\/p>\n<\/div><\/div><div class=\"fn-panel-link\"><a href=\"https:\/\/www.cybertron.berlin\/de\/geraeteentwicklung\/\" class=\"uk-button uk-button-text\">Weitere Informationen<\/a><\/div><\/div>\n        <\/div>\n      <\/div><div>\n        <div class=\"fn-panel fn-panel-style-normal uk-box-shadow-medium\"><div class=\"image fn-overlay uk-height-medium uk-cover-container\">              <img decoding=\"async\" src=\"https:\/\/www.cybertron.berlin\/wp-content\/uploads\/Luftkuehler_01_20160205_142039-768x432.jpg\" alt=\"\" uk-cover>            <\/div><div class=\"fn-padding\">\n            <div class=\"fn-match-height uk-margin-bottom\"><div class=\"fn-panel-title\">\n                  <p class=\"uk-h3 uk--text-primary uk-margin-bottom\">Projektmanagement<\/p>\n                <\/div><div class=\"fn-panel-content\"><p>Wir ebnen den Weg zwischen Ihrer Ger\u00e4teidee und der praktischen Umsetzung bis hin zur Serienfertigung. Beginnend mit der Erstellung des Pflichtenheftes bis zur Verifizierung der Leistungen und Fertigung Ihres Ger\u00e4tes.<\/p>\n<\/div><\/div><div class=\"fn-panel-link\"><a href=\"https:\/\/www.cybertron.berlin\/de\/projektmanagement\/\" class=\"uk-button uk-button-text\">Weitere Informationen<\/a><\/div><\/div>\n        <\/div>\n      <\/div><\/div><\/div><\/div><\/div><\/div><\/div><div id=\"pg-41-4\"  class=\"panel-grid panel-no-style\" ><div id=\"pgc-41-4-0\"  class=\"panel-grid-cell panel-grid-cell-empty\" ><\/div><\/div><\/div>","protected":false},"excerpt":{"rendered":"<p>Dienstleistungsangebot der CYBERTRON GmbH Ger\u00e4teentwicklung und Projektmanagement Sie sind auf der Suche nach einem kompetenten Hersteller f\u00fcr professionelle Antriebstechnik? CYBERTRON aus Berlin beh\u00e4lt bei der Produktentwicklung, Umsetzung und Fertigung Ihres Ger\u00e4tes den Durchblick! Bei der CYBERTRON erwartet Sie ein umfangreiches Gesamtpaket. Von der gemeinsamen Ger\u00e4teentwicklung gem\u00e4\u00df Ihrer Anforderungen. \u00dcber die kompetente Betreuung des gesamten Projektes. [&hellip;]<\/p>\n","protected":false},"author":1,"featured_media":0,"parent":0,"menu_order":0,"comment_status":"closed","ping_status":"closed","template":"","meta":{"_acf_changed":false,"footnotes":""},"class_list":["post-41","page","type-page","status-publish","hentry"],"acf":[],"yoast_head":"<!-- This site is optimized with the Yoast SEO plugin v26.9 - https:\/\/yoast.com\/product\/yoast-seo-wordpress\/ -->\n<title>Dienstleistungsangebot der Cybertron GmbH<\/title>\n<meta name=\"description\" content=\"Professionelle Ger\u00e4teentwicklung und umfassendes Projektmanagement. Mit Cybertron GmbH aus Berlin wird Ihr Projekt ein voller Erfolg!\" \/>\n<meta name=\"robots\" content=\"index, follow, max-snippet:-1, max-image-preview:large, max-video-preview:-1\" \/>\n<link rel=\"canonical\" href=\"https:\/\/www.cybertron.berlin\/de\/dienstleistungen\/\" \/>\n<meta property=\"og:locale\" content=\"de_DE\" \/>\n<meta property=\"og:type\" content=\"article\" \/>\n<meta property=\"og:title\" content=\"Dienstleistungsangebot der Cybertron GmbH\" \/>\n<meta property=\"og:description\" content=\"Professionelle Ger\u00e4teentwicklung und umfassendes Projektmanagement. Mit Cybertron GmbH aus Berlin wird Ihr Projekt ein voller Erfolg!\" \/>\n<meta property=\"og:url\" content=\"https:\/\/www.cybertron.berlin\/de\/dienstleistungen\/\" \/>\n<meta property=\"og:site_name\" content=\"CYBERTRON\" \/>\n<meta property=\"article:modified_time\" content=\"2025-11-06T08:07:05+00:00\" \/>\n<meta name=\"twitter:card\" content=\"summary_large_image\" \/>\n<meta name=\"twitter:label1\" content=\"Gesch\u00e4tzte Lesezeit\" \/>\n\t<meta name=\"twitter:data1\" content=\"3\u00a0Minuten\" \/>\n<script type=\"application\/ld+json\" class=\"yoast-schema-graph\">{\"@context\":\"https:\/\/schema.org\",\"@graph\":[{\"@type\":\"WebPage\",\"@id\":\"https:\/\/www.cybertron.berlin\/de\/dienstleistungen\/\",\"url\":\"https:\/\/www.cybertron.berlin\/de\/dienstleistungen\/\",\"name\":\"Dienstleistungsangebot der Cybertron GmbH\",\"isPartOf\":{\"@id\":\"https:\/\/www.cybertron.berlin\/de\/#website\"},\"datePublished\":\"2022-10-04T12:10:29+00:00\",\"dateModified\":\"2025-11-06T08:07:05+00:00\",\"description\":\"Professionelle Ger\u00e4teentwicklung und umfassendes Projektmanagement. Mit Cybertron GmbH aus Berlin wird Ihr Projekt ein voller Erfolg!\",\"breadcrumb\":{\"@id\":\"https:\/\/www.cybertron.berlin\/de\/dienstleistungen\/#breadcrumb\"},\"inLanguage\":\"de\",\"potentialAction\":[{\"@type\":\"ReadAction\",\"target\":[\"https:\/\/www.cybertron.berlin\/de\/dienstleistungen\/\"]}]},{\"@type\":\"BreadcrumbList\",\"@id\":\"https:\/\/www.cybertron.berlin\/de\/dienstleistungen\/#breadcrumb\",\"itemListElement\":[{\"@type\":\"ListItem\",\"position\":1,\"name\":\"Startseite\",\"item\":\"https:\/\/www.cybertron.berlin\/de\/\"},{\"@type\":\"ListItem\",\"position\":2,\"name\":\"Dienstleistungen\"}]},{\"@type\":\"WebSite\",\"@id\":\"https:\/\/www.cybertron.berlin\/de\/#website\",\"url\":\"https:\/\/www.cybertron.berlin\/de\/\",\"name\":\"CYBERTRON\",\"description\":\"Willkommen bei CYBERTRON in Berlin!\",\"publisher\":{\"@id\":\"https:\/\/www.cybertron.berlin\/de\/#organization\"},\"potentialAction\":[{\"@type\":\"SearchAction\",\"target\":{\"@type\":\"EntryPoint\",\"urlTemplate\":\"https:\/\/www.cybertron.berlin\/de\/?s={search_term_string}\"},\"query-input\":{\"@type\":\"PropertyValueSpecification\",\"valueRequired\":true,\"valueName\":\"search_term_string\"}}],\"inLanguage\":\"de\"},{\"@type\":\"Organization\",\"@id\":\"https:\/\/www.cybertron.berlin\/de\/#organization\",\"name\":\"CYBERTRON GmbH\",\"url\":\"https:\/\/www.cybertron.berlin\/de\/\",\"logo\":{\"@type\":\"ImageObject\",\"inLanguage\":\"de\",\"@id\":\"https:\/\/www.cybertron.berlin\/de\/#\/schema\/logo\/image\/\",\"url\":\"https:\/\/www.cybertron.berlin\/wp-content\/uploads\/Cybertron-Logo.png\",\"contentUrl\":\"https:\/\/www.cybertron.berlin\/wp-content\/uploads\/Cybertron-Logo.png\",\"width\":2126,\"height\":413,\"caption\":\"CYBERTRON GmbH\"},\"image\":{\"@id\":\"https:\/\/www.cybertron.berlin\/de\/#\/schema\/logo\/image\/\"}}]}<\/script>\n<!-- \/ Yoast SEO plugin. -->","yoast_head_json":{"title":"Dienstleistungsangebot der Cybertron GmbH","description":"Professionelle Ger\u00e4teentwicklung und umfassendes Projektmanagement. Mit Cybertron GmbH aus Berlin wird Ihr Projekt ein voller Erfolg!","robots":{"index":"index","follow":"follow","max-snippet":"max-snippet:-1","max-image-preview":"max-image-preview:large","max-video-preview":"max-video-preview:-1"},"canonical":"https:\/\/www.cybertron.berlin\/de\/dienstleistungen\/","og_locale":"de_DE","og_type":"article","og_title":"Dienstleistungsangebot der Cybertron GmbH","og_description":"Professionelle Ger\u00e4teentwicklung und umfassendes Projektmanagement. Mit Cybertron GmbH aus Berlin wird Ihr Projekt ein voller Erfolg!","og_url":"https:\/\/www.cybertron.berlin\/de\/dienstleistungen\/","og_site_name":"CYBERTRON","article_modified_time":"2025-11-06T08:07:05+00:00","twitter_card":"summary_large_image","twitter_misc":{"Gesch\u00e4tzte Lesezeit":"3\u00a0Minuten"},"schema":{"@context":"https:\/\/schema.org","@graph":[{"@type":"WebPage","@id":"https:\/\/www.cybertron.berlin\/de\/dienstleistungen\/","url":"https:\/\/www.cybertron.berlin\/de\/dienstleistungen\/","name":"Dienstleistungsangebot der Cybertron GmbH","isPartOf":{"@id":"https:\/\/www.cybertron.berlin\/de\/#website"},"datePublished":"2022-10-04T12:10:29+00:00","dateModified":"2025-11-06T08:07:05+00:00","description":"Professionelle Ger\u00e4teentwicklung und umfassendes Projektmanagement. Mit Cybertron GmbH aus Berlin wird Ihr Projekt ein voller Erfolg!","breadcrumb":{"@id":"https:\/\/www.cybertron.berlin\/de\/dienstleistungen\/#breadcrumb"},"inLanguage":"de","potentialAction":[{"@type":"ReadAction","target":["https:\/\/www.cybertron.berlin\/de\/dienstleistungen\/"]}]},{"@type":"BreadcrumbList","@id":"https:\/\/www.cybertron.berlin\/de\/dienstleistungen\/#breadcrumb","itemListElement":[{"@type":"ListItem","position":1,"name":"Startseite","item":"https:\/\/www.cybertron.berlin\/de\/"},{"@type":"ListItem","position":2,"name":"Dienstleistungen"}]},{"@type":"WebSite","@id":"https:\/\/www.cybertron.berlin\/de\/#website","url":"https:\/\/www.cybertron.berlin\/de\/","name":"CYBERTRON","description":"Willkommen bei CYBERTRON in Berlin!","publisher":{"@id":"https:\/\/www.cybertron.berlin\/de\/#organization"},"potentialAction":[{"@type":"SearchAction","target":{"@type":"EntryPoint","urlTemplate":"https:\/\/www.cybertron.berlin\/de\/?s={search_term_string}"},"query-input":{"@type":"PropertyValueSpecification","valueRequired":true,"valueName":"search_term_string"}}],"inLanguage":"de"},{"@type":"Organization","@id":"https:\/\/www.cybertron.berlin\/de\/#organization","name":"CYBERTRON GmbH","url":"https:\/\/www.cybertron.berlin\/de\/","logo":{"@type":"ImageObject","inLanguage":"de","@id":"https:\/\/www.cybertron.berlin\/de\/#\/schema\/logo\/image\/","url":"https:\/\/www.cybertron.berlin\/wp-content\/uploads\/Cybertron-Logo.png","contentUrl":"https:\/\/www.cybertron.berlin\/wp-content\/uploads\/Cybertron-Logo.png","width":2126,"height":413,"caption":"CYBERTRON GmbH"},"image":{"@id":"https:\/\/www.cybertron.berlin\/de\/#\/schema\/logo\/image\/"}}]}},"_links":{"self":[{"href":"https:\/\/www.cybertron.berlin\/de\/wp-json\/wp\/v2\/pages\/41","targetHints":{"allow":["GET"]}}],"collection":[{"href":"https:\/\/www.cybertron.berlin\/de\/wp-json\/wp\/v2\/pages"}],"about":[{"href":"https:\/\/www.cybertron.berlin\/de\/wp-json\/wp\/v2\/types\/page"}],"author":[{"embeddable":true,"href":"https:\/\/www.cybertron.berlin\/de\/wp-json\/wp\/v2\/users\/1"}],"replies":[{"embeddable":true,"href":"https:\/\/www.cybertron.berlin\/de\/wp-json\/wp\/v2\/comments?post=41"}],"version-history":[{"count":29,"href":"https:\/\/www.cybertron.berlin\/de\/wp-json\/wp\/v2\/pages\/41\/revisions"}],"predecessor-version":[{"id":1698,"href":"https:\/\/www.cybertron.berlin\/de\/wp-json\/wp\/v2\/pages\/41\/revisions\/1698"}],"wp:attachment":[{"href":"https:\/\/www.cybertron.berlin\/de\/wp-json\/wp\/v2\/media?parent=41"}],"curies":[{"name":"wp","href":"https:\/\/api.w.org\/{rel}","templated":true}]}}