{"id":399,"date":"2022-10-24T15:30:33","date_gmt":"2022-10-24T13:30:33","guid":{"rendered":"https:\/\/www.cybertron.berlin\/?page_id=399"},"modified":"2025-11-06T09:08:05","modified_gmt":"2025-11-06T08:08:05","slug":"geraeteentwicklung","status":"publish","type":"page","link":"https:\/\/www.cybertron.berlin\/de\/geraeteentwicklung\/","title":{"rendered":"Ger\u00e4teentwicklung"},"content":{"rendered":"<div id=\"pl-399\"  class=\"panel-layout\" ><div id=\"pg-399-0\"  class=\"panel-grid panel-has-style\" ><div class=\"uk-background-muted siteorigin-panels-stretch panel-row-style panel-row-style-for-399-0\" data-stretch-type=\"full\" ><div id=\"pgc-399-0-0\"  class=\"panel-grid-cell\" ><div id=\"panel-399-0-0-0\" class=\"so-panel widget widget_sow-editor panel-first-child panel-last-child\" data-index=\"0\" ><div\n\t\t\t\n\t\t\tclass=\"so-widget-sow-editor so-widget-sow-editor-base\"\n\t\t\t\n\t\t>\n<div class=\"siteorigin-widget-tinymce textwidget\">\n\t<h1>Professionelle Ger\u00e4teentwicklung mit der CYBERTRON GmbH<\/h1>\n<p class=\"uk-text-large\">Von der ersten Idee bis zur Serienreife<\/p>\n<p>Bis Sie Ihr neu entwickeltes Ger\u00e4t in den H\u00e4nden halten, liegt ein langer und herausfordernder Weg vor Ihnen. Gehen Sie ihn deshalb nicht allein. Sondern gemeinsam mit der CYBERTRON GmbH \u2013 Ihrem Spezialisten f\u00fcr Ger\u00e4teentwicklung in Berlin!<\/p>\n<p>Sie halten Ihre Ger\u00e4teidee in Ihrem Lastenheft fest. CYBERTRON \u00fcbersetzt diese in \u00fcberschaubare Entwicklungsschritte und erstellt das Pflichtenheft. Was auf den ersten Blick simpel erscheint, bedarf auf jeden Fall der Unterst\u00fctzung eines verl\u00e4sslichen und erfahrenen Partners. CYBERTRON steht Ihnen bei der professionellen Entwicklung und Fertigung Ihres Ger\u00e4tes mit Rat und Tat zur Seite.<\/p>\n<\/div>\n<\/div><\/div><\/div><div id=\"pgc-399-0-1\"  class=\"panel-grid-cell\" ><div id=\"panel-399-0-1-0\" class=\"so-panel widget widget_sow-image panel-first-child panel-last-child\" data-index=\"1\" ><div\n\t\t\t\n\t\t\tclass=\"so-widget-sow-image so-widget-sow-image-default-c67d20f9f743-399\"\n\t\t\t\n\t\t>\n<div class=\"sow-image-container\">\n\t\t<img \n\tsrc=\"https:\/\/www.cybertron.berlin\/wp-content\/uploads\/montage.jpg\" width=\"736\" height=\"398\" srcset=\"https:\/\/www.cybertron.berlin\/wp-content\/uploads\/montage.jpg 736w, https:\/\/www.cybertron.berlin\/wp-content\/uploads\/montage-300x162.jpg 300w\" sizes=\"(max-width: 736px) 100vw, 736px\" alt=\"\" \t\tclass=\"so-widget-image\"\/>\n\t<\/div>\n\n<\/div><\/div><\/div><\/div><\/div><div id=\"pg-399-1\"  class=\"panel-grid panel-no-style\" ><div id=\"pgc-399-1-0\"  class=\"panel-grid-cell\" ><div id=\"panel-399-1-0-0\" class=\"so-panel widget widget_sow-image panel-first-child panel-last-child\" data-index=\"2\" ><div\n\t\t\t\n\t\t\tclass=\"so-widget-sow-image so-widget-sow-image-default-c67d20f9f743-399\"\n\t\t\t\n\t\t>\n<div class=\"sow-image-container\">\n\t\t<img \n\tsrc=\"https:\/\/www.cybertron.berlin\/wp-content\/uploads\/Streifentester-dotdiver.jpg\" width=\"1024\" height=\"797\" srcset=\"https:\/\/www.cybertron.berlin\/wp-content\/uploads\/Streifentester-dotdiver.jpg 1024w, https:\/\/www.cybertron.berlin\/wp-content\/uploads\/Streifentester-dotdiver-300x233.jpg 300w, https:\/\/www.cybertron.berlin\/wp-content\/uploads\/Streifentester-dotdiver-768x598.jpg 768w\" sizes=\"(max-width: 1024px) 100vw, 1024px\" alt=\"\" \t\tclass=\"so-widget-image\"\/>\n\t<\/div>\n\n<\/div><\/div><\/div><div id=\"pgc-399-1-1\"  class=\"panel-grid-cell\" ><div id=\"panel-399-1-1-0\" class=\"so-panel widget widget_sow-editor panel-first-child panel-last-child\" data-index=\"3\" ><div\n\t\t\t\n\t\t\tclass=\"so-widget-sow-editor so-widget-sow-editor-base\"\n\t\t\t\n\t\t>\n<div class=\"siteorigin-widget-tinymce textwidget\">\n\t<h2>Kompetente Abwicklung von Anfang bis Ende<\/h2>\n<p>Wurden Lasten und Pflichten erarbeitet, erstellt CYBERTRON ein Angebot f\u00fcr Ihr individuelles Anliegen. Dieses beinhaltet die Leistungen und den Zeitaufwand f\u00fcr Konstruktion, Elektronikentwicklung, Software und Fertigung. Im n\u00e4chsten Schritt erfolgt die Auftragserteilung Ihrerseits, gegliedert in die einzelnen Produktionsphasen. Nach diesem Startschuss tr\u00e4gt CYBERTRON mit allen notwendigen Leistungen zur Fertigstellung des neuen Ger\u00e4tes bei. Und dokumentiert den gesamten Projektablauf sorgf\u00e4ltig nach ISO 9001 und ISO 13485.<\/p>\n<\/div>\n<\/div><\/div><\/div><\/div><div id=\"pg-399-2\"  class=\"panel-grid panel-has-style\" ><div class=\"uk-background-muted fn-panel-row-reverse-mobile siteorigin-panels-stretch panel-row-style panel-row-style-for-399-2\" data-stretch-type=\"full\" ><div id=\"pgc-399-2-0\"  class=\"panel-grid-cell\" ><div id=\"panel-399-2-0-0\" class=\"so-panel widget widget_sow-editor panel-first-child panel-last-child\" data-index=\"4\" ><div\n\t\t\t\n\t\t\tclass=\"so-widget-sow-editor so-widget-sow-editor-base\"\n\t\t\t\n\t\t>\n<div class=\"siteorigin-widget-tinymce textwidget\">\n\t<h2>CYBERTRON beh\u00e4lt alles im Blick<\/h2>\n<p>Nur wenn alle relevanten Einflussfaktoren von Anfang an ber\u00fccksichtigt werden, k\u00f6nnen Sie mit dem neu entwickelten Ger\u00e4t erfolgreich arbeiten. Deshalb beachtet das Berliner Unternehmen von der ersten Idee bis zur Konzeptausarbeitung:<\/p>\n<ul class=\"fn-list-arrow\">\n<li>den Wettbewerb und erarbeitet mit Ihnen Wettbewerbsanalysen<\/li>\n<li>ein modernes Design<\/li>\n<li>den Wiedererkennungswert Ihres Unternehmens im Produkt<\/li>\n<li>das Corporate Design<\/li>\n<li>die Ergonomie<\/li>\n<li>die Bedienerfreundlichkeit<\/li>\n<li>die Wartungsfreundlichkeit<\/li>\n<li>den Einsatzbedingungen angepasster Aufbau<\/li>\n<li>die Klimasicherheit<\/li>\n<li>die EMV und Ger\u00e4tesicherheit<\/li>\n<\/ul>\n<\/div>\n<\/div><\/div><\/div><div id=\"pgc-399-2-1\"  class=\"panel-grid-cell\" ><div id=\"panel-399-2-1-0\" class=\"so-panel widget widget_sow-editor panel-first-child panel-last-child\" data-index=\"5\" ><div class=\"panel-widget-style panel-widget-style-for-399-2-1-0\" ><div\n\t\t\t\n\t\t\tclass=\"so-widget-sow-editor so-widget-sow-editor-base\"\n\t\t\t\n\t\t>\n<div class=\"siteorigin-widget-tinymce textwidget\">\n\t<i class=\"fas fa-file-certificate fn-icon-large uk-text-primary\"><\/i>\n<\/div>\n<\/div><\/div><\/div><\/div><\/div><\/div><div id=\"pg-399-3\"  class=\"panel-grid panel-no-style\" ><div id=\"pgc-399-3-0\"  class=\"panel-grid-cell\" ><div id=\"panel-399-3-0-0\" class=\"so-panel widget widget_sow-editor panel-first-child panel-last-child\" data-index=\"6\" ><div class=\"panel-widget-style panel-widget-style-for-399-3-0-0\" ><div\n\t\t\t\n\t\t\tclass=\"so-widget-sow-editor so-widget-sow-editor-base\"\n\t\t\t\n\t\t>\n<div class=\"siteorigin-widget-tinymce textwidget\">\n\t<i class=\"fas fa-user-headset fn-icon-large uk-text-primary\"><\/i>\n<\/div>\n<\/div><\/div><\/div><\/div><div id=\"pgc-399-3-1\"  class=\"panel-grid-cell\" ><div id=\"panel-399-3-1-0\" class=\"so-panel widget widget_sow-editor panel-first-child\" data-index=\"7\" ><div\n\t\t\t\n\t\t\tclass=\"so-widget-sow-editor so-widget-sow-editor-base\"\n\t\t\t\n\t\t>\n<div class=\"siteorigin-widget-tinymce textwidget\">\n\t<h2>Wir helfen Ihnen gern!<\/h2>\n<p>M\u00f6chten auch Sie Ihre Ger\u00e4teidee Wirklichkeit werden lassen? Dann sind Sie bei der CYBERTRON GmbH in Berlin genau richtig! Neben professioneller Ger\u00e4teentwicklung z\u00e4hlt umfassendes Projektmanagement zu den Dienstleistungen des Unternehmens. Worauf warten Sie noch? Das fachkundige Team erwartet Ihre unverbindliche Anfrage!<\/p>\n<\/div>\n<\/div><\/div><div id=\"panel-399-3-1-1\" class=\"so-panel widget widget_sow-editor panel-last-child\" data-index=\"8\" ><div\n\t\t\t\n\t\t\tclass=\"so-widget-sow-editor so-widget-sow-editor-base\"\n\t\t\t\n\t\t>\n<div class=\"siteorigin-widget-tinymce textwidget\">\n\t<p><a class=\"uk-button uk-button-default\" href=\"https:\/\/www.cybertron.berlin\/de\/kontakt\/\">Kontakt aufnehmen<\/a><\/p>\n<\/div>\n<\/div><\/div><\/div><\/div><\/div>","protected":false},"excerpt":{"rendered":"<p>Professionelle Ger\u00e4teentwicklung mit der CYBERTRON GmbH Von der ersten Idee bis zur Serienreife Bis Sie Ihr neu entwickeltes Ger\u00e4t in den H\u00e4nden halten, liegt ein langer und herausfordernder Weg vor Ihnen. Gehen Sie ihn deshalb nicht allein. Sondern gemeinsam mit der CYBERTRON GmbH \u2013 Ihrem Spezialisten f\u00fcr Ger\u00e4teentwicklung in Berlin! Sie halten Ihre Ger\u00e4teidee in [&hellip;]<\/p>\n","protected":false},"author":1,"featured_media":0,"parent":0,"menu_order":0,"comment_status":"closed","ping_status":"closed","template":"","meta":{"_acf_changed":false,"footnotes":""},"class_list":["post-399","page","type-page","status-publish","hentry"],"acf":[],"yoast_head":"<!-- This site is optimized with the Yoast SEO plugin v26.9 - https:\/\/yoast.com\/product\/yoast-seo-wordpress\/ -->\n<title>Cybertron GmbH \u2013 professionelle Ger\u00e4teentwicklung<\/title>\n<meta name=\"description\" content=\"Von der ersten Ger\u00e4teidee bis zur Serienreife eines neuen Produktes ist es ein langer Weg. Gehen Sie diesen gemeinsam mit Calantec in Berlin.\" \/>\n<meta name=\"robots\" content=\"index, follow, max-snippet:-1, max-image-preview:large, max-video-preview:-1\" \/>\n<link rel=\"canonical\" href=\"https:\/\/www.cybertron.berlin\/de\/geraeteentwicklung\/\" \/>\n<meta property=\"og:locale\" content=\"de_DE\" \/>\n<meta property=\"og:type\" content=\"article\" \/>\n<meta property=\"og:title\" content=\"Cybertron GmbH \u2013 professionelle Ger\u00e4teentwicklung\" \/>\n<meta property=\"og:description\" content=\"Von der ersten Ger\u00e4teidee bis zur Serienreife eines neuen Produktes ist es ein langer Weg. Gehen Sie diesen gemeinsam mit Calantec in Berlin.\" \/>\n<meta property=\"og:url\" content=\"https:\/\/www.cybertron.berlin\/de\/geraeteentwicklung\/\" \/>\n<meta property=\"og:site_name\" content=\"CYBERTRON\" \/>\n<meta property=\"article:modified_time\" content=\"2025-11-06T08:08:05+00:00\" \/>\n<meta name=\"twitter:card\" content=\"summary_large_image\" \/>\n<meta name=\"twitter:label1\" content=\"Gesch\u00e4tzte Lesezeit\" \/>\n\t<meta name=\"twitter:data1\" content=\"3\u00a0Minuten\" \/>\n<script type=\"application\/ld+json\" class=\"yoast-schema-graph\">{\"@context\":\"https:\/\/schema.org\",\"@graph\":[{\"@type\":\"WebPage\",\"@id\":\"https:\/\/www.cybertron.berlin\/de\/geraeteentwicklung\/\",\"url\":\"https:\/\/www.cybertron.berlin\/de\/geraeteentwicklung\/\",\"name\":\"Cybertron GmbH \u2013 professionelle Ger\u00e4teentwicklung\",\"isPartOf\":{\"@id\":\"https:\/\/www.cybertron.berlin\/de\/#website\"},\"datePublished\":\"2022-10-24T13:30:33+00:00\",\"dateModified\":\"2025-11-06T08:08:05+00:00\",\"description\":\"Von der ersten Ger\u00e4teidee bis zur Serienreife eines neuen Produktes ist es ein langer Weg. Gehen Sie diesen gemeinsam mit Calantec in Berlin.\",\"breadcrumb\":{\"@id\":\"https:\/\/www.cybertron.berlin\/de\/geraeteentwicklung\/#breadcrumb\"},\"inLanguage\":\"de\",\"potentialAction\":[{\"@type\":\"ReadAction\",\"target\":[\"https:\/\/www.cybertron.berlin\/de\/geraeteentwicklung\/\"]}]},{\"@type\":\"BreadcrumbList\",\"@id\":\"https:\/\/www.cybertron.berlin\/de\/geraeteentwicklung\/#breadcrumb\",\"itemListElement\":[{\"@type\":\"ListItem\",\"position\":1,\"name\":\"Startseite\",\"item\":\"https:\/\/www.cybertron.berlin\/de\/\"},{\"@type\":\"ListItem\",\"position\":2,\"name\":\"Ger\u00e4teentwicklung\"}]},{\"@type\":\"WebSite\",\"@id\":\"https:\/\/www.cybertron.berlin\/de\/#website\",\"url\":\"https:\/\/www.cybertron.berlin\/de\/\",\"name\":\"CYBERTRON\",\"description\":\"Willkommen bei CYBERTRON in Berlin!\",\"publisher\":{\"@id\":\"https:\/\/www.cybertron.berlin\/de\/#organization\"},\"potentialAction\":[{\"@type\":\"SearchAction\",\"target\":{\"@type\":\"EntryPoint\",\"urlTemplate\":\"https:\/\/www.cybertron.berlin\/de\/?s={search_term_string}\"},\"query-input\":{\"@type\":\"PropertyValueSpecification\",\"valueRequired\":true,\"valueName\":\"search_term_string\"}}],\"inLanguage\":\"de\"},{\"@type\":\"Organization\",\"@id\":\"https:\/\/www.cybertron.berlin\/de\/#organization\",\"name\":\"CYBERTRON GmbH\",\"url\":\"https:\/\/www.cybertron.berlin\/de\/\",\"logo\":{\"@type\":\"ImageObject\",\"inLanguage\":\"de\",\"@id\":\"https:\/\/www.cybertron.berlin\/de\/#\/schema\/logo\/image\/\",\"url\":\"https:\/\/www.cybertron.berlin\/wp-content\/uploads\/Cybertron-Logo.png\",\"contentUrl\":\"https:\/\/www.cybertron.berlin\/wp-content\/uploads\/Cybertron-Logo.png\",\"width\":2126,\"height\":413,\"caption\":\"CYBERTRON GmbH\"},\"image\":{\"@id\":\"https:\/\/www.cybertron.berlin\/de\/#\/schema\/logo\/image\/\"}}]}<\/script>\n<!-- \/ Yoast SEO plugin. -->","yoast_head_json":{"title":"Cybertron GmbH \u2013 professionelle Ger\u00e4teentwicklung","description":"Von der ersten Ger\u00e4teidee bis zur Serienreife eines neuen Produktes ist es ein langer Weg. Gehen Sie diesen gemeinsam mit Calantec in Berlin.","robots":{"index":"index","follow":"follow","max-snippet":"max-snippet:-1","max-image-preview":"max-image-preview:large","max-video-preview":"max-video-preview:-1"},"canonical":"https:\/\/www.cybertron.berlin\/de\/geraeteentwicklung\/","og_locale":"de_DE","og_type":"article","og_title":"Cybertron GmbH \u2013 professionelle Ger\u00e4teentwicklung","og_description":"Von der ersten Ger\u00e4teidee bis zur Serienreife eines neuen Produktes ist es ein langer Weg. Gehen Sie diesen gemeinsam mit Calantec in Berlin.","og_url":"https:\/\/www.cybertron.berlin\/de\/geraeteentwicklung\/","og_site_name":"CYBERTRON","article_modified_time":"2025-11-06T08:08:05+00:00","twitter_card":"summary_large_image","twitter_misc":{"Gesch\u00e4tzte Lesezeit":"3\u00a0Minuten"},"schema":{"@context":"https:\/\/schema.org","@graph":[{"@type":"WebPage","@id":"https:\/\/www.cybertron.berlin\/de\/geraeteentwicklung\/","url":"https:\/\/www.cybertron.berlin\/de\/geraeteentwicklung\/","name":"Cybertron GmbH \u2013 professionelle Ger\u00e4teentwicklung","isPartOf":{"@id":"https:\/\/www.cybertron.berlin\/de\/#website"},"datePublished":"2022-10-24T13:30:33+00:00","dateModified":"2025-11-06T08:08:05+00:00","description":"Von der ersten Ger\u00e4teidee bis zur Serienreife eines neuen Produktes ist es ein langer Weg. Gehen Sie diesen gemeinsam mit Calantec in Berlin.","breadcrumb":{"@id":"https:\/\/www.cybertron.berlin\/de\/geraeteentwicklung\/#breadcrumb"},"inLanguage":"de","potentialAction":[{"@type":"ReadAction","target":["https:\/\/www.cybertron.berlin\/de\/geraeteentwicklung\/"]}]},{"@type":"BreadcrumbList","@id":"https:\/\/www.cybertron.berlin\/de\/geraeteentwicklung\/#breadcrumb","itemListElement":[{"@type":"ListItem","position":1,"name":"Startseite","item":"https:\/\/www.cybertron.berlin\/de\/"},{"@type":"ListItem","position":2,"name":"Ger\u00e4teentwicklung"}]},{"@type":"WebSite","@id":"https:\/\/www.cybertron.berlin\/de\/#website","url":"https:\/\/www.cybertron.berlin\/de\/","name":"CYBERTRON","description":"Willkommen bei CYBERTRON in Berlin!","publisher":{"@id":"https:\/\/www.cybertron.berlin\/de\/#organization"},"potentialAction":[{"@type":"SearchAction","target":{"@type":"EntryPoint","urlTemplate":"https:\/\/www.cybertron.berlin\/de\/?s={search_term_string}"},"query-input":{"@type":"PropertyValueSpecification","valueRequired":true,"valueName":"search_term_string"}}],"inLanguage":"de"},{"@type":"Organization","@id":"https:\/\/www.cybertron.berlin\/de\/#organization","name":"CYBERTRON GmbH","url":"https:\/\/www.cybertron.berlin\/de\/","logo":{"@type":"ImageObject","inLanguage":"de","@id":"https:\/\/www.cybertron.berlin\/de\/#\/schema\/logo\/image\/","url":"https:\/\/www.cybertron.berlin\/wp-content\/uploads\/Cybertron-Logo.png","contentUrl":"https:\/\/www.cybertron.berlin\/wp-content\/uploads\/Cybertron-Logo.png","width":2126,"height":413,"caption":"CYBERTRON GmbH"},"image":{"@id":"https:\/\/www.cybertron.berlin\/de\/#\/schema\/logo\/image\/"}}]}},"_links":{"self":[{"href":"https:\/\/www.cybertron.berlin\/de\/wp-json\/wp\/v2\/pages\/399","targetHints":{"allow":["GET"]}}],"collection":[{"href":"https:\/\/www.cybertron.berlin\/de\/wp-json\/wp\/v2\/pages"}],"about":[{"href":"https:\/\/www.cybertron.berlin\/de\/wp-json\/wp\/v2\/types\/page"}],"author":[{"embeddable":true,"href":"https:\/\/www.cybertron.berlin\/de\/wp-json\/wp\/v2\/users\/1"}],"replies":[{"embeddable":true,"href":"https:\/\/www.cybertron.berlin\/de\/wp-json\/wp\/v2\/comments?post=399"}],"version-history":[{"count":15,"href":"https:\/\/www.cybertron.berlin\/de\/wp-json\/wp\/v2\/pages\/399\/revisions"}],"predecessor-version":[{"id":1700,"href":"https:\/\/www.cybertron.berlin\/de\/wp-json\/wp\/v2\/pages\/399\/revisions\/1700"}],"wp:attachment":[{"href":"https:\/\/www.cybertron.berlin\/de\/wp-json\/wp\/v2\/media?parent=399"}],"curies":[{"name":"wp","href":"https:\/\/api.w.org\/{rel}","templated":true}]}}