{"id":35,"date":"2022-10-04T14:07:43","date_gmt":"2022-10-04T12:07:43","guid":{"rendered":"https:\/\/www.cybertron.berlin\/?page_id=35"},"modified":"2025-11-06T09:12:53","modified_gmt":"2025-11-06T08:12:53","slug":"unternehmen","status":"publish","type":"page","link":"https:\/\/www.cybertron.berlin\/de\/unternehmen\/","title":{"rendered":"Unternehmen"},"content":{"rendered":"<div id=\"pl-35\"  class=\"panel-layout\" ><div id=\"pg-35-0\"  class=\"panel-grid panel-has-style\" ><div class=\"uk-background-muted siteorigin-panels-stretch panel-row-style panel-row-style-for-35-0\" data-stretch-type=\"full\" ><div id=\"pgc-35-0-0\"  class=\"panel-grid-cell\" ><div id=\"panel-35-0-0-0\" class=\"so-panel widget widget_sow-editor panel-first-child panel-last-child\" data-index=\"0\" ><div\n\t\t\t\n\t\t\tclass=\"so-widget-sow-editor so-widget-sow-editor-base\"\n\t\t\t\n\t\t>\n<div class=\"siteorigin-widget-tinymce textwidget\">\n\t<h1>CYBERTRON in Berlin<\/h1>\n<p class=\"uk-text-large\">Stetige Weiterentwicklung und Kompetenzerweiterung<\/p>\n<p>Gegenstand des Unternehmens ist die Entwicklung, die industrielle Produktion und der Vertrieb von Ger\u00e4ten und Komponenten f\u00fcr die Medizintechnik und die Laborautomation sowie die Entwicklung, die Produktion und der Vertrieb von kinematischen Systemen.<\/p>\n<p>Wir, ein kleines, dynamisches Team, haben uns zur Aufgabe gemacht, komplexe Ger\u00e4te und Maschinen zu entwickeln und in Dienstleistung zu produzieren. Jeder Einzelne von uns besitzt langj\u00e4hrige Erfahrung in seinem Kompetenzbereich. Wir decken die Entwicklungsschwerpunkte Konstruktion, Elektronik und die Bereiche technischer Einkauf, Projektkoordinierung, Prototypenfertigung und Serien\u00fcberf\u00fchrung von komplexen Ger\u00e4ten ab.<\/p>\n<p>Aufgrund unserer Erfahrung k\u00f6nnen wir auf ein bedeutendes Netzwerk von Spezialisten und Dienstleistern zur\u00fcckgreifen.<\/p>\n<\/div>\n<\/div><\/div><\/div><div id=\"pgc-35-0-1\"  class=\"panel-grid-cell\" ><div id=\"panel-35-0-1-0\" class=\"so-panel widget widget_sow-image panel-first-child panel-last-child\" data-index=\"1\" ><div\n\t\t\t\n\t\t\tclass=\"so-widget-sow-image so-widget-sow-image-default-c67d20f9f743-35\"\n\t\t\t\n\t\t>\n<div class=\"sow-image-container\">\n\t\t<img \n\tsrc=\"https:\/\/www.cybertron.berlin\/wp-content\/uploads\/20221114_100937-1024x768.jpg\" width=\"1024\" height=\"768\" srcset=\"https:\/\/www.cybertron.berlin\/wp-content\/uploads\/20221114_100937-1024x768.jpg 1024w, https:\/\/www.cybertron.berlin\/wp-content\/uploads\/20221114_100937-300x225.jpg 300w, https:\/\/www.cybertron.berlin\/wp-content\/uploads\/20221114_100937-768x576.jpg 768w, https:\/\/www.cybertron.berlin\/wp-content\/uploads\/20221114_100937-1536x1152.jpg 1536w, https:\/\/www.cybertron.berlin\/wp-content\/uploads\/20221114_100937-2048x1536.jpg 2048w\" sizes=\"(max-width: 1024px) 100vw, 1024px\" title=\"20221114_100937\" alt=\"\" \t\tclass=\"so-widget-image\"\/>\n\t<\/div>\n\n<\/div><\/div><\/div><\/div><\/div><div id=\"pg-35-1\"  class=\"panel-grid panel-has-style\" ><div class=\"fn-panel-row-reverse-mobile panel-row-style panel-row-style-for-35-1\" ><div id=\"pgc-35-1-0\"  class=\"panel-grid-cell\" ><div id=\"panel-35-1-0-0\" class=\"so-panel widget widget_fn-lightbox panel-first-child panel-last-child\" data-index=\"2\" ><div\n\t\t\t\n\t\t\tclass=\"so-widget-fn-lightbox so-widget-fn-lightbox-base\"\n\t\t\t\n\t\t><div class=\"fn-lightbox youtube\"><div class=\"BorlabsCookie _brlbs-cb-youtube\"><div class=\"_brlbs-content-blocker\"> <div class=\"_brlbs-embed _brlbs-video-youtube\"> <img decoding=\"async\" class=\"_brlbs-thumbnail\" src=\"https:\/\/www.cybertron.berlin\/wp-content\/uploads\/piu-cad-1024x750.jpg\" alt=\"YouTube\"> <div class=\"_brlbs-caption\"> <p>Mit dem Laden des Videos akzeptieren Sie die Datenschutzerkl\u00e4rung von YouTube.<br><a href=\"https:\/\/policies.google.com\/privacy\" target=\"_blank\" rel=\"nofollow noopener noreferrer\">Mehr erfahren<\/a><\/p> <p><a class=\"_brlbs-btn _brlbs-icon-play-white\" href=\"#\" data-borlabs-cookie-unblock role=\"button\">Video laden<\/a><\/p> <p><label><input type=\"checkbox\" name=\"unblockAll\" value=\"1\" checked> <small>YouTube immer entsperren<\/small><\/label><\/p> <\/div> <\/div> <\/div><div class=\"borlabs-hide\" data-borlabs-cookie-type=\"content-blocker\" data-borlabs-cookie-id=\"youtube\"><script type=\"text\/template\">PGRpdiBjbGFzcz0iIiB1ay1saWdodGJveD48YSBocmVmPSJodHRwczovL3lvdXR1LmJlLzVxaDhLakJIX3A4IiBkYXRhLWF0dHJzPSJ3aWR0aDogMTI4MDsgaGVpZ2h0OiA3MjA7Ij48aW1nIHdpZHRoPSIxMDI0IiBoZWlnaHQ9Ijc1MCIgc3JjPSJodHRwczovL3d3dy5jeWJlcnRyb24uYmVybGluL3dwLWNvbnRlbnQvdXBsb2Fkcy9waXUtY2FkLTEwMjR4NzUwLmpwZyIgY2xhc3M9ImF0dGFjaG1lbnQtbGFyZ2Ugc2l6ZS1sYXJnZSIgYWx0PSIiIHNyY3NldD0iaHR0cHM6Ly93d3cuY3liZXJ0cm9uLmJlcmxpbi93cC1jb250ZW50L3VwbG9hZHMvcGl1LWNhZC0xMDI0eDc1MC5qcGcgMTAyNHcsIGh0dHBzOi8vd3d3LmN5YmVydHJvbi5iZXJsaW4vd3AtY29udGVudC91cGxvYWRzL3BpdS1jYWQtMzAweDIyMC5qcGcgMzAwdywgaHR0cHM6Ly93d3cuY3liZXJ0cm9uLmJlcmxpbi93cC1jb250ZW50L3VwbG9hZHMvcGl1LWNhZC03Njh4NTYzLmpwZyA3Njh3LCBodHRwczovL3d3dy5jeWJlcnRyb24uYmVybGluL3dwLWNvbnRlbnQvdXBsb2Fkcy9waXUtY2FkLmpwZyAxMDg0dyIgc2l6ZXM9IihtYXgtd2lkdGg6IDEwMjRweCkgMTAwdncsIDEwMjRweCIgLz48L2E+PC9kaXY+<\/script><\/div><\/div><\/div><\/div><\/div><\/div><div id=\"pgc-35-1-1\"  class=\"panel-grid-cell\" ><div id=\"panel-35-1-1-0\" class=\"so-panel widget widget_sow-editor panel-first-child panel-last-child\" data-index=\"3\" ><div\n\t\t\t\n\t\t\tclass=\"so-widget-sow-editor so-widget-sow-editor-base\"\n\t\t\t\n\t\t>\n<div class=\"siteorigin-widget-tinymce textwidget\">\n\t<h2>Kernkompetenzen des Berliner Unternehmens<\/h2>\n<blockquote>\n<p>Unsere Kernkompetenz und liebstes Aufgabenfeld liegt im Bereich der Entwicklung von kinematischen Systemen, ...<\/p>\n<\/blockquote>\n<p>...vor allem Probenhandlingssysteme, Dosiersysteme und High Speed-Spotter. Aber auch kleine OEM-Komponenten f\u00fcr verschiedenste Mess- und Positionieraufgaben z\u00e4hlen zu den St\u00e4rken der CYBERTRON GmbH. Komplexe Ger\u00e4te im Ganzen betrachten. Produkte individuell entwickeln, fertigen und in Serie produzieren.<\/p>\n<p>Zusehends etablieren wir uns im Bereich der Ger\u00e4teentwicklung f\u00fcr die Diagnostik und die Medizintechnik getrieben von den Resonanzen unserer zahlreichen Messebesuche.<\/p>\n<\/div>\n<\/div><\/div><\/div><\/div><\/div><div id=\"pg-35-2\"  class=\"panel-grid panel-no-style\" ><div id=\"pgc-35-2-0\"  class=\"panel-grid-cell\" ><div id=\"panel-35-2-0-0\" class=\"widget_text so-panel widget widget_custom_html panel-first-child panel-last-child\" data-index=\"4\" ><div class=\"textwidget custom-html-widget\"><hr \/><\/div><\/div><\/div><\/div><div id=\"pg-35-3\"  class=\"panel-grid panel-no-style\" ><div id=\"pgc-35-3-0\"  class=\"panel-grid-cell\" ><div class=\"fn-panel-primary uk-light uk-padding panel-cell-style panel-cell-style-for-35-3-0\" ><div id=\"panel-35-3-0-0\" class=\"so-panel widget widget_sow-editor panel-first-child\" data-index=\"5\" ><div\n\t\t\t\n\t\t\tclass=\"so-widget-sow-editor so-widget-sow-editor-base\"\n\t\t\t\n\t\t>\n<div class=\"siteorigin-widget-tinymce textwidget\">\n\t<p class=\"uk-h2\">Geht nicht, gibt\u2019s nicht!<\/p>\n<p>Beim Berliner Unternehmen sind auch au\u00dfergew\u00f6hnliche oder herausfordernde Aufgabenstellungen jederzeit gerne willkommen. Nutzen Sie das Know-how und die Flexibilit\u00e4t, die das CYBERTRON-Team bietet. Und holen Sie sich f\u00fcr die Realisierung Ihres Projektes einen starken Partner ins Boot!<\/p>\n<\/div>\n<\/div><\/div><div id=\"panel-35-3-0-1\" class=\"so-panel widget widget_sow-editor panel-last-child\" data-index=\"6\" ><div\n\t\t\t\n\t\t\tclass=\"so-widget-sow-editor so-widget-sow-editor-base\"\n\t\t\t\n\t\t>\n<div class=\"siteorigin-widget-tinymce textwidget\">\n\t<p><a class=\"uk-button uk-button-default\" href=\"https:\/\/www.cybertron.berlin\/de\/kontakt\/\">Kontakt aufnehmen<\/a><\/p>\n<\/div>\n<\/div><\/div><\/div><\/div><div id=\"pgc-35-3-1\"  class=\"panel-grid-cell\" ><div id=\"panel-35-3-1-0\" class=\"so-panel widget widget_sow-image panel-first-child panel-last-child\" data-index=\"7\" ><div\n\t\t\t\n\t\t\tclass=\"so-widget-sow-image so-widget-sow-image-default-c67d20f9f743-35\"\n\t\t\t\n\t\t>\n<div class=\"sow-image-container\">\n\t\t<img \n\tsrc=\"https:\/\/www.cybertron.berlin\/wp-content\/uploads\/Cybertron-Logo-1024x199.png\" width=\"1024\" height=\"199\" srcset=\"https:\/\/www.cybertron.berlin\/wp-content\/uploads\/Cybertron-Logo-1024x199.png 1024w, https:\/\/www.cybertron.berlin\/wp-content\/uploads\/Cybertron-Logo-300x58.png 300w, https:\/\/www.cybertron.berlin\/wp-content\/uploads\/Cybertron-Logo-768x149.png 768w, https:\/\/www.cybertron.berlin\/wp-content\/uploads\/Cybertron-Logo-1536x298.png 1536w, https:\/\/www.cybertron.berlin\/wp-content\/uploads\/Cybertron-Logo-2048x398.png 2048w\" sizes=\"(max-width: 1024px) 100vw, 1024px\" alt=\"\" \t\tclass=\"so-widget-image\"\/>\n\t<\/div>\n\n<\/div><\/div><\/div><\/div><\/div>","protected":false},"excerpt":{"rendered":"<p>CYBERTRON in Berlin Stetige Weiterentwicklung und Kompetenzerweiterung Gegenstand des Unternehmens ist die Entwicklung, die industrielle Produktion und der Vertrieb von Ger\u00e4ten und Komponenten f\u00fcr die Medizintechnik und die Laborautomation sowie die Entwicklung, die Produktion und der Vertrieb von kinematischen Systemen. Wir, ein kleines, dynamisches Team, haben uns zur Aufgabe gemacht, komplexe Ger\u00e4te und Maschinen zu [&hellip;]<\/p>\n","protected":false},"author":1,"featured_media":0,"parent":0,"menu_order":0,"comment_status":"closed","ping_status":"closed","template":"","meta":{"_acf_changed":false,"footnotes":""},"class_list":["post-35","page","type-page","status-publish","hentry"],"acf":[],"yoast_head":"<!-- This site is optimized with the Yoast SEO plugin v26.9 - https:\/\/yoast.com\/product\/yoast-seo-wordpress\/ -->\n<title>Cybertron GmbH in Berlin<\/title>\n<meta name=\"description\" content=\"Ger\u00e4teentwicklung und OEM-Komponenten z\u00e4hlen seit jeher zu den St\u00e4rken der Cybertron GmbH mit Sitz in Berlin.\" \/>\n<meta name=\"robots\" content=\"index, follow, max-snippet:-1, max-image-preview:large, max-video-preview:-1\" \/>\n<link rel=\"canonical\" href=\"https:\/\/www.cybertron.berlin\/de\/unternehmen\/\" \/>\n<meta property=\"og:locale\" content=\"de_DE\" \/>\n<meta property=\"og:type\" content=\"article\" \/>\n<meta property=\"og:title\" content=\"Cybertron GmbH in Berlin\" \/>\n<meta property=\"og:description\" content=\"Ger\u00e4teentwicklung und OEM-Komponenten z\u00e4hlen seit jeher zu den St\u00e4rken der Cybertron GmbH mit Sitz in Berlin.\" \/>\n<meta property=\"og:url\" content=\"https:\/\/www.cybertron.berlin\/de\/unternehmen\/\" \/>\n<meta property=\"og:site_name\" content=\"CYBERTRON\" \/>\n<meta property=\"article:modified_time\" content=\"2025-11-06T08:12:53+00:00\" \/>\n<meta name=\"twitter:card\" content=\"summary_large_image\" \/>\n<meta name=\"twitter:label1\" content=\"Gesch\u00e4tzte Lesezeit\" \/>\n\t<meta name=\"twitter:data1\" content=\"2\u00a0Minuten\" \/>\n<script type=\"application\/ld+json\" class=\"yoast-schema-graph\">{\"@context\":\"https:\/\/schema.org\",\"@graph\":[{\"@type\":\"WebPage\",\"@id\":\"https:\/\/www.cybertron.berlin\/de\/unternehmen\/\",\"url\":\"https:\/\/www.cybertron.berlin\/de\/unternehmen\/\",\"name\":\"Cybertron GmbH in Berlin\",\"isPartOf\":{\"@id\":\"https:\/\/www.cybertron.berlin\/de\/#website\"},\"datePublished\":\"2022-10-04T12:07:43+00:00\",\"dateModified\":\"2025-11-06T08:12:53+00:00\",\"description\":\"Ger\u00e4teentwicklung und OEM-Komponenten z\u00e4hlen seit jeher zu den St\u00e4rken der Cybertron GmbH mit Sitz in Berlin.\",\"breadcrumb\":{\"@id\":\"https:\/\/www.cybertron.berlin\/de\/unternehmen\/#breadcrumb\"},\"inLanguage\":\"de\",\"potentialAction\":[{\"@type\":\"ReadAction\",\"target\":[\"https:\/\/www.cybertron.berlin\/de\/unternehmen\/\"]}]},{\"@type\":\"BreadcrumbList\",\"@id\":\"https:\/\/www.cybertron.berlin\/de\/unternehmen\/#breadcrumb\",\"itemListElement\":[{\"@type\":\"ListItem\",\"position\":1,\"name\":\"Startseite\",\"item\":\"https:\/\/www.cybertron.berlin\/de\/\"},{\"@type\":\"ListItem\",\"position\":2,\"name\":\"Unternehmen\"}]},{\"@type\":\"WebSite\",\"@id\":\"https:\/\/www.cybertron.berlin\/de\/#website\",\"url\":\"https:\/\/www.cybertron.berlin\/de\/\",\"name\":\"CYBERTRON\",\"description\":\"Willkommen bei CYBERTRON in Berlin!\",\"publisher\":{\"@id\":\"https:\/\/www.cybertron.berlin\/de\/#organization\"},\"potentialAction\":[{\"@type\":\"SearchAction\",\"target\":{\"@type\":\"EntryPoint\",\"urlTemplate\":\"https:\/\/www.cybertron.berlin\/de\/?s={search_term_string}\"},\"query-input\":{\"@type\":\"PropertyValueSpecification\",\"valueRequired\":true,\"valueName\":\"search_term_string\"}}],\"inLanguage\":\"de\"},{\"@type\":\"Organization\",\"@id\":\"https:\/\/www.cybertron.berlin\/de\/#organization\",\"name\":\"CYBERTRON GmbH\",\"url\":\"https:\/\/www.cybertron.berlin\/de\/\",\"logo\":{\"@type\":\"ImageObject\",\"inLanguage\":\"de\",\"@id\":\"https:\/\/www.cybertron.berlin\/de\/#\/schema\/logo\/image\/\",\"url\":\"https:\/\/www.cybertron.berlin\/wp-content\/uploads\/Cybertron-Logo.png\",\"contentUrl\":\"https:\/\/www.cybertron.berlin\/wp-content\/uploads\/Cybertron-Logo.png\",\"width\":2126,\"height\":413,\"caption\":\"CYBERTRON GmbH\"},\"image\":{\"@id\":\"https:\/\/www.cybertron.berlin\/de\/#\/schema\/logo\/image\/\"}}]}<\/script>\n<!-- \/ Yoast SEO plugin. -->","yoast_head_json":{"title":"Cybertron GmbH in Berlin","description":"Ger\u00e4teentwicklung und OEM-Komponenten z\u00e4hlen seit jeher zu den St\u00e4rken der Cybertron GmbH mit Sitz in Berlin.","robots":{"index":"index","follow":"follow","max-snippet":"max-snippet:-1","max-image-preview":"max-image-preview:large","max-video-preview":"max-video-preview:-1"},"canonical":"https:\/\/www.cybertron.berlin\/de\/unternehmen\/","og_locale":"de_DE","og_type":"article","og_title":"Cybertron GmbH in Berlin","og_description":"Ger\u00e4teentwicklung und OEM-Komponenten z\u00e4hlen seit jeher zu den St\u00e4rken der Cybertron GmbH mit Sitz in Berlin.","og_url":"https:\/\/www.cybertron.berlin\/de\/unternehmen\/","og_site_name":"CYBERTRON","article_modified_time":"2025-11-06T08:12:53+00:00","twitter_card":"summary_large_image","twitter_misc":{"Gesch\u00e4tzte Lesezeit":"2\u00a0Minuten"},"schema":{"@context":"https:\/\/schema.org","@graph":[{"@type":"WebPage","@id":"https:\/\/www.cybertron.berlin\/de\/unternehmen\/","url":"https:\/\/www.cybertron.berlin\/de\/unternehmen\/","name":"Cybertron GmbH in Berlin","isPartOf":{"@id":"https:\/\/www.cybertron.berlin\/de\/#website"},"datePublished":"2022-10-04T12:07:43+00:00","dateModified":"2025-11-06T08:12:53+00:00","description":"Ger\u00e4teentwicklung und OEM-Komponenten z\u00e4hlen seit jeher zu den St\u00e4rken der Cybertron GmbH mit Sitz in Berlin.","breadcrumb":{"@id":"https:\/\/www.cybertron.berlin\/de\/unternehmen\/#breadcrumb"},"inLanguage":"de","potentialAction":[{"@type":"ReadAction","target":["https:\/\/www.cybertron.berlin\/de\/unternehmen\/"]}]},{"@type":"BreadcrumbList","@id":"https:\/\/www.cybertron.berlin\/de\/unternehmen\/#breadcrumb","itemListElement":[{"@type":"ListItem","position":1,"name":"Startseite","item":"https:\/\/www.cybertron.berlin\/de\/"},{"@type":"ListItem","position":2,"name":"Unternehmen"}]},{"@type":"WebSite","@id":"https:\/\/www.cybertron.berlin\/de\/#website","url":"https:\/\/www.cybertron.berlin\/de\/","name":"CYBERTRON","description":"Willkommen bei CYBERTRON in Berlin!","publisher":{"@id":"https:\/\/www.cybertron.berlin\/de\/#organization"},"potentialAction":[{"@type":"SearchAction","target":{"@type":"EntryPoint","urlTemplate":"https:\/\/www.cybertron.berlin\/de\/?s={search_term_string}"},"query-input":{"@type":"PropertyValueSpecification","valueRequired":true,"valueName":"search_term_string"}}],"inLanguage":"de"},{"@type":"Organization","@id":"https:\/\/www.cybertron.berlin\/de\/#organization","name":"CYBERTRON GmbH","url":"https:\/\/www.cybertron.berlin\/de\/","logo":{"@type":"ImageObject","inLanguage":"de","@id":"https:\/\/www.cybertron.berlin\/de\/#\/schema\/logo\/image\/","url":"https:\/\/www.cybertron.berlin\/wp-content\/uploads\/Cybertron-Logo.png","contentUrl":"https:\/\/www.cybertron.berlin\/wp-content\/uploads\/Cybertron-Logo.png","width":2126,"height":413,"caption":"CYBERTRON GmbH"},"image":{"@id":"https:\/\/www.cybertron.berlin\/de\/#\/schema\/logo\/image\/"}}]}},"_links":{"self":[{"href":"https:\/\/www.cybertron.berlin\/de\/wp-json\/wp\/v2\/pages\/35","targetHints":{"allow":["GET"]}}],"collection":[{"href":"https:\/\/www.cybertron.berlin\/de\/wp-json\/wp\/v2\/pages"}],"about":[{"href":"https:\/\/www.cybertron.berlin\/de\/wp-json\/wp\/v2\/types\/page"}],"author":[{"embeddable":true,"href":"https:\/\/www.cybertron.berlin\/de\/wp-json\/wp\/v2\/users\/1"}],"replies":[{"embeddable":true,"href":"https:\/\/www.cybertron.berlin\/de\/wp-json\/wp\/v2\/comments?post=35"}],"version-history":[{"count":46,"href":"https:\/\/www.cybertron.berlin\/de\/wp-json\/wp\/v2\/pages\/35\/revisions"}],"predecessor-version":[{"id":1707,"href":"https:\/\/www.cybertron.berlin\/de\/wp-json\/wp\/v2\/pages\/35\/revisions\/1707"}],"wp:attachment":[{"href":"https:\/\/www.cybertron.berlin\/de\/wp-json\/wp\/v2\/media?parent=35"}],"curies":[{"name":"wp","href":"https:\/\/api.w.org\/{rel}","templated":true}]}}