{"id":319,"date":"2022-10-24T13:27:38","date_gmt":"2022-10-24T11:27:38","guid":{"rendered":"https:\/\/www.cybertron.berlin\/?page_id=319"},"modified":"2025-11-06T09:13:46","modified_gmt":"2025-11-06T08:13:46","slug":"probentemperierung","status":"publish","type":"page","link":"https:\/\/www.cybertron.berlin\/de\/probentemperierung\/","title":{"rendered":"Probentemperierung"},"content":{"rendered":"<div id=\"pl-319\"  class=\"panel-layout\" ><div id=\"pg-319-0\"  class=\"panel-grid panel-no-style\" ><div id=\"pgc-319-0-0\"  class=\"panel-grid-cell\" ><div id=\"panel-319-0-0-0\" class=\"so-panel widget widget_sow-editor panel-first-child panel-last-child\" data-index=\"0\" ><div\n\t\t\t\n\t\t\tclass=\"so-widget-sow-editor so-widget-sow-editor-base\"\n\t\t\t\n\t\t>\n<div class=\"siteorigin-widget-tinymce textwidget\">\n\t<h1>Probentemperierung von CYBERTRON<\/h1>\n<p class=\"uk-text-large\">Arbeitserleichterung durch richtig temperierte Proben<\/p>\n<p>Ein wichtiger Faktor f\u00fcr das erfolgreiche Arbeiten mit wissenschaftlichen Proben: Individuelle Temperierung! Daf\u00fcr bietet CYBERTRON in Berlin modernste, an Ihre Bed\u00fcrfnisse angepasste L\u00f6sungen an.<\/p>\n<p>Beim Umgang mit chemischen und biologischen Proben gilt es einiges zu beachten. Unter anderem ist, je nach Probe und Prozess, die richtige Temperatur von enormer Bedeutung. Daf\u00fcr sind nicht zwingend getrennte Arbeitspl\u00e4tze erforderlich. Denn CYBERTRON integriert auf Wunsch verschiedene Temperierungen in Ihr Automationssystem. So k\u00f6nnen Sie Aufwand, Zeit und Kosten reduzieren!<\/p>\n<\/div>\n<\/div><\/div><\/div><div id=\"pgc-319-0-1\"  class=\"panel-grid-cell\" ><div id=\"panel-319-0-1-0\" class=\"so-panel widget widget_sow-image panel-first-child panel-last-child\" data-index=\"1\" ><div\n\t\t\t\n\t\t\tclass=\"so-widget-sow-image so-widget-sow-image-default-c67d20f9f743-319\"\n\t\t\t\n\t\t>\n<div class=\"sow-image-container\">\n\t\t<img \n\tsrc=\"https:\/\/www.cybertron.berlin\/wp-content\/uploads\/Produkt_Probentemperierung.jpg\" width=\"871\" height=\"794\" srcset=\"https:\/\/www.cybertron.berlin\/wp-content\/uploads\/Produkt_Probentemperierung.jpg 871w, https:\/\/www.cybertron.berlin\/wp-content\/uploads\/Produkt_Probentemperierung-300x273.jpg 300w, https:\/\/www.cybertron.berlin\/wp-content\/uploads\/Produkt_Probentemperierung-768x700.jpg 768w\" sizes=\"(max-width: 871px) 100vw, 871px\" alt=\"Ansicht Produkt Probentemperierung\" \t\tclass=\"so-widget-image\"\/>\n\t<\/div>\n\n<\/div><\/div><\/div><\/div><div id=\"pg-319-1\"  class=\"panel-grid panel-has-style\" ><div class=\"siteorigin-panels-stretch panel-row-style panel-row-style-for-319-1\" data-stretch-type=\"full-width-stretch\" ><div id=\"pgc-319-1-0\"  class=\"panel-grid-cell\" ><div class=\"panel-cell-style panel-cell-style-for-319-1-0\" ><div id=\"panel-319-1-0-0\" class=\"widget_text so-panel widget widget_custom_html panel-first-child panel-last-child\" data-index=\"2\" ><div class=\"textwidget custom-html-widget\"><\/div><\/div><\/div><\/div><div id=\"pgc-319-1-1\"  class=\"panel-grid-cell\" ><div class=\"uk-background-muted uk-padding-large uk-flex uk-flex-middle panel-cell-style panel-cell-style-for-319-1-1\" ><div id=\"panel-319-1-1-0\" class=\"so-panel widget widget_sow-editor panel-first-child panel-last-child\" data-index=\"3\" ><div\n\t\t\t\n\t\t\tclass=\"so-widget-sow-editor so-widget-sow-editor-base\"\n\t\t\t\n\t\t>\n<div class=\"siteorigin-widget-tinymce textwidget\">\n\t<h2>Temperierung durch Peltier-Elemente<\/h2>\n<p>Die Verwendung von Peltier-Elementen zur Probentemperierung ist in der Labortechnik weit ver-breitet, weil durch Umkehr der Stromrichtung der W\u00e4rmefluss einfach gedreht werden kann und wir somit kosteng\u00fcnstig temperierbare Arbeitsstationen von -5\u00b0C bis in den hohen Temperaturbereich anbieten k\u00f6nnen. Sowohl die K\u00fchlung als auch die Erw\u00e4rmung von Proben kann an einer Station durchf\u00fchrt werden. Die W\u00e4rme- bzw. K\u00e4lteabfuhr erfolgt -je nach Anwendung und Kundenwunsch- extern, via Fl\u00fcssigkeitsk\u00fchlung, oder intern, via aktiver Luftk\u00fchlung. Bei kleinen Stationen gibt es die M\u00f6glichkeit der passiven Luftk\u00fchlung. Durch eine abgestimmte Isolation unserer Temperierstationen wird die Bildung von Kondensaten weitestgehend vermieden. Durch die interne Temperaturmessung \u00fcber unsere Peltier-Controller garantieren wir eine konstante Temperierung aller Proben.<\/p>\n<\/div>\n<\/div><\/div><\/div><\/div><\/div><\/div><div id=\"pg-319-2\"  class=\"panel-grid panel-has-style\" ><div class=\"fn-panel-row-reverse-mobile siteorigin-panels-stretch panel-row-style panel-row-style-for-319-2\" data-stretch-type=\"full-width-stretch\" ><div id=\"pgc-319-2-0\"  class=\"panel-grid-cell\" ><div class=\"uk-background-muted uk-padding-large panel-cell-style panel-cell-style-for-319-2-0\" ><div id=\"panel-319-2-0-0\" class=\"so-panel widget widget_sow-editor panel-first-child\" data-index=\"4\" ><div\n\t\t\t\n\t\t\tclass=\"so-widget-sow-editor so-widget-sow-editor-base\"\n\t\t\t\n\t\t>\n<div class=\"siteorigin-widget-tinymce textwidget\">\n\t<h2>Weitere M\u00f6glichkeiten und Beispiele der Temperaturregelung<\/h2>\n<ul class=\"fn-list-arrow\">\n<li>Probenk\u00fchlung innerhalb eines Liquidhandling-Systems mittels Peltier-Elemente<\/li>\n<li>Aufheizstation f\u00fcr Mikrotiterplatten auf K\u00f6rpertemperatur zur Reaktionsanregung von Zellkulturen<\/li>\n<li>Aufheizstation bis zur Verdampfung, z.B. um Auskristallisation zu untersuchen<\/li>\n<li>Probenspeicher mit integrierter K\u00fchlung, um gesondert gek\u00fchlte Lagersysteme einzusparen<\/li>\n<\/ul>\n<p>Haben auch Sie ganz bestimmte Vorstellungen, was die Temperierung Ihrer Proben betrifft? Das fachkundige Team von CYBERTRON freut sich auf Ihre individuelle Aufgabenstellung! Und h\u00e4lt weitere technische Informationen zu den einzelnen Verfahren und Produkten f\u00fcr Sie bereit.<\/p>\n<\/div>\n<\/div><\/div><div id=\"panel-319-2-0-1\" class=\"so-panel widget widget_sow-editor panel-last-child\" data-index=\"5\" ><div\n\t\t\t\n\t\t\tclass=\"so-widget-sow-editor so-widget-sow-editor-base\"\n\t\t\t\n\t\t>\n<div class=\"siteorigin-widget-tinymce textwidget\">\n\t<p><a class=\"uk-button uk-button-default\" href=\"https:\/\/www.cybertron.berlin\/de\/kontakt\/\" rel=\"noopener\">Kontakt aufnehmen<\/a><\/p>\n<\/div>\n<\/div><\/div><\/div><\/div><div id=\"pgc-319-2-1\"  class=\"panel-grid-cell\" ><div class=\"panel-cell-style panel-cell-style-for-319-2-1\" ><div id=\"panel-319-2-1-0\" class=\"widget_text so-panel widget widget_custom_html panel-first-child panel-last-child\" data-index=\"6\" ><div class=\"textwidget custom-html-widget\"><\/div><\/div><\/div><\/div><\/div><\/div><\/div>","protected":false},"excerpt":{"rendered":"<p>Probentemperierung von CYBERTRON Arbeitserleichterung durch richtig temperierte Proben Ein wichtiger Faktor f\u00fcr das erfolgreiche Arbeiten mit wissenschaftlichen Proben: Individuelle Temperierung! Daf\u00fcr bietet CYBERTRON in Berlin modernste, an Ihre Bed\u00fcrfnisse angepasste L\u00f6sungen an. Beim Umgang mit chemischen und biologischen Proben gilt es einiges zu beachten. Unter anderem ist, je nach Probe und Prozess, die richtige Temperatur [&hellip;]<\/p>\n","protected":false},"author":1,"featured_media":0,"parent":0,"menu_order":0,"comment_status":"closed","ping_status":"closed","template":"","meta":{"_acf_changed":false,"footnotes":""},"class_list":["post-319","page","type-page","status-publish","hentry"],"acf":[],"yoast_head":"<!-- This site is optimized with the Yoast SEO plugin v26.9 - https:\/\/yoast.com\/product\/yoast-seo-wordpress\/ -->\n<title>Temperaturregelung mit Technik von Cybertron GmbH<\/title>\n<meta name=\"description\" content=\"Sparen Sie Aufwand, Zeit und Geld. Mit modernster Technik zur Temperierung Ihrer Proben von Cybertron GmbH in Berlin.\" \/>\n<meta name=\"robots\" content=\"index, follow, max-snippet:-1, max-image-preview:large, max-video-preview:-1\" \/>\n<link rel=\"canonical\" href=\"https:\/\/www.cybertron.berlin\/de\/probentemperierung\/\" \/>\n<meta property=\"og:locale\" content=\"de_DE\" \/>\n<meta property=\"og:type\" content=\"article\" \/>\n<meta property=\"og:title\" content=\"Temperaturregelung mit Technik von Cybertron GmbH\" \/>\n<meta property=\"og:description\" content=\"Sparen Sie Aufwand, Zeit und Geld. Mit modernster Technik zur Temperierung Ihrer Proben von Cybertron GmbH in Berlin.\" \/>\n<meta property=\"og:url\" content=\"https:\/\/www.cybertron.berlin\/de\/probentemperierung\/\" \/>\n<meta property=\"og:site_name\" content=\"CYBERTRON\" \/>\n<meta property=\"article:modified_time\" content=\"2025-11-06T08:13:46+00:00\" \/>\n<meta name=\"twitter:card\" content=\"summary_large_image\" \/>\n<meta name=\"twitter:label1\" content=\"Gesch\u00e4tzte Lesezeit\" \/>\n\t<meta name=\"twitter:data1\" content=\"2\u00a0Minuten\" \/>\n<script type=\"application\/ld+json\" class=\"yoast-schema-graph\">{\"@context\":\"https:\/\/schema.org\",\"@graph\":[{\"@type\":\"WebPage\",\"@id\":\"https:\/\/www.cybertron.berlin\/de\/probentemperierung\/\",\"url\":\"https:\/\/www.cybertron.berlin\/de\/probentemperierung\/\",\"name\":\"Temperaturregelung mit Technik von Cybertron GmbH\",\"isPartOf\":{\"@id\":\"https:\/\/www.cybertron.berlin\/de\/#website\"},\"datePublished\":\"2022-10-24T11:27:38+00:00\",\"dateModified\":\"2025-11-06T08:13:46+00:00\",\"description\":\"Sparen Sie Aufwand, Zeit und Geld. Mit modernster Technik zur Temperierung Ihrer Proben von Cybertron GmbH in Berlin.\",\"breadcrumb\":{\"@id\":\"https:\/\/www.cybertron.berlin\/de\/probentemperierung\/#breadcrumb\"},\"inLanguage\":\"de\",\"potentialAction\":[{\"@type\":\"ReadAction\",\"target\":[\"https:\/\/www.cybertron.berlin\/de\/probentemperierung\/\"]}]},{\"@type\":\"BreadcrumbList\",\"@id\":\"https:\/\/www.cybertron.berlin\/de\/probentemperierung\/#breadcrumb\",\"itemListElement\":[{\"@type\":\"ListItem\",\"position\":1,\"name\":\"Startseite\",\"item\":\"https:\/\/www.cybertron.berlin\/de\/\"},{\"@type\":\"ListItem\",\"position\":2,\"name\":\"Probentemperierung\"}]},{\"@type\":\"WebSite\",\"@id\":\"https:\/\/www.cybertron.berlin\/de\/#website\",\"url\":\"https:\/\/www.cybertron.berlin\/de\/\",\"name\":\"CYBERTRON\",\"description\":\"Willkommen bei CYBERTRON in Berlin!\",\"publisher\":{\"@id\":\"https:\/\/www.cybertron.berlin\/de\/#organization\"},\"potentialAction\":[{\"@type\":\"SearchAction\",\"target\":{\"@type\":\"EntryPoint\",\"urlTemplate\":\"https:\/\/www.cybertron.berlin\/de\/?s={search_term_string}\"},\"query-input\":{\"@type\":\"PropertyValueSpecification\",\"valueRequired\":true,\"valueName\":\"search_term_string\"}}],\"inLanguage\":\"de\"},{\"@type\":\"Organization\",\"@id\":\"https:\/\/www.cybertron.berlin\/de\/#organization\",\"name\":\"CYBERTRON GmbH\",\"url\":\"https:\/\/www.cybertron.berlin\/de\/\",\"logo\":{\"@type\":\"ImageObject\",\"inLanguage\":\"de\",\"@id\":\"https:\/\/www.cybertron.berlin\/de\/#\/schema\/logo\/image\/\",\"url\":\"https:\/\/www.cybertron.berlin\/wp-content\/uploads\/Cybertron-Logo.png\",\"contentUrl\":\"https:\/\/www.cybertron.berlin\/wp-content\/uploads\/Cybertron-Logo.png\",\"width\":2126,\"height\":413,\"caption\":\"CYBERTRON GmbH\"},\"image\":{\"@id\":\"https:\/\/www.cybertron.berlin\/de\/#\/schema\/logo\/image\/\"}}]}<\/script>\n<!-- \/ Yoast SEO plugin. -->","yoast_head_json":{"title":"Temperaturregelung mit Technik von Cybertron GmbH","description":"Sparen Sie Aufwand, Zeit und Geld. Mit modernster Technik zur Temperierung Ihrer Proben von Cybertron GmbH in Berlin.","robots":{"index":"index","follow":"follow","max-snippet":"max-snippet:-1","max-image-preview":"max-image-preview:large","max-video-preview":"max-video-preview:-1"},"canonical":"https:\/\/www.cybertron.berlin\/de\/probentemperierung\/","og_locale":"de_DE","og_type":"article","og_title":"Temperaturregelung mit Technik von Cybertron GmbH","og_description":"Sparen Sie Aufwand, Zeit und Geld. Mit modernster Technik zur Temperierung Ihrer Proben von Cybertron GmbH in Berlin.","og_url":"https:\/\/www.cybertron.berlin\/de\/probentemperierung\/","og_site_name":"CYBERTRON","article_modified_time":"2025-11-06T08:13:46+00:00","twitter_card":"summary_large_image","twitter_misc":{"Gesch\u00e4tzte Lesezeit":"2\u00a0Minuten"},"schema":{"@context":"https:\/\/schema.org","@graph":[{"@type":"WebPage","@id":"https:\/\/www.cybertron.berlin\/de\/probentemperierung\/","url":"https:\/\/www.cybertron.berlin\/de\/probentemperierung\/","name":"Temperaturregelung mit Technik von Cybertron GmbH","isPartOf":{"@id":"https:\/\/www.cybertron.berlin\/de\/#website"},"datePublished":"2022-10-24T11:27:38+00:00","dateModified":"2025-11-06T08:13:46+00:00","description":"Sparen Sie Aufwand, Zeit und Geld. Mit modernster Technik zur Temperierung Ihrer Proben von Cybertron GmbH in Berlin.","breadcrumb":{"@id":"https:\/\/www.cybertron.berlin\/de\/probentemperierung\/#breadcrumb"},"inLanguage":"de","potentialAction":[{"@type":"ReadAction","target":["https:\/\/www.cybertron.berlin\/de\/probentemperierung\/"]}]},{"@type":"BreadcrumbList","@id":"https:\/\/www.cybertron.berlin\/de\/probentemperierung\/#breadcrumb","itemListElement":[{"@type":"ListItem","position":1,"name":"Startseite","item":"https:\/\/www.cybertron.berlin\/de\/"},{"@type":"ListItem","position":2,"name":"Probentemperierung"}]},{"@type":"WebSite","@id":"https:\/\/www.cybertron.berlin\/de\/#website","url":"https:\/\/www.cybertron.berlin\/de\/","name":"CYBERTRON","description":"Willkommen bei CYBERTRON in Berlin!","publisher":{"@id":"https:\/\/www.cybertron.berlin\/de\/#organization"},"potentialAction":[{"@type":"SearchAction","target":{"@type":"EntryPoint","urlTemplate":"https:\/\/www.cybertron.berlin\/de\/?s={search_term_string}"},"query-input":{"@type":"PropertyValueSpecification","valueRequired":true,"valueName":"search_term_string"}}],"inLanguage":"de"},{"@type":"Organization","@id":"https:\/\/www.cybertron.berlin\/de\/#organization","name":"CYBERTRON GmbH","url":"https:\/\/www.cybertron.berlin\/de\/","logo":{"@type":"ImageObject","inLanguage":"de","@id":"https:\/\/www.cybertron.berlin\/de\/#\/schema\/logo\/image\/","url":"https:\/\/www.cybertron.berlin\/wp-content\/uploads\/Cybertron-Logo.png","contentUrl":"https:\/\/www.cybertron.berlin\/wp-content\/uploads\/Cybertron-Logo.png","width":2126,"height":413,"caption":"CYBERTRON GmbH"},"image":{"@id":"https:\/\/www.cybertron.berlin\/de\/#\/schema\/logo\/image\/"}}]}},"_links":{"self":[{"href":"https:\/\/www.cybertron.berlin\/de\/wp-json\/wp\/v2\/pages\/319","targetHints":{"allow":["GET"]}}],"collection":[{"href":"https:\/\/www.cybertron.berlin\/de\/wp-json\/wp\/v2\/pages"}],"about":[{"href":"https:\/\/www.cybertron.berlin\/de\/wp-json\/wp\/v2\/types\/page"}],"author":[{"embeddable":true,"href":"https:\/\/www.cybertron.berlin\/de\/wp-json\/wp\/v2\/users\/1"}],"replies":[{"embeddable":true,"href":"https:\/\/www.cybertron.berlin\/de\/wp-json\/wp\/v2\/comments?post=319"}],"version-history":[{"count":16,"href":"https:\/\/www.cybertron.berlin\/de\/wp-json\/wp\/v2\/pages\/319\/revisions"}],"predecessor-version":[{"id":1709,"href":"https:\/\/www.cybertron.berlin\/de\/wp-json\/wp\/v2\/pages\/319\/revisions\/1709"}],"wp:attachment":[{"href":"https:\/\/www.cybertron.berlin\/de\/wp-json\/wp\/v2\/media?parent=319"}],"curies":[{"name":"wp","href":"https:\/\/api.w.org\/{rel}","templated":true}]}}