{"id":175,"date":"2022-10-21T14:01:51","date_gmt":"2022-10-21T12:01:51","guid":{"rendered":"https:\/\/www.cybertron.berlin\/?page_id=175"},"modified":"2025-11-06T09:12:25","modified_gmt":"2025-11-06T08:12:25","slug":"qualitaets-und-firmenpolitik","status":"publish","type":"page","link":"https:\/\/www.cybertron.berlin\/de\/qualitaets-und-firmenpolitik\/","title":{"rendered":"Qualit\u00e4ts- und Firmenpolitik"},"content":{"rendered":"<div id=\"pl-175\"  class=\"panel-layout\" ><div id=\"pg-175-0\"  class=\"panel-grid panel-has-style\" ><div class=\"uk-background-muted siteorigin-panels-stretch panel-row-style panel-row-style-for-175-0\" data-stretch-type=\"full\" ><div id=\"pgc-175-0-0\"  class=\"panel-grid-cell\" ><div id=\"panel-175-0-0-0\" class=\"so-panel widget widget_sow-editor panel-first-child panel-last-child\" data-index=\"0\" ><div\n\t\t\t\n\t\t\tclass=\"so-widget-sow-editor so-widget-sow-editor-base\"\n\t\t\t\n\t\t>\n<div class=\"siteorigin-widget-tinymce textwidget\">\n\t<h1>Was CYBERTRON bewegt<\/h1>\n<p class=\"uk-text-large\">Das Leitbild des Berliner Unternehmens<\/p>\n<blockquote>\n<p>Wir sind fasziniert von den Ideen unserer Kunden und motiviert, diese in Ger\u00e4te und OEM-Komponenten innovativ umzusetzen. Die Zufriedenheit unserer Kunden ist der Ma\u00dfstab unseres Handelns.<\/p>\n<\/blockquote>\n<p>Sichere Ger\u00e4te mit hohem innovativem Anspruch, die alle gesetzlichen und normativen Anforderungen erf\u00fcllen. Liefertreue und die konsequente Einhaltung gesteckter Kostenrahmen. Zahlreiche Aspekte, die das Risikomanagement des Berliner Unternehmens sicherstellt. Dabei steht die Qualit\u00e4t der Produkte, also die Erf\u00fcllung Ihrer ganz speziellen Anforderungen, stets im Vordergrund.<\/p>\n<\/div>\n<\/div><\/div><\/div><div id=\"pgc-175-0-1\"  class=\"panel-grid-cell\" ><div id=\"panel-175-0-1-0\" class=\"so-panel widget widget_sow-image panel-first-child panel-last-child\" data-index=\"1\" ><div\n\t\t\t\n\t\t\tclass=\"so-widget-sow-image so-widget-sow-image-default-c67d20f9f743-175\"\n\t\t\t\n\t\t>\n<div class=\"sow-image-container\">\n\t\t<img \n\tsrc=\"https:\/\/www.cybertron.berlin\/wp-content\/uploads\/5G1A9598-1024x683.jpg\" width=\"1024\" height=\"683\" srcset=\"https:\/\/www.cybertron.berlin\/wp-content\/uploads\/5G1A9598-1024x683.jpg 1024w, https:\/\/www.cybertron.berlin\/wp-content\/uploads\/5G1A9598-300x200.jpg 300w, https:\/\/www.cybertron.berlin\/wp-content\/uploads\/5G1A9598-768x512.jpg 768w, https:\/\/www.cybertron.berlin\/wp-content\/uploads\/5G1A9598-1536x1024.jpg 1536w, https:\/\/www.cybertron.berlin\/wp-content\/uploads\/5G1A9598-2048x1365.jpg 2048w\" sizes=\"(max-width: 1024px) 100vw, 1024px\" alt=\"\" \t\tclass=\"so-widget-image\"\/>\n\t<\/div>\n\n<\/div><\/div><\/div><\/div><\/div><div id=\"pg-175-1\"  class=\"panel-grid panel-no-style\" ><div id=\"pgc-175-1-0\"  class=\"panel-grid-cell\" ><div id=\"panel-175-1-0-0\" class=\"so-panel widget widget_sow-editor panel-first-child panel-last-child\" data-index=\"2\" ><div\n\t\t\t\n\t\t\tclass=\"so-widget-sow-editor so-widget-sow-editor-base\"\n\t\t\t\n\t\t>\n<div class=\"siteorigin-widget-tinymce textwidget\">\n\t<div class=\"fn-certificate\">\n      <div class=\"uk-child-width-1-2 uk-flex-row-reverse uk-flex-middle\" uk-grid><div>\n            <a class=\"uk-display-block\" href=\"https:\/\/www.gut-cert.de\/zertifikate\/firma\/token\/zp3ta4.html\" target=\"_blank\"><img decoding=\"async\" src=\"\" \/><\/a>\n          <\/div><div>\n            <a class=\"uk-display-block\" href=\"https:\/\/www.cybertron.berlin\/wp-content\/uploads\/Z-24-068-S_s.pdf\" target=\"_blank\"><img decoding=\"async\" src=\"\/thumbnail\/Z-24-068-S_s.pdf.jpg\" \/><\/a>\n          <\/div><div>\n            <a class=\"uk-display-block\" href=\"https:\/\/www.bescheinigung-forschungszulage.de\/forschung-und-entwicklung-im-rampenlicht\" target=\"_blank\"><img decoding=\"async\" src=\"\" \/><\/a>\n          <\/div><\/div>\n    <\/div>\n<\/div>\n<\/div><\/div><\/div><div id=\"pgc-175-1-1\"  class=\"panel-grid-cell\" ><div id=\"panel-175-1-1-0\" class=\"so-panel widget widget_sow-editor panel-first-child panel-last-child\" data-index=\"3\" ><div\n\t\t\t\n\t\t\tclass=\"so-widget-sow-editor so-widget-sow-editor-base\"\n\t\t\t\n\t\t>\n<div class=\"siteorigin-widget-tinymce textwidget\">\n\t<h2>Kundenzufriedenheit als oberstes Ziel<\/h2>\n<p>Bei CYBERTRON steht der Kunde mit seinen individuellen Anforderungen im Mittelpunkt. Eine partnerschaftliche Zusammenarbeit ist daher Voraussetzung f\u00fcr den Erfolg und wichtige Grundlage f\u00fcr kontinuierliches Wachstum am Markt.<\/p>\n<p>Egal ob kinematische Systeme oder OEM-Komponenten \u2013 CYBERTRON ist bestrebt, einer Vielzahl unterschiedlicher Unternehmen ein kompetenter Ansprechpartner zu sein. Hierf\u00fcr legen wir unser Augenmerk auf die ganzheitliche Betrachtung von Ger\u00e4ten, Maschinen und Prozessen. Dies schlie\u00dft auch die professionelle Beratung, Betreuung und Schulung aller Kunden ein, die mit Produkten von CYBERTRON arbeiten.<\/p>\n<\/div>\n<\/div><\/div><\/div><\/div><div id=\"pg-175-2\"  class=\"panel-grid panel-no-style\" ><div id=\"pgc-175-2-0\"  class=\"panel-grid-cell\" ><div id=\"panel-175-2-0-0\" class=\"widget_text so-panel widget widget_custom_html panel-first-child panel-last-child\" data-index=\"4\" ><div class=\"textwidget custom-html-widget\"><hr \/><\/div><\/div><\/div><\/div><div id=\"pg-175-3\"  class=\"panel-grid panel-has-style\" ><div class=\"fn-panel-row-reverse-mobile panel-row-style panel-row-style-for-175-3\" ><div id=\"pgc-175-3-0\"  class=\"panel-grid-cell\" ><div id=\"panel-175-3-0-0\" class=\"so-panel widget widget_sow-editor panel-first-child panel-last-child\" data-index=\"5\" ><div\n\t\t\t\n\t\t\tclass=\"so-widget-sow-editor so-widget-sow-editor-base\"\n\t\t\t\n\t\t>\n<div class=\"siteorigin-widget-tinymce textwidget\">\n\t<h2>Mit CYBERTRON zum Erfolg<\/h2>\n<p>Was f\u00fcr eine Zusammenarbeit mit der CYBERTRON GmbH in Berlin spricht?<\/p>\n<ul class=\"fn-list-arrow\">\n<li>kurze Entwicklungszeiten von OEM-Komponenten, Ger\u00e4ten und Maschinen<\/li>\n<li>eng kalkulierte Produkte und stetige Herstellkostenoptimierung<\/li>\n<li>kompetente und hilfsbereite Entwickler aus Elektronik und Mechanik auf kurzem Dienstweg verf\u00fcgbar<\/li>\n<li>gemeinsam mit den Entwicklern optimierte und produzierte Prototypen\/Kleinserien<\/li>\n<\/ul>\n<p>Auch Sie m\u00f6chten von diesen erfolgsversprechenden Vorteilen profitieren? Erkundigen Sie sich nach den verschiedenen Kernkompetenzen, Produkten und Dienstleistungen der CYBERTRON GmbH.<\/p>\n<\/div>\n<\/div><\/div><\/div><div id=\"pgc-175-3-1\"  class=\"panel-grid-cell\" ><div id=\"panel-175-3-1-0\" class=\"so-panel widget widget_sow-editor panel-first-child panel-last-child\" data-index=\"6\" ><div class=\"panel-widget-style panel-widget-style-for-175-3-1-0\" ><div\n\t\t\t\n\t\t\tclass=\"so-widget-sow-editor so-widget-sow-editor-base\"\n\t\t\t\n\t\t>\n<div class=\"siteorigin-widget-tinymce textwidget\">\n\t<i class=\"fas fa-hands-helping fn-icon-large uk-text-primary\"><\/i>\n<\/div>\n<\/div><\/div><\/div><\/div><\/div><\/div><div id=\"pg-175-4\"  class=\"panel-grid panel-no-style\" ><div id=\"pgc-175-4-0\"  class=\"panel-grid-cell\" ><div id=\"panel-175-4-0-0\" class=\"so-panel widget widget_sow-editor panel-first-child panel-last-child\" data-index=\"7\" ><div class=\"panel-widget-style panel-widget-style-for-175-4-0-0\" ><div\n\t\t\t\n\t\t\tclass=\"so-widget-sow-editor so-widget-sow-editor-base\"\n\t\t\t\n\t\t>\n<div class=\"siteorigin-widget-tinymce textwidget\">\n\t<i class=\"fas fa-user-headset fn-icon-large uk-text-primary\"><\/i>\n<\/div>\n<\/div><\/div><\/div><\/div><div id=\"pgc-175-4-1\"  class=\"panel-grid-cell\" ><div id=\"panel-175-4-1-0\" class=\"so-panel widget widget_sow-editor panel-first-child\" data-index=\"8\" ><div\n\t\t\t\n\t\t\tclass=\"so-widget-sow-editor so-widget-sow-editor-base\"\n\t\t\t\n\t\t>\n<div class=\"siteorigin-widget-tinymce textwidget\">\n\t<h2>Wir helfen Ihnen gern!<\/h2>\n<p>Sie finden sich in der Philosophie von CYBERTRON wieder? Dann z\u00f6gern Sie nicht, das engagierte Team des Berliner Unternehmens zu kontaktieren! Dieses freut sich auf Ihr ganz pers\u00f6nliches Anliegen. Und darauf, es gemeinsam mit Ihnen erfolgreich umzusetzen. <\/p>\n<\/div>\n<\/div><\/div><div id=\"panel-175-4-1-1\" class=\"so-panel widget widget_sow-editor panel-last-child\" data-index=\"9\" ><div\n\t\t\t\n\t\t\tclass=\"so-widget-sow-editor so-widget-sow-editor-base\"\n\t\t\t\n\t\t>\n<div class=\"siteorigin-widget-tinymce textwidget\">\n\t<p><a class=\"uk-button uk-button-default\" href=\"https:\/\/www.cybertron.berlin\/de\/kontakt\/\">Kontakt aufnehmen<\/a><\/p>\n<\/div>\n<\/div><\/div><\/div><\/div><\/div>","protected":false},"excerpt":{"rendered":"<p>Was CYBERTRON bewegt Das Leitbild des Berliner Unternehmens Wir sind fasziniert von den Ideen unserer Kunden und motiviert, diese in Ger\u00e4te und OEM-Komponenten innovativ umzusetzen. Die Zufriedenheit unserer Kunden ist der Ma\u00dfstab unseres Handelns. Sichere Ger\u00e4te mit hohem innovativem Anspruch, die alle gesetzlichen und normativen Anforderungen erf\u00fcllen. Liefertreue und die konsequente Einhaltung gesteckter Kostenrahmen. Zahlreiche [&hellip;]<\/p>\n","protected":false},"author":1,"featured_media":0,"parent":0,"menu_order":0,"comment_status":"closed","ping_status":"closed","template":"","meta":{"_acf_changed":false,"footnotes":""},"class_list":["post-175","page","type-page","status-publish","hentry"],"acf":[],"yoast_head":"<!-- This site is optimized with the Yoast SEO plugin v26.9 - https:\/\/yoast.com\/product\/yoast-seo-wordpress\/ -->\n<title>Mit Cybertron GmbH zum Erfolg \u2013 Unternehmensleitbild<\/title>\n<meta name=\"description\" content=\"Was f\u00fcr eine Zusammenarbeit mit der Cybertron GmbH in Berlin spricht? Der Kunde im Mittelpunkt allen Handelns und eine Reihe weiterer Erfolgsfaktoren.\" \/>\n<meta name=\"robots\" content=\"index, follow, max-snippet:-1, max-image-preview:large, max-video-preview:-1\" \/>\n<link rel=\"canonical\" href=\"https:\/\/www.cybertron.berlin\/de\/qualitaets-und-firmenpolitik\/\" \/>\n<meta property=\"og:locale\" content=\"de_DE\" \/>\n<meta property=\"og:type\" content=\"article\" \/>\n<meta property=\"og:title\" content=\"Mit Cybertron GmbH zum Erfolg \u2013 Unternehmensleitbild\" \/>\n<meta property=\"og:description\" content=\"Was f\u00fcr eine Zusammenarbeit mit der Cybertron GmbH in Berlin spricht? Der Kunde im Mittelpunkt allen Handelns und eine Reihe weiterer Erfolgsfaktoren.\" \/>\n<meta property=\"og:url\" content=\"https:\/\/www.cybertron.berlin\/de\/qualitaets-und-firmenpolitik\/\" \/>\n<meta property=\"og:site_name\" content=\"CYBERTRON\" \/>\n<meta property=\"article:modified_time\" content=\"2025-11-06T08:12:25+00:00\" \/>\n<meta name=\"twitter:card\" content=\"summary_large_image\" \/>\n<meta name=\"twitter:label1\" content=\"Gesch\u00e4tzte Lesezeit\" \/>\n\t<meta name=\"twitter:data1\" content=\"3\u00a0Minuten\" \/>\n<script type=\"application\/ld+json\" class=\"yoast-schema-graph\">{\"@context\":\"https:\/\/schema.org\",\"@graph\":[{\"@type\":\"WebPage\",\"@id\":\"https:\/\/www.cybertron.berlin\/de\/qualitaets-und-firmenpolitik\/\",\"url\":\"https:\/\/www.cybertron.berlin\/de\/qualitaets-und-firmenpolitik\/\",\"name\":\"Mit Cybertron GmbH zum Erfolg \u2013 Unternehmensleitbild\",\"isPartOf\":{\"@id\":\"https:\/\/www.cybertron.berlin\/de\/#website\"},\"datePublished\":\"2022-10-21T12:01:51+00:00\",\"dateModified\":\"2025-11-06T08:12:25+00:00\",\"description\":\"Was f\u00fcr eine Zusammenarbeit mit der Cybertron GmbH in Berlin spricht? Der Kunde im Mittelpunkt allen Handelns und eine Reihe weiterer Erfolgsfaktoren.\",\"breadcrumb\":{\"@id\":\"https:\/\/www.cybertron.berlin\/de\/qualitaets-und-firmenpolitik\/#breadcrumb\"},\"inLanguage\":\"de\",\"potentialAction\":[{\"@type\":\"ReadAction\",\"target\":[\"https:\/\/www.cybertron.berlin\/de\/qualitaets-und-firmenpolitik\/\"]}]},{\"@type\":\"BreadcrumbList\",\"@id\":\"https:\/\/www.cybertron.berlin\/de\/qualitaets-und-firmenpolitik\/#breadcrumb\",\"itemListElement\":[{\"@type\":\"ListItem\",\"position\":1,\"name\":\"Startseite\",\"item\":\"https:\/\/www.cybertron.berlin\/de\/\"},{\"@type\":\"ListItem\",\"position\":2,\"name\":\"Qualit\u00e4ts- und Firmenpolitik\"}]},{\"@type\":\"WebSite\",\"@id\":\"https:\/\/www.cybertron.berlin\/de\/#website\",\"url\":\"https:\/\/www.cybertron.berlin\/de\/\",\"name\":\"CYBERTRON\",\"description\":\"Willkommen bei CYBERTRON in Berlin!\",\"publisher\":{\"@id\":\"https:\/\/www.cybertron.berlin\/de\/#organization\"},\"potentialAction\":[{\"@type\":\"SearchAction\",\"target\":{\"@type\":\"EntryPoint\",\"urlTemplate\":\"https:\/\/www.cybertron.berlin\/de\/?s={search_term_string}\"},\"query-input\":{\"@type\":\"PropertyValueSpecification\",\"valueRequired\":true,\"valueName\":\"search_term_string\"}}],\"inLanguage\":\"de\"},{\"@type\":\"Organization\",\"@id\":\"https:\/\/www.cybertron.berlin\/de\/#organization\",\"name\":\"CYBERTRON GmbH\",\"url\":\"https:\/\/www.cybertron.berlin\/de\/\",\"logo\":{\"@type\":\"ImageObject\",\"inLanguage\":\"de\",\"@id\":\"https:\/\/www.cybertron.berlin\/de\/#\/schema\/logo\/image\/\",\"url\":\"https:\/\/www.cybertron.berlin\/wp-content\/uploads\/Cybertron-Logo.png\",\"contentUrl\":\"https:\/\/www.cybertron.berlin\/wp-content\/uploads\/Cybertron-Logo.png\",\"width\":2126,\"height\":413,\"caption\":\"CYBERTRON GmbH\"},\"image\":{\"@id\":\"https:\/\/www.cybertron.berlin\/de\/#\/schema\/logo\/image\/\"}}]}<\/script>\n<!-- \/ Yoast SEO plugin. -->","yoast_head_json":{"title":"Mit Cybertron GmbH zum Erfolg \u2013 Unternehmensleitbild","description":"Was f\u00fcr eine Zusammenarbeit mit der Cybertron GmbH in Berlin spricht? Der Kunde im Mittelpunkt allen Handelns und eine Reihe weiterer Erfolgsfaktoren.","robots":{"index":"index","follow":"follow","max-snippet":"max-snippet:-1","max-image-preview":"max-image-preview:large","max-video-preview":"max-video-preview:-1"},"canonical":"https:\/\/www.cybertron.berlin\/de\/qualitaets-und-firmenpolitik\/","og_locale":"de_DE","og_type":"article","og_title":"Mit Cybertron GmbH zum Erfolg \u2013 Unternehmensleitbild","og_description":"Was f\u00fcr eine Zusammenarbeit mit der Cybertron GmbH in Berlin spricht? Der Kunde im Mittelpunkt allen Handelns und eine Reihe weiterer Erfolgsfaktoren.","og_url":"https:\/\/www.cybertron.berlin\/de\/qualitaets-und-firmenpolitik\/","og_site_name":"CYBERTRON","article_modified_time":"2025-11-06T08:12:25+00:00","twitter_card":"summary_large_image","twitter_misc":{"Gesch\u00e4tzte Lesezeit":"3\u00a0Minuten"},"schema":{"@context":"https:\/\/schema.org","@graph":[{"@type":"WebPage","@id":"https:\/\/www.cybertron.berlin\/de\/qualitaets-und-firmenpolitik\/","url":"https:\/\/www.cybertron.berlin\/de\/qualitaets-und-firmenpolitik\/","name":"Mit Cybertron GmbH zum Erfolg \u2013 Unternehmensleitbild","isPartOf":{"@id":"https:\/\/www.cybertron.berlin\/de\/#website"},"datePublished":"2022-10-21T12:01:51+00:00","dateModified":"2025-11-06T08:12:25+00:00","description":"Was f\u00fcr eine Zusammenarbeit mit der Cybertron GmbH in Berlin spricht? Der Kunde im Mittelpunkt allen Handelns und eine Reihe weiterer Erfolgsfaktoren.","breadcrumb":{"@id":"https:\/\/www.cybertron.berlin\/de\/qualitaets-und-firmenpolitik\/#breadcrumb"},"inLanguage":"de","potentialAction":[{"@type":"ReadAction","target":["https:\/\/www.cybertron.berlin\/de\/qualitaets-und-firmenpolitik\/"]}]},{"@type":"BreadcrumbList","@id":"https:\/\/www.cybertron.berlin\/de\/qualitaets-und-firmenpolitik\/#breadcrumb","itemListElement":[{"@type":"ListItem","position":1,"name":"Startseite","item":"https:\/\/www.cybertron.berlin\/de\/"},{"@type":"ListItem","position":2,"name":"Qualit\u00e4ts- und Firmenpolitik"}]},{"@type":"WebSite","@id":"https:\/\/www.cybertron.berlin\/de\/#website","url":"https:\/\/www.cybertron.berlin\/de\/","name":"CYBERTRON","description":"Willkommen bei CYBERTRON in Berlin!","publisher":{"@id":"https:\/\/www.cybertron.berlin\/de\/#organization"},"potentialAction":[{"@type":"SearchAction","target":{"@type":"EntryPoint","urlTemplate":"https:\/\/www.cybertron.berlin\/de\/?s={search_term_string}"},"query-input":{"@type":"PropertyValueSpecification","valueRequired":true,"valueName":"search_term_string"}}],"inLanguage":"de"},{"@type":"Organization","@id":"https:\/\/www.cybertron.berlin\/de\/#organization","name":"CYBERTRON GmbH","url":"https:\/\/www.cybertron.berlin\/de\/","logo":{"@type":"ImageObject","inLanguage":"de","@id":"https:\/\/www.cybertron.berlin\/de\/#\/schema\/logo\/image\/","url":"https:\/\/www.cybertron.berlin\/wp-content\/uploads\/Cybertron-Logo.png","contentUrl":"https:\/\/www.cybertron.berlin\/wp-content\/uploads\/Cybertron-Logo.png","width":2126,"height":413,"caption":"CYBERTRON GmbH"},"image":{"@id":"https:\/\/www.cybertron.berlin\/de\/#\/schema\/logo\/image\/"}}]}},"_links":{"self":[{"href":"https:\/\/www.cybertron.berlin\/de\/wp-json\/wp\/v2\/pages\/175","targetHints":{"allow":["GET"]}}],"collection":[{"href":"https:\/\/www.cybertron.berlin\/de\/wp-json\/wp\/v2\/pages"}],"about":[{"href":"https:\/\/www.cybertron.berlin\/de\/wp-json\/wp\/v2\/types\/page"}],"author":[{"embeddable":true,"href":"https:\/\/www.cybertron.berlin\/de\/wp-json\/wp\/v2\/users\/1"}],"replies":[{"embeddable":true,"href":"https:\/\/www.cybertron.berlin\/de\/wp-json\/wp\/v2\/comments?post=175"}],"version-history":[{"count":41,"href":"https:\/\/www.cybertron.berlin\/de\/wp-json\/wp\/v2\/pages\/175\/revisions"}],"predecessor-version":[{"id":1706,"href":"https:\/\/www.cybertron.berlin\/de\/wp-json\/wp\/v2\/pages\/175\/revisions\/1706"}],"wp:attachment":[{"href":"https:\/\/www.cybertron.berlin\/de\/wp-json\/wp\/v2\/media?parent=175"}],"curies":[{"name":"wp","href":"https:\/\/api.w.org\/{rel}","templated":true}]}}