{"id":155,"date":"2022-10-21T13:30:17","date_gmt":"2022-10-21T11:30:17","guid":{"rendered":"https:\/\/www.cybertron.berlin\/?page_id=155"},"modified":"2024-06-26T14:45:53","modified_gmt":"2024-06-26T12:45:53","slug":"team","status":"publish","type":"page","link":"https:\/\/www.cybertron.berlin\/de\/team\/","title":{"rendered":"Team"},"content":{"rendered":"<div id=\"pl-155\"  class=\"panel-layout\" ><div id=\"pg-155-0\"  class=\"panel-grid panel-has-style\" ><div class=\"uk-background-muted siteorigin-panels-stretch panel-row-style panel-row-style-for-155-0\" data-stretch-type=\"full\" ><div id=\"pgc-155-0-0\"  class=\"panel-grid-cell\" ><div id=\"panel-155-0-0-0\" class=\"so-panel widget widget_sow-editor panel-first-child panel-last-child\" data-index=\"0\" ><div\n\t\t\t\n\t\t\tclass=\"so-widget-sow-editor so-widget-sow-editor-base\"\n\t\t\t\n\t\t>\n<div class=\"siteorigin-widget-tinymce textwidget\">\n\t<h1>Hinter jedem Unternehmen steht ein starkes Team<\/h1>\n<p class=\"uk-text-large\">Lernen Sie die Mitarbeiter von CYBERTRON kennen<\/p>\n<p>Fundiertes Fachwissen, unersch\u00f6pfliches Engagement und ein gro\u00dfes Ma\u00df an Flexibilit\u00e4t. Das zeichnet das Team der CYBERTRON GmbH in Berlin aus. Eine gute Mischung, die auch Nachwuchstalenten zu Gute kommt.<\/p>\n<p>Es handelt sich bei der CYBERTRON GmbH um ein relativ junges Unternehmen. Das trotzdem mit langj\u00e4hriger Erfahrung punktet. Denn das engagierte Team des Berliner Unternehmens verbindet eine sehr viel l\u00e4ngere Geschichte, als man auf den ersten Blick vermuten w\u00fcrde.<\/p>\n<\/div>\n<\/div><\/div><\/div><div id=\"pgc-155-0-1\"  class=\"panel-grid-cell\" ><div id=\"panel-155-0-1-0\" class=\"so-panel widget widget_fn-image-slider panel-first-child panel-last-child\" data-index=\"1\" ><div\n\t\t\t\n\t\t\tclass=\"so-widget-fn-image-slider so-widget-fn-image-slider-base\"\n\t\t\t\n\t\t><div class=\"fn-slideshow uk-position-relative uk-light\" uk-slideshow=\"autoplay-interval:4000;autoplay:true;animation:fade;ratio:16:9\">\n    <ul class=\"uk-slideshow-items\"><li><img loading=\"lazy\" decoding=\"async\" uk-cover  width=\"768\" height=\"512\" src=\"https:\/\/www.cybertron.berlin\/wp-content\/uploads\/5G1A9559-768x512.jpg\" class=\"attachment-medium_large size-medium_large\" alt=\"CYBERTRON Berlin Team\" srcset=\"https:\/\/www.cybertron.berlin\/wp-content\/uploads\/5G1A9559-768x512.jpg 768w, https:\/\/www.cybertron.berlin\/wp-content\/uploads\/5G1A9559-300x200.jpg 300w, https:\/\/www.cybertron.berlin\/wp-content\/uploads\/5G1A9559-1024x683.jpg 1024w, https:\/\/www.cybertron.berlin\/wp-content\/uploads\/5G1A9559-1536x1024.jpg 1536w, https:\/\/www.cybertron.berlin\/wp-content\/uploads\/5G1A9559-2048x1365.jpg 2048w\" sizes=\"auto, (max-width: 768px) 100vw, 768px\" \/><\/li><li><img loading=\"lazy\" decoding=\"async\" uk-cover  width=\"768\" height=\"576\" src=\"https:\/\/www.cybertron.berlin\/wp-content\/uploads\/20221115_093334-768x576.jpg\" class=\"attachment-medium_large size-medium_large\" alt=\"\" srcset=\"https:\/\/www.cybertron.berlin\/wp-content\/uploads\/20221115_093334-768x576.jpg 768w, https:\/\/www.cybertron.berlin\/wp-content\/uploads\/20221115_093334-300x225.jpg 300w, https:\/\/www.cybertron.berlin\/wp-content\/uploads\/20221115_093334-1024x768.jpg 1024w, https:\/\/www.cybertron.berlin\/wp-content\/uploads\/20221115_093334-1536x1152.jpg 1536w, https:\/\/www.cybertron.berlin\/wp-content\/uploads\/20221115_093334-2048x1536.jpg 2048w\" sizes=\"auto, (max-width: 768px) 100vw, 768px\" \/><\/li><\/ul>\n    <a class=\"fn-slidenav fn-text-shadow uk-position-center-left uk-position-small uk-slidenav-large uk-text-large\" href=\"#\" uk-slideshow-item=\"previous\"><i class=\"fal fa-chevron-left\"><\/i><\/a>\n    <a class=\"fn-slidenav fn-text-shadow uk-position-center-right uk-position-small uk-slidenav-large uk-text-large\" href=\"#\" uk-slideshow-item=\"next\"><i class=\"fal fa-chevron-right\"><\/i><\/a>\n    <ul class=\"uk-slideshow-nav uk-light uk-dotnav uk-flex-center uk-margin uk-position-bottom uk-margin-bottom\"><\/ul>\n  <\/div><\/div><\/div><\/div><\/div><\/div><div id=\"pg-155-1\"  class=\"panel-grid panel-no-style\" ><div id=\"pgc-155-1-0\"  class=\"panel-grid-cell\" ><div id=\"panel-155-1-0-0\" class=\"so-panel widget widget_sow-editor panel-first-child panel-last-child\" data-index=\"2\" ><div\n\t\t\t\n\t\t\tclass=\"so-widget-sow-editor so-widget-sow-editor-base\"\n\t\t\t\n\t\t>\n<div class=\"siteorigin-widget-tinymce textwidget\">\n\t<h2>Das Wirken der Menschen hinter CYBERTRON<\/h2>\n<p>CYBERTRON besteht aus einem kleinen, dynamischen Team \u2013 wobei jeder einzelne Mitarbeiter langj\u00e4hrige Erfahrung in seinem Kompetenzbereich vorweisen kann.<\/p>\n<p>Vom ersten Treffen im Jahr 1985 bis zur Selbstst\u00e4ndigkeit war es langer und spannender Weg. Ein Weg, der von stetiger Weiterentwicklung und Ausweitung des Wirkungskreises gepr\u00e4gt war. Und auch in Zukunft gepr\u00e4gt sein wird.<\/p>\n<\/div>\n<\/div><\/div><\/div><div id=\"pgc-155-1-1\"  class=\"panel-grid-cell\" ><div id=\"panel-155-1-1-0\" class=\"so-panel widget widget_sow-editor panel-first-child panel-last-child\" data-index=\"3\" ><div class=\"fn-padding-medium uk-box-shadow-medium panel-widget-style panel-widget-style-for-155-1-1-0\" ><div\n\t\t\t\n\t\t\tclass=\"so-widget-sow-editor so-widget-sow-editor-base\"\n\t\t\t\n\t\t>\n<div class=\"siteorigin-widget-tinymce textwidget\">\n\t<p class=\"uk-text-large\">Das Team\u2026<\/p>\n<ul class=\"fn-list-arrow\">\n<li>begegnete sich erstmalig 1985 im \"Innovations- und Gr\u00fcnderzentrum\" in der Ackerstrasse in Berlin<\/li>\n<li>entwickelt seit 1990 Dosiersysteme f\u00fcr die SMD-Technik<\/li>\n<li>entwickelt seit 1991 komplexe Servomotorsteuerungen<\/li>\n<li>entwickelt seit 1998 Maschinen f\u00fcr die Laborautomation<\/li>\n<li>zwischen 2001-2012 erwarben wir Qualifikationen im Projektmanagement und in der Ger\u00e4teentwicklung f\u00fcr den Labor- und Medizinbereich<\/li>\n<li>gr\u00fcndete 2012 die Calantec-Antriebstechnik GmbH<\/li>\n<li>ist seit 2015 als Cybertron GmbH f\u00fcr Sie da<\/li>\n<\/ul>\n<\/div>\n<\/div><\/div><\/div><\/div><\/div><div id=\"pg-155-2\"  class=\"panel-grid panel-no-style\" ><div id=\"pgc-155-2-0\"  class=\"panel-grid-cell\" ><div id=\"panel-155-2-0-0\" class=\"widget_text so-panel widget widget_custom_html panel-first-child panel-last-child\" data-index=\"4\" ><div class=\"textwidget custom-html-widget\"><hr \/><\/div><\/div><\/div><\/div><div id=\"pg-155-3\"  class=\"panel-grid panel-no-style\" ><div id=\"pgc-155-3-0\"  class=\"panel-grid-cell\" ><div id=\"panel-155-3-0-0\" class=\"so-panel widget widget_sow-editor panel-first-child panel-last-child\" data-index=\"5\" ><div\n\t\t\t\n\t\t\tclass=\"so-widget-sow-editor so-widget-sow-editor-base\"\n\t\t\t\n\t\t>\n<div class=\"siteorigin-widget-tinymce textwidget\">\n\t<h2>Langj\u00e4hrige Erfahrung weitergeben<\/h2>\n<p>Fundiertes Fachwissen an j\u00fcngere Generationen weitergeben. Dieser sch\u00f6nen Aufgabe kommt CYBERTRON als Ausbildungsbetrieb der IHK Berlin gerne nach. Doch nicht nur die Jugend, jeder kann von der Erfahrung der Mitarbeiter profitieren. Werfen Sie einen Blick auf die Philosophie, Produkte und Dienstleistungen des Unternehmens. Und lassen Sie das kompetente Team von CYBERTRON wissen, womit es Ihnen behilflich sein kann.<\/p>\n<\/div>\n<\/div><\/div><\/div><div id=\"pgc-155-3-1\"  class=\"panel-grid-cell\" ><div id=\"panel-155-3-1-0\" class=\"so-panel widget widget_sow-image panel-first-child panel-last-child\" data-index=\"6\" ><div\n\t\t\t\n\t\t\tclass=\"so-widget-sow-image so-widget-sow-image-default-c67d20f9f743-155\"\n\t\t\t\n\t\t>\n<div class=\"sow-image-container\">\n\t\t<img \n\tsrc=\"https:\/\/www.cybertron.berlin\/wp-content\/uploads\/Cybertron-Logo-1024x199.png\" width=\"1024\" height=\"199\" srcset=\"https:\/\/www.cybertron.berlin\/wp-content\/uploads\/Cybertron-Logo-1024x199.png 1024w, https:\/\/www.cybertron.berlin\/wp-content\/uploads\/Cybertron-Logo-300x58.png 300w, https:\/\/www.cybertron.berlin\/wp-content\/uploads\/Cybertron-Logo-768x149.png 768w, https:\/\/www.cybertron.berlin\/wp-content\/uploads\/Cybertron-Logo-1536x298.png 1536w, https:\/\/www.cybertron.berlin\/wp-content\/uploads\/Cybertron-Logo-2048x398.png 2048w\" sizes=\"(max-width: 1024px) 100vw, 1024px\" alt=\"\" \t\tclass=\"so-widget-image\"\/>\n\t<\/div>\n\n<\/div><\/div><\/div><\/div><\/div>","protected":false},"excerpt":{"rendered":"<p>Hinter jedem Unternehmen steht ein starkes Team Lernen Sie die Mitarbeiter von CYBERTRON kennen Fundiertes Fachwissen, unersch\u00f6pfliches Engagement und ein gro\u00dfes Ma\u00df an Flexibilit\u00e4t. Das zeichnet das Team der CYBERTRON GmbH in Berlin aus. Eine gute Mischung, die auch Nachwuchstalenten zu Gute kommt. Es handelt sich bei der CYBERTRON GmbH um ein relativ junges Unternehmen. [&hellip;]<\/p>\n","protected":false},"author":1,"featured_media":0,"parent":0,"menu_order":0,"comment_status":"closed","ping_status":"closed","template":"","meta":{"_acf_changed":false,"footnotes":""},"class_list":["post-155","page","type-page","status-publish","hentry"],"acf":[],"yoast_head":"<!-- This site is optimized with the Yoast SEO plugin v26.9 - https:\/\/yoast.com\/product\/yoast-seo-wordpress\/ -->\n<title>Das Team der Cybertron GmbH<\/title>\n<meta name=\"description\" content=\"Hinter jedem Unternehmen steht ein starkes Team. Lesen Sie, was die Mitarbeiter von Cybertron GmbH in Berlin auszeichnet.\" \/>\n<meta name=\"robots\" content=\"index, follow, max-snippet:-1, max-image-preview:large, max-video-preview:-1\" \/>\n<link rel=\"canonical\" href=\"https:\/\/www.cybertron.berlin\/de\/team\/\" \/>\n<meta property=\"og:locale\" content=\"de_DE\" \/>\n<meta property=\"og:type\" content=\"article\" \/>\n<meta property=\"og:title\" content=\"Das Team der Cybertron GmbH\" \/>\n<meta property=\"og:description\" content=\"Hinter jedem Unternehmen steht ein starkes Team. Lesen Sie, was die Mitarbeiter von Cybertron GmbH in Berlin auszeichnet.\" \/>\n<meta property=\"og:url\" content=\"https:\/\/www.cybertron.berlin\/de\/team\/\" \/>\n<meta property=\"og:site_name\" content=\"CYBERTRON\" \/>\n<meta property=\"article:modified_time\" content=\"2024-06-26T12:45:53+00:00\" \/>\n<meta name=\"twitter:card\" content=\"summary_large_image\" \/>\n<meta name=\"twitter:label1\" content=\"Gesch\u00e4tzte Lesezeit\" \/>\n\t<meta name=\"twitter:data1\" content=\"3\u00a0Minuten\" \/>\n<script type=\"application\/ld+json\" class=\"yoast-schema-graph\">{\"@context\":\"https:\/\/schema.org\",\"@graph\":[{\"@type\":\"WebPage\",\"@id\":\"https:\/\/www.cybertron.berlin\/de\/team\/\",\"url\":\"https:\/\/www.cybertron.berlin\/de\/team\/\",\"name\":\"Das Team der Cybertron GmbH\",\"isPartOf\":{\"@id\":\"https:\/\/www.cybertron.berlin\/de\/#website\"},\"datePublished\":\"2022-10-21T11:30:17+00:00\",\"dateModified\":\"2024-06-26T12:45:53+00:00\",\"description\":\"Hinter jedem Unternehmen steht ein starkes Team. Lesen Sie, was die Mitarbeiter von Cybertron GmbH in Berlin auszeichnet.\",\"breadcrumb\":{\"@id\":\"https:\/\/www.cybertron.berlin\/de\/team\/#breadcrumb\"},\"inLanguage\":\"de\",\"potentialAction\":[{\"@type\":\"ReadAction\",\"target\":[\"https:\/\/www.cybertron.berlin\/de\/team\/\"]}]},{\"@type\":\"BreadcrumbList\",\"@id\":\"https:\/\/www.cybertron.berlin\/de\/team\/#breadcrumb\",\"itemListElement\":[{\"@type\":\"ListItem\",\"position\":1,\"name\":\"Startseite\",\"item\":\"https:\/\/www.cybertron.berlin\/de\/\"},{\"@type\":\"ListItem\",\"position\":2,\"name\":\"Team\"}]},{\"@type\":\"WebSite\",\"@id\":\"https:\/\/www.cybertron.berlin\/de\/#website\",\"url\":\"https:\/\/www.cybertron.berlin\/de\/\",\"name\":\"CYBERTRON\",\"description\":\"Willkommen bei CYBERTRON in Berlin!\",\"publisher\":{\"@id\":\"https:\/\/www.cybertron.berlin\/de\/#organization\"},\"potentialAction\":[{\"@type\":\"SearchAction\",\"target\":{\"@type\":\"EntryPoint\",\"urlTemplate\":\"https:\/\/www.cybertron.berlin\/de\/?s={search_term_string}\"},\"query-input\":{\"@type\":\"PropertyValueSpecification\",\"valueRequired\":true,\"valueName\":\"search_term_string\"}}],\"inLanguage\":\"de\"},{\"@type\":\"Organization\",\"@id\":\"https:\/\/www.cybertron.berlin\/de\/#organization\",\"name\":\"CYBERTRON GmbH\",\"url\":\"https:\/\/www.cybertron.berlin\/de\/\",\"logo\":{\"@type\":\"ImageObject\",\"inLanguage\":\"de\",\"@id\":\"https:\/\/www.cybertron.berlin\/de\/#\/schema\/logo\/image\/\",\"url\":\"https:\/\/www.cybertron.berlin\/wp-content\/uploads\/Cybertron-Logo.png\",\"contentUrl\":\"https:\/\/www.cybertron.berlin\/wp-content\/uploads\/Cybertron-Logo.png\",\"width\":2126,\"height\":413,\"caption\":\"CYBERTRON GmbH\"},\"image\":{\"@id\":\"https:\/\/www.cybertron.berlin\/de\/#\/schema\/logo\/image\/\"}}]}<\/script>\n<!-- \/ Yoast SEO plugin. -->","yoast_head_json":{"title":"Das Team der Cybertron GmbH","description":"Hinter jedem Unternehmen steht ein starkes Team. Lesen Sie, was die Mitarbeiter von Cybertron GmbH in Berlin auszeichnet.","robots":{"index":"index","follow":"follow","max-snippet":"max-snippet:-1","max-image-preview":"max-image-preview:large","max-video-preview":"max-video-preview:-1"},"canonical":"https:\/\/www.cybertron.berlin\/de\/team\/","og_locale":"de_DE","og_type":"article","og_title":"Das Team der Cybertron GmbH","og_description":"Hinter jedem Unternehmen steht ein starkes Team. Lesen Sie, was die Mitarbeiter von Cybertron GmbH in Berlin auszeichnet.","og_url":"https:\/\/www.cybertron.berlin\/de\/team\/","og_site_name":"CYBERTRON","article_modified_time":"2024-06-26T12:45:53+00:00","twitter_card":"summary_large_image","twitter_misc":{"Gesch\u00e4tzte Lesezeit":"3\u00a0Minuten"},"schema":{"@context":"https:\/\/schema.org","@graph":[{"@type":"WebPage","@id":"https:\/\/www.cybertron.berlin\/de\/team\/","url":"https:\/\/www.cybertron.berlin\/de\/team\/","name":"Das Team der Cybertron GmbH","isPartOf":{"@id":"https:\/\/www.cybertron.berlin\/de\/#website"},"datePublished":"2022-10-21T11:30:17+00:00","dateModified":"2024-06-26T12:45:53+00:00","description":"Hinter jedem Unternehmen steht ein starkes Team. Lesen Sie, was die Mitarbeiter von Cybertron GmbH in Berlin auszeichnet.","breadcrumb":{"@id":"https:\/\/www.cybertron.berlin\/de\/team\/#breadcrumb"},"inLanguage":"de","potentialAction":[{"@type":"ReadAction","target":["https:\/\/www.cybertron.berlin\/de\/team\/"]}]},{"@type":"BreadcrumbList","@id":"https:\/\/www.cybertron.berlin\/de\/team\/#breadcrumb","itemListElement":[{"@type":"ListItem","position":1,"name":"Startseite","item":"https:\/\/www.cybertron.berlin\/de\/"},{"@type":"ListItem","position":2,"name":"Team"}]},{"@type":"WebSite","@id":"https:\/\/www.cybertron.berlin\/de\/#website","url":"https:\/\/www.cybertron.berlin\/de\/","name":"CYBERTRON","description":"Willkommen bei CYBERTRON in Berlin!","publisher":{"@id":"https:\/\/www.cybertron.berlin\/de\/#organization"},"potentialAction":[{"@type":"SearchAction","target":{"@type":"EntryPoint","urlTemplate":"https:\/\/www.cybertron.berlin\/de\/?s={search_term_string}"},"query-input":{"@type":"PropertyValueSpecification","valueRequired":true,"valueName":"search_term_string"}}],"inLanguage":"de"},{"@type":"Organization","@id":"https:\/\/www.cybertron.berlin\/de\/#organization","name":"CYBERTRON GmbH","url":"https:\/\/www.cybertron.berlin\/de\/","logo":{"@type":"ImageObject","inLanguage":"de","@id":"https:\/\/www.cybertron.berlin\/de\/#\/schema\/logo\/image\/","url":"https:\/\/www.cybertron.berlin\/wp-content\/uploads\/Cybertron-Logo.png","contentUrl":"https:\/\/www.cybertron.berlin\/wp-content\/uploads\/Cybertron-Logo.png","width":2126,"height":413,"caption":"CYBERTRON GmbH"},"image":{"@id":"https:\/\/www.cybertron.berlin\/de\/#\/schema\/logo\/image\/"}}]}},"_links":{"self":[{"href":"https:\/\/www.cybertron.berlin\/de\/wp-json\/wp\/v2\/pages\/155","targetHints":{"allow":["GET"]}}],"collection":[{"href":"https:\/\/www.cybertron.berlin\/de\/wp-json\/wp\/v2\/pages"}],"about":[{"href":"https:\/\/www.cybertron.berlin\/de\/wp-json\/wp\/v2\/types\/page"}],"author":[{"embeddable":true,"href":"https:\/\/www.cybertron.berlin\/de\/wp-json\/wp\/v2\/users\/1"}],"replies":[{"embeddable":true,"href":"https:\/\/www.cybertron.berlin\/de\/wp-json\/wp\/v2\/comments?post=155"}],"version-history":[{"count":25,"href":"https:\/\/www.cybertron.berlin\/de\/wp-json\/wp\/v2\/pages\/155\/revisions"}],"predecessor-version":[{"id":1036,"href":"https:\/\/www.cybertron.berlin\/de\/wp-json\/wp\/v2\/pages\/155\/revisions\/1036"}],"wp:attachment":[{"href":"https:\/\/www.cybertron.berlin\/de\/wp-json\/wp\/v2\/media?parent=155"}],"curies":[{"name":"wp","href":"https:\/\/api.w.org\/{rel}","templated":true}]}}